{"id":488,"date":"2023-04-12T20:15:22","date_gmt":"2023-04-12T20:15:22","guid":{"rendered":"https:\/\/imariquique.bdigital.cl\/?page_id=488"},"modified":"2025-08-11T15:26:44","modified_gmt":"2025-08-11T19:26:44","slug":"electricidad","status":"publish","type":"page","link":"https:\/\/imariquique.cl\/inicio\/electricidad\/","title":{"rendered":"Electricidad"},"content":{"rendered":"\t\t<div data-elementor-type=\"wp-page\" data-elementor-id=\"488\" class=\"elementor elementor-488\" data-elementor-post-type=\"page\">\n\t\t\t\t<div class=\"elementor-element elementor-element-567804b e-con-full e-flex e-con e-parent\" data-id=\"567804b\" data-element_type=\"container\" data-e-type=\"container\" data-settings=\"{&quot;background_background&quot;:&quot;classic&quot;}\">\n\t\t<div class=\"elementor-element elementor-element-df58b7c e-con-full e-flex e-con e-child\" data-id=\"df58b7c\" data-element_type=\"container\" data-e-type=\"container\" data-settings=\"{&quot;background_background&quot;:&quot;classic&quot;}\">\n\t\t\t\t<\/div>\n\t\t\t\t<\/div>\n\t\t<div class=\"elementor-element elementor-element-db09773 e-flex e-con-boxed e-con e-parent\" data-id=\"db09773\" data-element_type=\"container\" data-e-type=\"container\">\n\t\t\t\t\t<div class=\"e-con-inner\">\n\t\t\t\t<div class=\"elementor-element elementor-element-dc5e685 elementor-widget elementor-widget-text-editor\" data-id=\"dc5e685\" data-element_type=\"widget\" data-e-type=\"widget\" data-widget_type=\"text-editor.default\">\n\t\t\t\t<div class=\"elementor-widget-container\">\n\t\t\t\t\t\t\t\t\t<p class=\"p1\" style=\"text-align: justify;\">La especialidad de Electricidad est\u00e1 orientada a las actividades de distribuci\u00f3n de energ\u00eda el\u00e9ctrica hacia los puntos de consumo, con un enfoque espec\u00edfico en las instalaciones que permiten su correcta recepci\u00f3n y utilizaci\u00f3n. Este campo profesional mantiene una estrecha relaci\u00f3n con la din\u00e1mica econ\u00f3mica del sector de la construcci\u00f3n, las energ\u00edas renovables no convencionales y m\u00faltiples \u00e1reas productivas.<\/p>\n<p class=\"p1\" style=\"text-align: justify;\">Un aspecto clave de esta especialidad es su <b>car\u00e1cter transversal<\/b>: la formaci\u00f3n en electricidad abre oportunidades laborales en pr\u00e1cticamente todos los sectores productivos y de servicios. Desde la miner\u00eda, la industria en general, empresas de generaci\u00f3n, transmisi\u00f3n y distribuci\u00f3n el\u00e9ctrica, hasta edificios, centros comerciales, hospitales, viviendas y todo tipo de infraestructura. All\u00ed donde se requiera energ\u00eda, un t\u00e9cnico electricista calificado ser\u00e1 fundamental.<\/p>\n<p class=\"p1\" style=\"text-align: justify;\">El objetivo de esta formaci\u00f3n es preparar <b>t\u00e9cnicos de nivel medio<\/b> capaces de incorporarse a los primeros pelda\u00f1os de la jerarqu\u00eda ocupacional de especialistas en electricidad, con la proyecci\u00f3n de continuar estudios en instituciones de educaci\u00f3n superior y ampliar sus competencias t\u00e9cnicas.<\/p>\t\t\t\t\t\t\t\t<\/div>\n\t\t\t\t<\/div>\n\t\t\t\t\t<\/div>\n\t\t\t\t<\/div>\n\t\t<div class=\"elementor-element elementor-element-35a24ee e-flex e-con-boxed e-con e-parent\" data-id=\"35a24ee\" data-element_type=\"container\" data-e-type=\"container\">\n\t\t\t\t\t<div class=\"e-con-inner\">\n\t\t<div class=\"elementor-element elementor-element-56d2b94 e-con-full e-flex e-con e-child\" data-id=\"56d2b94\" data-element_type=\"container\" data-e-type=\"container\">\n\t\t\t\t<div class=\"elementor-element elementor-element-8cddce2 elementor-widget elementor-widget-image\" data-id=\"8cddce2\" data-element_type=\"widget\" data-e-type=\"widget\" data-widget_type=\"image.default\">\n\t\t\t\t<div class=\"elementor-widget-container\">\n\t\t\t\t\t\t\t\t\t\t\t\t\t\t\t<img fetchpriority=\"high\" decoding=\"async\" width=\"800\" height=\"497\" src=\"https:\/\/imariquique.cl\/inicio\/wp-content\/uploads\/2024\/08\/bweb3-1024x636.jpg\" class=\"attachment-large size-large wp-image-2505\" alt=\"\" srcset=\"https:\/\/imariquique.cl\/inicio\/wp-content\/uploads\/2024\/08\/bweb3-1024x636.jpg 1024w, https:\/\/imariquique.cl\/inicio\/wp-content\/uploads\/2024\/08\/bweb3-300x186.jpg 300w, https:\/\/imariquique.cl\/inicio\/wp-content\/uploads\/2024\/08\/bweb3-768x477.jpg 768w, https:\/\/imariquique.cl\/inicio\/wp-content\/uploads\/2024\/08\/bweb3.jpg 1140w\" sizes=\"(max-width: 800px) 100vw, 800px\" \/>\t\t\t\t\t\t\t\t\t\t\t\t\t\t\t<\/div>\n\t\t\t\t<\/div>\n\t\t\t\t<\/div>\n\t\t<div class=\"elementor-element elementor-element-697e841 e-con-full e-flex e-con e-child\" data-id=\"697e841\" data-element_type=\"container\" data-e-type=\"container\">\n\t\t\t\t<div class=\"elementor-element elementor-element-6fbbb8d elementor-widget elementor-widget-text-editor\" data-id=\"6fbbb8d\" data-element_type=\"widget\" data-e-type=\"widget\" data-widget_type=\"text-editor.default\">\n\t\t\t\t<div class=\"elementor-widget-container\">\n\t\t\t\t\t\t\t\t\t<p class=\"p1\" style=\"text-align: justify;\">Quienes egresen estar\u00e1n en condiciones de desempe\u00f1arse como instaladores el\u00e9ctricos en domicilios, oficinas y empresas peque\u00f1as que operen en baja tensi\u00f3n (m\u00e1ximo 10 kW de potencia total), siempre que obtengan la licencia clase D otorgada por la Superintendencia de Electricidad y Combustibles. Asimismo, podr\u00e1n ejercer como ayudantes de mantenimiento el\u00e9ctrico en empresas de cualquier rubro que utilicen energ\u00eda de baja tensi\u00f3n en sus procesos productivos, tanto a nivel nacional como internacional, contribuyendo siempre a un trabajo seguro y a la preservaci\u00f3n del medio ambiente.<\/p>\n<p class=\"p1\" style=\"text-align: justify;\">La especialidad de Electricidad no solo forma profesionales t\u00e9cnicos: forma <b>soluciones humanas indispensables<\/b> para el desarrollo de la sociedad moderna.<\/p>\t\t\t\t\t\t\t\t<\/div>\n\t\t\t\t<\/div>\n\t\t\t\t<\/div>\n\t\t\t\t\t<\/div>\n\t\t\t\t<\/div>\n\t\t<div class=\"elementor-element elementor-element-d084841 e-con-full e-flex e-con e-parent\" data-id=\"d084841\" data-element_type=\"container\" data-e-type=\"container\">\n\t\t\t\t<div class=\"elementor-element elementor-element-084b924 elementor-widget__width-initial elementor-widget-mobile__width-initial elementor-widget-divider--view-line elementor-widget elementor-widget-divider\" data-id=\"084b924\" data-element_type=\"widget\" data-e-type=\"widget\" data-widget_type=\"divider.default\">\n\t\t\t\t<div class=\"elementor-widget-container\">\n\t\t\t\t\t\t\t<div class=\"elementor-divider\">\n\t\t\t<span class=\"elementor-divider-separator\">\n\t\t\t\t\t\t<\/span>\n\t\t<\/div>\n\t\t\t\t\t\t<\/div>\n\t\t\t\t<\/div>\n\t\t\t\t<div class=\"elementor-element elementor-element-e4b2227 elementor-widget__width-initial elementor-widget elementor-widget-heading\" data-id=\"e4b2227\" data-element_type=\"widget\" data-e-type=\"widget\" data-widget_type=\"heading.default\">\n\t\t\t\t<div class=\"elementor-widget-container\">\n\t\t\t\t\t<h2 class=\"elementor-heading-title elementor-size-default\"> Otras Especialidades<\/h2>\t\t\t\t<\/div>\n\t\t\t\t<\/div>\n\t\t\t\t<div class=\"elementor-element elementor-element-c0fec05 elementor-widget__width-initial elementor-widget-mobile__width-initial elementor-widget-divider--view-line elementor-widget elementor-widget-divider\" data-id=\"c0fec05\" data-element_type=\"widget\" data-e-type=\"widget\" data-widget_type=\"divider.default\">\n\t\t\t\t<div class=\"elementor-widget-container\">\n\t\t\t\t\t\t\t<div class=\"elementor-divider\">\n\t\t\t<span class=\"elementor-divider-separator\">\n\t\t\t\t\t\t<\/span>\n\t\t<\/div>\n\t\t\t\t\t\t<\/div>\n\t\t\t\t<\/div>\n\t\t\t\t<div class=\"elementor-element elementor-element-df723bf elementor-widget__width-initial elementor-widget-mobile__width-inherit elementor-view-default elementor-position-block-start elementor-mobile-position-block-start elementor-widget elementor-widget-icon-box\" data-id=\"df723bf\" data-element_type=\"widget\" data-e-type=\"widget\" data-widget_type=\"icon-box.default\">\n\t\t\t\t<div class=\"elementor-widget-container\">\n\t\t\t\t\t\t\t<div class=\"elementor-icon-box-wrapper\">\n\n\t\t\t\t\t\t<div class=\"elementor-icon-box-icon\">\n\t\t\t\t<a href=\"https:\/\/imariquique.cl\/inicio\/mecanica-industrial\/\" class=\"elementor-icon\" tabindex=\"-1\" aria-label=\" MEC\u00c1NICA INDUSTRIAL\">\n\t\t\t\t<svg xmlns=\"http:\/\/www.w3.org\/2000\/svg\" viewBox=\"0 0 576 512\"><path d=\"M64 32C46.3 32 32 46.3 32 64V304v48 80c0 26.5 21.5 48 48 48H496c26.5 0 48-21.5 48-48V304 152.2c0-18.2-19.4-29.7-35.4-21.1L352 215.4V152.2c0-18.2-19.4-29.7-35.4-21.1L160 215.4V64c0-17.7-14.3-32-32-32H64z\"><\/path><\/svg>\t\t\t\t<\/a>\n\t\t\t<\/div>\n\t\t\t\n\t\t\t\t\t\t<div class=\"elementor-icon-box-content\">\n\n\t\t\t\t\t\t\t\t\t<h3 class=\"elementor-icon-box-title\">\n\t\t\t\t\t\t<a href=\"https:\/\/imariquique.cl\/inicio\/mecanica-industrial\/\" >\n\t\t\t\t\t\t\t MEC\u00c1NICA INDUSTRIAL\t\t\t\t\t\t<\/a>\n\t\t\t\t\t<\/h3>\n\t\t\t\t\n\t\t\t\t\n\t\t\t<\/div>\n\t\t\t\n\t\t<\/div>\n\t\t\t\t\t\t<\/div>\n\t\t\t\t<\/div>\n\t\t\t\t<div class=\"elementor-element elementor-element-252b42d0 elementor-widget__width-initial elementor-widget-mobile__width-inherit elementor-widget-tablet__width-initial elementor-view-default elementor-position-block-start elementor-mobile-position-block-start elementor-widget elementor-widget-icon-box\" data-id=\"252b42d0\" data-element_type=\"widget\" data-e-type=\"widget\" data-widget_type=\"icon-box.default\">\n\t\t\t\t<div class=\"elementor-widget-container\">\n\t\t\t\t\t\t\t<div class=\"elementor-icon-box-wrapper\">\n\n\t\t\t\t\t\t<div class=\"elementor-icon-box-icon\">\n\t\t\t\t<a href=\"https:\/\/imariquique.cl\/inicio\/operaciones-portuarias\/\" class=\"elementor-icon\" tabindex=\"-1\" aria-label=\"OPERACI\u00d3N PORTUARIA\">\n\t\t\t\t<svg xmlns=\"http:\/\/www.w3.org\/2000\/svg\" viewBox=\"0 0 576 512\"><path d=\"M224 0H352c17.7 0 32 14.3 32 32h75.1c20.6 0 31.6 24.3 18.1 39.8L456 96H120L98.8 71.8C85.3 56.3 96.3 32 116.9 32H192c0-17.7 14.3-32 32-32zM96 128H480c17.7 0 32 14.3 32 32V283.5c0 13.3-4.2 26.3-11.9 37.2l-51.4 71.9c-1.9 1.1-3.7 2.2-5.5 3.5c-15.5 10.7-34 18-51 19.9H375.6c-17.1-1.8-35-9-50.8-19.9c-22.1-15.5-51.6-15.5-73.7 0c-14.8 10.2-32.5 18-50.6 19.9H183.9c-17-1.8-35.6-9.2-51-19.9c-1.8-1.3-3.7-2.4-5.6-3.5L75.9 320.7C68.2 309.8 64 296.8 64 283.5V160c0-17.7 14.3-32 32-32zm32 64v96H448V192H128zM306.5 421.9C329 437.4 356.5 448 384 448c26.9 0 55.3-10.8 77.4-26.1l0 0c11.9-8.5 28.1-7.8 39.2 1.7c14.4 11.9 32.5 21 50.6 25.2c17.2 4 27.9 21.2 23.9 38.4s-21.2 27.9-38.4 23.9c-24.5-5.7-44.9-16.5-58.2-25C449.5 501.7 417 512 384 512c-31.9 0-60.6-9.9-80.4-18.9c-5.8-2.7-11.1-5.3-15.6-7.7c-4.5 2.4-9.7 5.1-15.6 7.7c-19.8 9-48.5 18.9-80.4 18.9c-33 0-65.5-10.3-94.5-25.8c-13.4 8.4-33.7 19.3-58.2 25c-17.2 4-34.4-6.7-38.4-23.9s6.7-34.4 23.9-38.4c18.1-4.2 36.2-13.3 50.6-25.2c11.1-9.4 27.3-10.1 39.2-1.7l0 0C136.7 437.2 165.1 448 192 448c27.5 0 55-10.6 77.5-26.1c11.1-7.9 25.9-7.9 37 0z\"><\/path><\/svg>\t\t\t\t<\/a>\n\t\t\t<\/div>\n\t\t\t\n\t\t\t\t\t\t<div class=\"elementor-icon-box-content\">\n\n\t\t\t\t\t\t\t\t\t<h3 class=\"elementor-icon-box-title\">\n\t\t\t\t\t\t<a href=\"https:\/\/imariquique.cl\/inicio\/operaciones-portuarias\/\" >\n\t\t\t\t\t\t\tOPERACI\u00d3N PORTUARIA\t\t\t\t\t\t<\/a>\n\t\t\t\t\t<\/h3>\n\t\t\t\t\n\t\t\t\t\n\t\t\t<\/div>\n\t\t\t\n\t\t<\/div>\n\t\t\t\t\t\t<\/div>\n\t\t\t\t<\/div>\n\t\t\t\t<div class=\"elementor-element elementor-element-835ea93 elementor-widget__width-initial elementor-widget-mobile__width-inherit elementor-view-default elementor-position-block-start elementor-mobile-position-block-start elementor-widget elementor-widget-icon-box\" data-id=\"835ea93\" data-element_type=\"widget\" data-e-type=\"widget\" data-widget_type=\"icon-box.default\">\n\t\t\t\t<div class=\"elementor-widget-container\">\n\t\t\t\t\t\t\t<div class=\"elementor-icon-box-wrapper\">\n\n\t\t\t\t\t\t<div class=\"elementor-icon-box-icon\">\n\t\t\t\t<a href=\"https:\/\/imariquique.cl\/inicio\/mecanica-automotriz\/\" class=\"elementor-icon\" tabindex=\"-1\" aria-label=\"MEC\u00c1NICA AUTOMOTRIZ\">\n\t\t\t\t<svg aria-hidden=\"true\" class=\"e-font-icon-svg e-fas-tools\" viewBox=\"0 0 512 512\" xmlns=\"http:\/\/www.w3.org\/2000\/svg\"><path d=\"M501.1 395.7L384 278.6c-23.1-23.1-57.6-27.6-85.4-13.9L192 158.1V96L64 0 0 64l96 128h62.1l106.6 106.6c-13.6 27.8-9.2 62.3 13.9 85.4l117.1 117.1c14.6 14.6 38.2 14.6 52.7 0l52.7-52.7c14.5-14.6 14.5-38.2 0-52.7zM331.7 225c28.3 0 54.9 11 74.9 31l19.4 19.4c15.8-6.9 30.8-16.5 43.8-29.5 37.1-37.1 49.7-89.3 37.9-136.7-2.2-9-13.5-12.1-20.1-5.5l-74.4 74.4-67.9-11.3L334 98.9l74.4-74.4c6.6-6.6 3.4-17.9-5.7-20.2-47.4-11.7-99.6.9-136.6 37.9-28.5 28.5-41.9 66.1-41.2 103.6l82.1 82.1c8.1-1.9 16.5-2.9 24.7-2.9zm-103.9 82l-56.7-56.7L18.7 402.8c-25 25-25 65.5 0 90.5s65.5 25 90.5 0l123.6-123.6c-7.6-19.9-9.9-41.6-5-62.7zM64 472c-13.2 0-24-10.8-24-24 0-13.3 10.7-24 24-24s24 10.7 24 24c0 13.2-10.7 24-24 24z\"><\/path><\/svg>\t\t\t\t<\/a>\n\t\t\t<\/div>\n\t\t\t\n\t\t\t\t\t\t<div class=\"elementor-icon-box-content\">\n\n\t\t\t\t\t\t\t\t\t<h3 class=\"elementor-icon-box-title\">\n\t\t\t\t\t\t<a href=\"https:\/\/imariquique.cl\/inicio\/mecanica-automotriz\/\" >\n\t\t\t\t\t\t\tMEC\u00c1NICA AUTOMOTRIZ\t\t\t\t\t\t<\/a>\n\t\t\t\t\t<\/h3>\n\t\t\t\t\n\t\t\t\t\n\t\t\t<\/div>\n\t\t\t\n\t\t<\/div>\n\t\t\t\t\t\t<\/div>\n\t\t\t\t<\/div>\n\t\t\t\t<\/div>\n\t\t\t\t<\/div>\n\t\t","protected":false},"excerpt":{"rendered":"<p>La especialidad de Electricidad est\u00e1 orientada a las actividades de distribuci\u00f3n de energ\u00eda el\u00e9ctrica hacia los puntos de consumo, con un enfoque espec\u00edfico en las instalaciones que permiten su correcta recepci\u00f3n y utilizaci\u00f3n. Este campo profesional mantiene una estrecha relaci\u00f3n con la din\u00e1mica econ\u00f3mica del sector de la construcci\u00f3n, las energ\u00edas renovables no convencionales y [&hellip;]<\/p>\n","protected":false},"author":1,"featured_media":312,"parent":0,"menu_order":0,"comment_status":"closed","ping_status":"closed","template":"","meta":{"footnotes":""},"class_list":["post-488","page","type-page","status-publish","has-post-thumbnail","hentry"],"_links":{"self":[{"href":"https:\/\/imariquique.cl\/inicio\/wp-json\/wp\/v2\/pages\/488","targetHints":{"allow":["GET"]}}],"collection":[{"href":"https:\/\/imariquique.cl\/inicio\/wp-json\/wp\/v2\/pages"}],"about":[{"href":"https:\/\/imariquique.cl\/inicio\/wp-json\/wp\/v2\/types\/page"}],"author":[{"embeddable":true,"href":"https:\/\/imariquique.cl\/inicio\/wp-json\/wp\/v2\/users\/1"}],"replies":[{"embeddable":true,"href":"https:\/\/imariquique.cl\/inicio\/wp-json\/wp\/v2\/comments?post=488"}],"version-history":[{"count":19,"href":"https:\/\/imariquique.cl\/inicio\/wp-json\/wp\/v2\/pages\/488\/revisions"}],"predecessor-version":[{"id":3436,"href":"https:\/\/imariquique.cl\/inicio\/wp-json\/wp\/v2\/pages\/488\/revisions\/3436"}],"wp:featuredmedia":[{"embeddable":true,"href":"https:\/\/imariquique.cl\/inicio\/wp-json\/wp\/v2\/media\/312"}],"wp:attachment":[{"href":"https:\/\/imariquique.cl\/inicio\/wp-json\/wp\/v2\/media?parent=488"}],"curies":[{"name":"wp","href":"https:\/\/api.w.org\/{rel}","templated":true}]}}