{"id":461,"date":"2023-04-12T19:00:03","date_gmt":"2023-04-12T19:00:03","guid":{"rendered":"https:\/\/imariquique.bdigital.cl\/?page_id=461"},"modified":"2025-08-11T15:14:11","modified_gmt":"2025-08-11T19:14:11","slug":"operaciones-portuarias","status":"publish","type":"page","link":"https:\/\/imariquique.cl\/inicio\/operaciones-portuarias\/","title":{"rendered":"Operaciones Portuarias"},"content":{"rendered":"\t\t<div data-elementor-type=\"wp-page\" data-elementor-id=\"461\" class=\"elementor elementor-461\" data-elementor-post-type=\"page\">\n\t\t\t\t<div class=\"elementor-element elementor-element-f71fd07 e-con-full e-flex e-con e-parent\" data-id=\"f71fd07\" data-element_type=\"container\" data-e-type=\"container\">\n\t\t\t\t<div class=\"elementor-element elementor-element-fa2c943 elementor-widget elementor-widget-text-editor\" data-id=\"fa2c943\" data-element_type=\"widget\" data-e-type=\"widget\" data-widget_type=\"text-editor.default\">\n\t\t\t\t<div class=\"elementor-widget-container\">\n\t\t\t\t\t\t\t\t\t<p><span style=\"font-weight: 400;\">Las funciones b\u00e1sicas que desempe\u00f1a un t\u00e9cnico en Operaciones Portuarias son las destinadas a planificar, elaborar y organizar los procesos y distribuir los tiempos de movilizaci\u00f3n de la carga, almacenamiento, realizando operaciones y maniobras seg\u00fan c\u00f3digos y normas establecidas nacional e internacionalmente y resguardando la preservaci\u00f3n del medio ambiente. <\/span><\/p>\t\t\t\t\t\t\t\t<\/div>\n\t\t\t\t<\/div>\n\t\t\t\t<\/div>\n\t\t<div class=\"elementor-element elementor-element-a299335 e-flex e-con-boxed e-con e-parent\" data-id=\"a299335\" data-element_type=\"container\" data-e-type=\"container\">\n\t\t\t\t\t<div class=\"e-con-inner\">\n\t\t<div class=\"elementor-element elementor-element-82f16ec e-con-full e-flex e-con e-child\" data-id=\"82f16ec\" data-element_type=\"container\" data-e-type=\"container\">\n\t\t\t\t<div class=\"elementor-element elementor-element-5b479a9 elementor-widget elementor-widget-text-editor\" data-id=\"5b479a9\" data-element_type=\"widget\" data-e-type=\"widget\" data-widget_type=\"text-editor.default\">\n\t\t\t\t<div class=\"elementor-widget-container\">\n\t\t\t\t\t\t\t\t\t<p class=\"p1\"><strong>\u00c1REAS DE COMPETENCIA<\/strong><\/p><ul class=\"ul1\"><li class=\"li1\">Preparaci\u00f3n de informes y procedimientos para el movimiento de la carga<\/li><li class=\"li1\">Inspeccionar externa e interiormente contenedores<\/li><li class=\"li1\">Confeccionar y controlar cronograma de trabajo<\/li><li class=\"li1\">Movilizar cargas en recintos portuarios<\/li><li class=\"li1\">Estiba y desestiba de naves mercantes.<\/li><li class=\"li1\">Utilizar e interpretar un conocimiento de embarque y su documentaci\u00f3n complementaria.<\/li><li class=\"li1\">Reconocer las caracter\u00edsticas de distintos tipos de cargas, naves y veh\u00edculos de transporte.<\/li><li class=\"li1\">Manipular y movilizar diferentes tipos de cargas, por procedimientos manuales y mecanizados, incluyendo mercanc\u00edas peligrosas y refrigeradas.<\/li><li class=\"li1\">Aplicar procedimientos y t\u00e9cnicas de administraci\u00f3n de bodega, canchas y espacios de acopio, destinados al almacenamiento de mercanc\u00eda en tr\u00e1nsito.<\/li><li class=\"li1\">Interpretar planos, diagramas y croquis para obtener un acopio adecuado de la carga.<\/li><li class=\"li1\">Manejar y operar m\u00e1quinas y equipos especializados con eficiencia y seguridad; efectuar su mantenimiento b\u00e1sico.<\/li><li class=\"li1\">Interpretar y confeccionar documentaci\u00f3n exigible en operaciones de comercio internacional.<\/li><li class=\"li1\">Aplicar normas de higiene y seguridad para la manipulaci\u00f3n, movimiento y transporte de carga.<\/li><\/ul>\t\t\t\t\t\t\t\t<\/div>\n\t\t\t\t<\/div>\n\t\t\t\t<\/div>\n\t\t<div class=\"elementor-element elementor-element-3f93e23 e-con-full e-flex e-con e-child\" data-id=\"3f93e23\" data-element_type=\"container\" data-e-type=\"container\">\n\t\t\t\t<div class=\"elementor-element elementor-element-ae51b95 elementor-widget elementor-widget-image\" data-id=\"ae51b95\" data-element_type=\"widget\" data-e-type=\"widget\" data-widget_type=\"image.default\">\n\t\t\t\t<div class=\"elementor-widget-container\">\n\t\t\t\t\t\t\t\t\t\t\t\t\t\t\t<img fetchpriority=\"high\" decoding=\"async\" width=\"800\" height=\"1000\" src=\"https:\/\/imariquique.cl\/inicio\/wp-content\/uploads\/2024\/08\/por1-819x1024.jpg\" class=\"attachment-large size-large wp-image-2290\" alt=\"\" srcset=\"https:\/\/imariquique.cl\/inicio\/wp-content\/uploads\/2024\/08\/por1-819x1024.jpg 819w, https:\/\/imariquique.cl\/inicio\/wp-content\/uploads\/2024\/08\/por1-240x300.jpg 240w, https:\/\/imariquique.cl\/inicio\/wp-content\/uploads\/2024\/08\/por1-768x960.jpg 768w, https:\/\/imariquique.cl\/inicio\/wp-content\/uploads\/2024\/08\/por1.jpg 1080w\" sizes=\"(max-width: 800px) 100vw, 800px\" \/>\t\t\t\t\t\t\t\t\t\t\t\t\t\t\t<\/div>\n\t\t\t\t<\/div>\n\t\t\t\t<\/div>\n\t\t\t\t\t<\/div>\n\t\t\t\t<\/div>\n\t\t<div class=\"elementor-element elementor-element-2ad5568 e-flex e-con-boxed e-con e-parent\" data-id=\"2ad5568\" data-element_type=\"container\" data-e-type=\"container\">\n\t\t\t\t\t<div class=\"e-con-inner\">\n\t\t<div class=\"elementor-element elementor-element-204f41a e-con-full e-flex e-con e-child\" data-id=\"204f41a\" data-element_type=\"container\" data-e-type=\"container\">\n\t\t\t\t<div class=\"elementor-element elementor-element-8a638ac elementor-widget elementor-widget-image\" data-id=\"8a638ac\" data-element_type=\"widget\" data-e-type=\"widget\" data-widget_type=\"image.default\">\n\t\t\t\t<div class=\"elementor-widget-container\">\n\t\t\t\t\t\t\t\t\t\t\t\t\t\t\t<img decoding=\"async\" width=\"800\" height=\"571\" src=\"https:\/\/imariquique.cl\/inicio\/wp-content\/uploads\/2024\/12\/IMG_0115-1024x731.jpg\" class=\"attachment-large size-large wp-image-2721\" alt=\"\" srcset=\"https:\/\/imariquique.cl\/inicio\/wp-content\/uploads\/2024\/12\/IMG_0115-1024x731.jpg 1024w, https:\/\/imariquique.cl\/inicio\/wp-content\/uploads\/2024\/12\/IMG_0115-300x214.jpg 300w, https:\/\/imariquique.cl\/inicio\/wp-content\/uploads\/2024\/12\/IMG_0115-768x549.jpg 768w, https:\/\/imariquique.cl\/inicio\/wp-content\/uploads\/2024\/12\/IMG_0115-1536x1097.jpg 1536w, https:\/\/imariquique.cl\/inicio\/wp-content\/uploads\/2024\/12\/IMG_0115-2048x1463.jpg 2048w\" sizes=\"(max-width: 800px) 100vw, 800px\" \/>\t\t\t\t\t\t\t\t\t\t\t\t\t\t\t<\/div>\n\t\t\t\t<\/div>\n\t\t\t\t<\/div>\n\t\t<div class=\"elementor-element elementor-element-da742fa e-con-full e-flex e-con e-child\" data-id=\"da742fa\" data-element_type=\"container\" data-e-type=\"container\">\n\t\t\t\t<div class=\"elementor-element elementor-element-58f0aea elementor-widget elementor-widget-text-editor\" data-id=\"58f0aea\" data-element_type=\"widget\" data-e-type=\"widget\" data-widget_type=\"text-editor.default\">\n\t\t\t\t<div class=\"elementor-widget-container\">\n\t\t\t\t\t\t\t\t\t<p class=\"p1\" style=\"text-align: justify;\">Empresas que realizan los procesos de tramitaci\u00f3n y transferencia de mercanc\u00eda que proviene de la importaci\u00f3n y exportaci\u00f3n.<\/p><ul class=\"ul1\"><li class=\"li1\" style=\"text-align: left;\">Agencias navieras.<\/li><li class=\"li1\" style=\"text-align: left;\">Agencias Aduaneras.<\/li><li class=\"li1\" style=\"text-align: left;\">Centros log\u00edsticos.<\/li><li class=\"li1\" style=\"text-align: left;\">Terminal de contenedores.<\/li><li class=\"li1\" style=\"text-align: left;\">Almacenes de carga de importaci\u00f3n y exportaci\u00f3n.<\/li><li class=\"li1\" style=\"text-align: left;\">Zona Franca.<\/li><\/ul><p style=\"text-align: justify;\">An\u00edmate a ser parte de nuestra especialidad y descubrir\u00e1s un mundo de oportunidades. Somos el <em><strong>1er. liceo de Chile en obtener el sello del Consejo e Competencias Mineras<\/strong><\/em> para esta especialidad.<\/p>\t\t\t\t\t\t\t\t<\/div>\n\t\t\t\t<\/div>\n\t\t\t\t<\/div>\n\t\t\t\t\t<\/div>\n\t\t\t\t<\/div>\n\t\t<div class=\"elementor-element elementor-element-173d6206 e-con-full e-flex e-con e-parent\" data-id=\"173d6206\" data-element_type=\"container\" data-e-type=\"container\">\n\t\t\t\t<div class=\"elementor-element elementor-element-0a85ab0 elementor-widget__width-initial elementor-widget-mobile__width-initial elementor-widget-divider--view-line elementor-widget elementor-widget-divider\" data-id=\"0a85ab0\" data-element_type=\"widget\" data-e-type=\"widget\" data-widget_type=\"divider.default\">\n\t\t\t\t<div class=\"elementor-widget-container\">\n\t\t\t\t\t\t\t<div class=\"elementor-divider\">\n\t\t\t<span class=\"elementor-divider-separator\">\n\t\t\t\t\t\t<\/span>\n\t\t<\/div>\n\t\t\t\t\t\t<\/div>\n\t\t\t\t<\/div>\n\t\t\t\t<div class=\"elementor-element elementor-element-ca9247a elementor-widget__width-initial elementor-widget elementor-widget-heading\" data-id=\"ca9247a\" data-element_type=\"widget\" data-e-type=\"widget\" data-widget_type=\"heading.default\">\n\t\t\t\t<div class=\"elementor-widget-container\">\n\t\t\t\t\t<h2 class=\"elementor-heading-title elementor-size-default\"> Otras Especialidades<\/h2>\t\t\t\t<\/div>\n\t\t\t\t<\/div>\n\t\t\t\t<div class=\"elementor-element elementor-element-7b4d73a5 elementor-widget__width-initial elementor-widget-mobile__width-initial elementor-widget-divider--view-line elementor-widget elementor-widget-divider\" data-id=\"7b4d73a5\" data-element_type=\"widget\" data-e-type=\"widget\" data-widget_type=\"divider.default\">\n\t\t\t\t<div class=\"elementor-widget-container\">\n\t\t\t\t\t\t\t<div class=\"elementor-divider\">\n\t\t\t<span class=\"elementor-divider-separator\">\n\t\t\t\t\t\t<\/span>\n\t\t<\/div>\n\t\t\t\t\t\t<\/div>\n\t\t\t\t<\/div>\n\t\t\t\t<div class=\"elementor-element elementor-element-326520ab elementor-widget__width-initial elementor-widget-mobile__width-inherit elementor-view-default elementor-position-block-start elementor-mobile-position-block-start elementor-widget elementor-widget-icon-box\" data-id=\"326520ab\" data-element_type=\"widget\" data-e-type=\"widget\" data-widget_type=\"icon-box.default\">\n\t\t\t\t<div class=\"elementor-widget-container\">\n\t\t\t\t\t\t\t<div class=\"elementor-icon-box-wrapper\">\n\n\t\t\t\t\t\t<div class=\"elementor-icon-box-icon\">\n\t\t\t\t<a href=\"https:\/\/imariquique.cl\/inicio\/mecanica-industrial\/\" class=\"elementor-icon\" tabindex=\"-1\" aria-label=\" MEC\u00c1NICA INDUSTRIAL\">\n\t\t\t\t<svg xmlns=\"http:\/\/www.w3.org\/2000\/svg\" viewBox=\"0 0 576 512\"><path d=\"M64 32C46.3 32 32 46.3 32 64V304v48 80c0 26.5 21.5 48 48 48H496c26.5 0 48-21.5 48-48V304 152.2c0-18.2-19.4-29.7-35.4-21.1L352 215.4V152.2c0-18.2-19.4-29.7-35.4-21.1L160 215.4V64c0-17.7-14.3-32-32-32H64z\"><\/path><\/svg>\t\t\t\t<\/a>\n\t\t\t<\/div>\n\t\t\t\n\t\t\t\t\t\t<div class=\"elementor-icon-box-content\">\n\n\t\t\t\t\t\t\t\t\t<h3 class=\"elementor-icon-box-title\">\n\t\t\t\t\t\t<a href=\"https:\/\/imariquique.cl\/inicio\/mecanica-industrial\/\" >\n\t\t\t\t\t\t\t MEC\u00c1NICA INDUSTRIAL\t\t\t\t\t\t<\/a>\n\t\t\t\t\t<\/h3>\n\t\t\t\t\n\t\t\t\t\n\t\t\t<\/div>\n\t\t\t\n\t\t<\/div>\n\t\t\t\t\t\t<\/div>\n\t\t\t\t<\/div>\n\t\t\t\t<div class=\"elementor-element elementor-element-20a715d5 elementor-widget__width-initial elementor-widget-mobile__width-inherit elementor-view-default elementor-position-block-start elementor-mobile-position-block-start elementor-widget elementor-widget-icon-box\" data-id=\"20a715d5\" data-element_type=\"widget\" data-e-type=\"widget\" data-widget_type=\"icon-box.default\">\n\t\t\t\t<div class=\"elementor-widget-container\">\n\t\t\t\t\t\t\t<div class=\"elementor-icon-box-wrapper\">\n\n\t\t\t\t\t\t<div class=\"elementor-icon-box-icon\">\n\t\t\t\t<a href=\"https:\/\/imariquique.cl\/inicio\/mecanica-automotriz\/\" class=\"elementor-icon\" tabindex=\"-1\" aria-label=\"MEC\u00c1NICA AUTOMOTRIZ\">\n\t\t\t\t<svg aria-hidden=\"true\" class=\"e-font-icon-svg e-fas-tools\" viewBox=\"0 0 512 512\" xmlns=\"http:\/\/www.w3.org\/2000\/svg\"><path d=\"M501.1 395.7L384 278.6c-23.1-23.1-57.6-27.6-85.4-13.9L192 158.1V96L64 0 0 64l96 128h62.1l106.6 106.6c-13.6 27.8-9.2 62.3 13.9 85.4l117.1 117.1c14.6 14.6 38.2 14.6 52.7 0l52.7-52.7c14.5-14.6 14.5-38.2 0-52.7zM331.7 225c28.3 0 54.9 11 74.9 31l19.4 19.4c15.8-6.9 30.8-16.5 43.8-29.5 37.1-37.1 49.7-89.3 37.9-136.7-2.2-9-13.5-12.1-20.1-5.5l-74.4 74.4-67.9-11.3L334 98.9l74.4-74.4c6.6-6.6 3.4-17.9-5.7-20.2-47.4-11.7-99.6.9-136.6 37.9-28.5 28.5-41.9 66.1-41.2 103.6l82.1 82.1c8.1-1.9 16.5-2.9 24.7-2.9zm-103.9 82l-56.7-56.7L18.7 402.8c-25 25-25 65.5 0 90.5s65.5 25 90.5 0l123.6-123.6c-7.6-19.9-9.9-41.6-5-62.7zM64 472c-13.2 0-24-10.8-24-24 0-13.3 10.7-24 24-24s24 10.7 24 24c0 13.2-10.7 24-24 24z\"><\/path><\/svg>\t\t\t\t<\/a>\n\t\t\t<\/div>\n\t\t\t\n\t\t\t\t\t\t<div class=\"elementor-icon-box-content\">\n\n\t\t\t\t\t\t\t\t\t<h3 class=\"elementor-icon-box-title\">\n\t\t\t\t\t\t<a href=\"https:\/\/imariquique.cl\/inicio\/mecanica-automotriz\/\" >\n\t\t\t\t\t\t\tMEC\u00c1NICA AUTOMOTRIZ\t\t\t\t\t\t<\/a>\n\t\t\t\t\t<\/h3>\n\t\t\t\t\n\t\t\t\t\n\t\t\t<\/div>\n\t\t\t\n\t\t<\/div>\n\t\t\t\t\t\t<\/div>\n\t\t\t\t<\/div>\n\t\t\t\t<div class=\"elementor-element elementor-element-350c35b5 elementor-widget__width-initial elementor-widget-mobile__width-inherit elementor-view-default elementor-position-block-start elementor-mobile-position-block-start elementor-widget elementor-widget-icon-box\" data-id=\"350c35b5\" data-element_type=\"widget\" data-e-type=\"widget\" data-widget_type=\"icon-box.default\">\n\t\t\t\t<div class=\"elementor-widget-container\">\n\t\t\t\t\t\t\t<div class=\"elementor-icon-box-wrapper\">\n\n\t\t\t\t\t\t<div class=\"elementor-icon-box-icon\">\n\t\t\t\t<a href=\"https:\/\/imariquique.cl\/inicio\/electricidad\/\" class=\"elementor-icon\" tabindex=\"-1\" aria-label=\"ELECTRICIDAD\">\n\t\t\t\t<svg aria-hidden=\"true\" class=\"e-font-icon-svg e-fas-bolt\" viewBox=\"0 0 320 512\" xmlns=\"http:\/\/www.w3.org\/2000\/svg\"><path d=\"M296 160H180.6l42.6-129.8C227.2 15 215.7 0 200 0H56C44 0 33.8 8.9 32.2 20.8l-32 240C-1.7 275.2 9.5 288 24 288h118.7L96.6 482.5c-3.6 15.2 8 29.5 23.3 29.5 8.4 0 16.4-4.4 20.8-12l176-304c9.3-15.9-2.2-36-20.7-36z\"><\/path><\/svg>\t\t\t\t<\/a>\n\t\t\t<\/div>\n\t\t\t\n\t\t\t\t\t\t<div class=\"elementor-icon-box-content\">\n\n\t\t\t\t\t\t\t\t\t<h3 class=\"elementor-icon-box-title\">\n\t\t\t\t\t\t<a href=\"https:\/\/imariquique.cl\/inicio\/electricidad\/\" >\n\t\t\t\t\t\t\tELECTRICIDAD\t\t\t\t\t\t<\/a>\n\t\t\t\t\t<\/h3>\n\t\t\t\t\n\t\t\t\t\n\t\t\t<\/div>\n\t\t\t\n\t\t<\/div>\n\t\t\t\t\t\t<\/div>\n\t\t\t\t<\/div>\n\t\t\t\t<\/div>\n\t\t\t\t<\/div>\n\t\t","protected":false},"excerpt":{"rendered":"<p>Las funciones b\u00e1sicas que desempe\u00f1a un t\u00e9cnico en Operaciones Portuarias son las destinadas a planificar, elaborar y organizar los procesos y distribuir los tiempos de movilizaci\u00f3n de la carga, almacenamiento, realizando operaciones y maniobras seg\u00fan c\u00f3digos y normas establecidas nacional e internacionalmente y resguardando la preservaci\u00f3n del medio ambiente. \u00c1REAS DE COMPETENCIA Preparaci\u00f3n de informes [&hellip;]<\/p>\n","protected":false},"author":1,"featured_media":312,"parent":0,"menu_order":0,"comment_status":"closed","ping_status":"closed","template":"","meta":{"footnotes":""},"class_list":["post-461","page","type-page","status-publish","has-post-thumbnail","hentry"],"_links":{"self":[{"href":"https:\/\/imariquique.cl\/inicio\/wp-json\/wp\/v2\/pages\/461","targetHints":{"allow":["GET"]}}],"collection":[{"href":"https:\/\/imariquique.cl\/inicio\/wp-json\/wp\/v2\/pages"}],"about":[{"href":"https:\/\/imariquique.cl\/inicio\/wp-json\/wp\/v2\/types\/page"}],"author":[{"embeddable":true,"href":"https:\/\/imariquique.cl\/inicio\/wp-json\/wp\/v2\/users\/1"}],"replies":[{"embeddable":true,"href":"https:\/\/imariquique.cl\/inicio\/wp-json\/wp\/v2\/comments?post=461"}],"version-history":[{"count":43,"href":"https:\/\/imariquique.cl\/inicio\/wp-json\/wp\/v2\/pages\/461\/revisions"}],"predecessor-version":[{"id":3433,"href":"https:\/\/imariquique.cl\/inicio\/wp-json\/wp\/v2\/pages\/461\/revisions\/3433"}],"wp:featuredmedia":[{"embeddable":true,"href":"https:\/\/imariquique.cl\/inicio\/wp-json\/wp\/v2\/media\/312"}],"wp:attachment":[{"href":"https:\/\/imariquique.cl\/inicio\/wp-json\/wp\/v2\/media?parent=461"}],"curies":[{"name":"wp","href":"https:\/\/api.w.org\/{rel}","templated":true}]}}