{"id":440,"date":"2023-04-12T17:53:47","date_gmt":"2023-04-12T17:53:47","guid":{"rendered":"https:\/\/imariquique.bdigital.cl\/?page_id=440"},"modified":"2025-08-14T14:52:59","modified_gmt":"2025-08-14T18:52:59","slug":"especialidades","status":"publish","type":"page","link":"https:\/\/imariquique.cl\/inicio\/especialidades\/","title":{"rendered":"Especialidades"},"content":{"rendered":"\t\t<div data-elementor-type=\"wp-page\" data-elementor-id=\"440\" class=\"elementor elementor-440\" data-elementor-post-type=\"page\">\n\t\t\t\t<div class=\"elementor-element elementor-element-80b4dca e-con-full e-flex e-con e-parent\" data-id=\"80b4dca\" data-element_type=\"container\" data-e-type=\"container\">\n\t\t\t\t<div class=\"elementor-element elementor-element-2263cdb elementor-cta--layout-image-above elementor-cta--valign-middle elementor-bg-transform elementor-bg-transform-zoom-out elementor-widget__width-initial elementor-widget-mobile__width-inherit elementor-cta--skin-classic elementor-animated-content elementor-widget elementor-widget-call-to-action\" data-id=\"2263cdb\" data-element_type=\"widget\" data-e-type=\"widget\" data-widget_type=\"call-to-action.default\">\n\t\t\t\t<div class=\"elementor-widget-container\">\n\t\t\t\t\t\t\t<div class=\"elementor-cta\">\n\t\t\t\t\t<div class=\"elementor-cta__bg-wrapper\">\n\t\t\t\t<div class=\"elementor-cta__bg elementor-bg\" style=\"background-image: url(https:\/\/imariquique.cl\/inicio\/wp-content\/uploads\/elementor\/thumbs\/meca111-ra9bgg7hvssbr1wvela9jlwpah05ebmndt5nkzlcvg.jpg);\" role=\"img\" aria-label=\"meca111\"><\/div>\n\t\t\t\t<div class=\"elementor-cta__bg-overlay\"><\/div>\n\t\t\t<\/div>\n\t\t\t\t\t\t\t<div class=\"elementor-cta__content\">\n\t\t\t\t\n\t\t\t\t\t\t\t\t\t<h2 class=\"elementor-cta__title elementor-cta__content-item elementor-content-item\">\n\t\t\t\t\t\tMEC\u00c1NICA AUTOMOTRIZ\t\t\t\t\t<\/h2>\n\t\t\t\t\n\t\t\t\t\n\t\t\t\t\t\t\t\t\t<div class=\"elementor-cta__button-wrapper elementor-cta__content-item elementor-content-item \">\n\t\t\t\t\t<a class=\"elementor-cta__button elementor-button elementor-size-\" href=\"https:\/\/imariquique.cl\/inicio\/mecanica-automotriz\/\">\n\t\t\t\t\t\t\u00a0Para m\u00e1s informaci\u00f3n\t\t\t\t\t<\/a>\n\t\t\t\t\t<\/div>\n\t\t\t\t\t\t\t<\/div>\n\t\t\t\t\t\t<\/div>\n\t\t\t\t\t\t<\/div>\n\t\t\t\t<\/div>\n\t\t\t\t<div class=\"elementor-element elementor-element-3beccf2 elementor-cta--layout-image-above elementor-cta--valign-middle elementor-bg-transform elementor-bg-transform-zoom-out elementor-widget__width-initial elementor-widget-mobile__width-inherit elementor-cta--skin-classic elementor-animated-content elementor-widget elementor-widget-call-to-action\" data-id=\"3beccf2\" data-element_type=\"widget\" data-e-type=\"widget\" data-widget_type=\"call-to-action.default\">\n\t\t\t\t<div class=\"elementor-widget-container\">\n\t\t\t\t\t\t\t<div class=\"elementor-cta\">\n\t\t\t\t\t<div class=\"elementor-cta__bg-wrapper\">\n\t\t\t\t<div class=\"elementor-cta__bg elementor-bg\" style=\"background-image: url(https:\/\/imariquique.cl\/inicio\/wp-content\/uploads\/2024\/08\/fbp1-768x443.jpg);\" role=\"img\" aria-label=\"fbp1\"><\/div>\n\t\t\t\t<div class=\"elementor-cta__bg-overlay\"><\/div>\n\t\t\t<\/div>\n\t\t\t\t\t\t\t<div class=\"elementor-cta__content\">\n\t\t\t\t\n\t\t\t\t\t\t\t\t\t<h2 class=\"elementor-cta__title elementor-cta__content-item elementor-content-item\">\n\t\t\t\t\t\tOPERACIONES PORTUARIAS\t\t\t\t\t<\/h2>\n\t\t\t\t\n\t\t\t\t\n\t\t\t\t\t\t\t\t\t<div class=\"elementor-cta__button-wrapper elementor-cta__content-item elementor-content-item \">\n\t\t\t\t\t<a class=\"elementor-cta__button elementor-button elementor-size-\" href=\"https:\/\/imariquique.cl\/inicio\/operaciones-portuarias\/\">\n\t\t\t\t\t\t\u00a0Para m\u00e1s informaci\u00f3n\t\t\t\t\t<\/a>\n\t\t\t\t\t<\/div>\n\t\t\t\t\t\t\t<\/div>\n\t\t\t\t\t\t<\/div>\n\t\t\t\t\t\t<\/div>\n\t\t\t\t<\/div>\n\t\t\t\t<div class=\"elementor-element elementor-element-236a47e elementor-cta--layout-image-above elementor-cta--valign-middle elementor-bg-transform elementor-bg-transform-zoom-out elementor-widget__width-initial elementor-widget-mobile__width-inherit elementor-cta--skin-classic elementor-animated-content elementor-widget elementor-widget-call-to-action\" data-id=\"236a47e\" data-element_type=\"widget\" data-e-type=\"widget\" data-widget_type=\"call-to-action.default\">\n\t\t\t\t<div class=\"elementor-widget-container\">\n\t\t\t\t\t\t\t<div class=\"elementor-cta\">\n\t\t\t\t\t<div class=\"elementor-cta__bg-wrapper\">\n\t\t\t\t<div class=\"elementor-cta__bg elementor-bg\" style=\"background-image: url(https:\/\/imariquique.cl\/inicio\/wp-content\/uploads\/2025\/08\/ind1111-768x605.jpg);\" role=\"img\" aria-label=\"ind1111\"><\/div>\n\t\t\t\t<div class=\"elementor-cta__bg-overlay\"><\/div>\n\t\t\t<\/div>\n\t\t\t\t\t\t\t<div class=\"elementor-cta__content\">\n\t\t\t\t\n\t\t\t\t\t\t\t\t\t<h2 class=\"elementor-cta__title elementor-cta__content-item elementor-content-item\">\n\t\t\t\t\t\tMEC\u00c1NICA INDUSTRIAL\t\t\t\t\t<\/h2>\n\t\t\t\t\n\t\t\t\t\n\t\t\t\t\t\t\t\t\t<div class=\"elementor-cta__button-wrapper elementor-cta__content-item elementor-content-item \">\n\t\t\t\t\t<a class=\"elementor-cta__button elementor-button elementor-size-\" href=\"https:\/\/imariquique.cl\/inicio\/mecanica-industrial\/\">\n\t\t\t\t\t\t\u00a0Para m\u00e1s informaci\u00f3n\t\t\t\t\t<\/a>\n\t\t\t\t\t<\/div>\n\t\t\t\t\t\t\t<\/div>\n\t\t\t\t\t\t<\/div>\n\t\t\t\t\t\t<\/div>\n\t\t\t\t<\/div>\n\t\t\t\t<div class=\"elementor-element elementor-element-fcaf402 elementor-cta--layout-image-above elementor-cta--valign-middle elementor-bg-transform elementor-bg-transform-zoom-out elementor-widget__width-initial elementor-widget-mobile__width-inherit elementor-cta--skin-classic elementor-animated-content elementor-widget elementor-widget-call-to-action\" data-id=\"fcaf402\" data-element_type=\"widget\" data-e-type=\"widget\" data-widget_type=\"call-to-action.default\">\n\t\t\t\t<div class=\"elementor-widget-container\">\n\t\t\t\t\t\t\t<div class=\"elementor-cta\">\n\t\t\t\t\t<div class=\"elementor-cta__bg-wrapper\">\n\t\t\t\t<div class=\"elementor-cta__bg elementor-bg\" style=\"background-image: url(https:\/\/imariquique.cl\/inicio\/wp-content\/uploads\/2024\/08\/elec3-768x585.jpg);\" role=\"img\" aria-label=\"elec3\"><\/div>\n\t\t\t\t<div class=\"elementor-cta__bg-overlay\"><\/div>\n\t\t\t<\/div>\n\t\t\t\t\t\t\t<div class=\"elementor-cta__content\">\n\t\t\t\t\n\t\t\t\t\t\t\t\t\t<h2 class=\"elementor-cta__title elementor-cta__content-item elementor-content-item\">\n\t\t\t\t\t\tELECTRICIDAD\t\t\t\t\t<\/h2>\n\t\t\t\t\n\t\t\t\t\n\t\t\t\t\t\t\t\t\t<div class=\"elementor-cta__button-wrapper elementor-cta__content-item elementor-content-item \">\n\t\t\t\t\t<a class=\"elementor-cta__button elementor-button elementor-size-\" href=\"https:\/\/imariquique.cl\/inicio\/electricidad\/\">\n\t\t\t\t\t\t\u00a0Para m\u00e1s informaci\u00f3n\t\t\t\t\t<\/a>\n\t\t\t\t\t<\/div>\n\t\t\t\t\t\t\t<\/div>\n\t\t\t\t\t\t<\/div>\n\t\t\t\t\t\t<\/div>\n\t\t\t\t<\/div>\n\t\t\t\t<\/div>\n\t\t\t\t<\/div>\n\t\t","protected":false},"excerpt":{"rendered":"<p>MEC\u00c1NICA AUTOMOTRIZ \u00a0Para m\u00e1s informaci\u00f3n OPERACIONES PORTUARIAS \u00a0Para m\u00e1s informaci\u00f3n MEC\u00c1NICA INDUSTRIAL \u00a0Para m\u00e1s informaci\u00f3n ELECTRICIDAD \u00a0Para m\u00e1s informaci\u00f3n<\/p>\n","protected":false},"author":1,"featured_media":312,"parent":0,"menu_order":0,"comment_status":"closed","ping_status":"closed","template":"","meta":{"footnotes":""},"class_list":["post-440","page","type-page","status-publish","has-post-thumbnail","hentry"],"_links":{"self":[{"href":"https:\/\/imariquique.cl\/inicio\/wp-json\/wp\/v2\/pages\/440","targetHints":{"allow":["GET"]}}],"collection":[{"href":"https:\/\/imariquique.cl\/inicio\/wp-json\/wp\/v2\/pages"}],"about":[{"href":"https:\/\/imariquique.cl\/inicio\/wp-json\/wp\/v2\/types\/page"}],"author":[{"embeddable":true,"href":"https:\/\/imariquique.cl\/inicio\/wp-json\/wp\/v2\/users\/1"}],"replies":[{"embeddable":true,"href":"https:\/\/imariquique.cl\/inicio\/wp-json\/wp\/v2\/comments?post=440"}],"version-history":[{"count":28,"href":"https:\/\/imariquique.cl\/inicio\/wp-json\/wp\/v2\/pages\/440\/revisions"}],"predecessor-version":[{"id":3478,"href":"https:\/\/imariquique.cl\/inicio\/wp-json\/wp\/v2\/pages\/440\/revisions\/3478"}],"wp:featuredmedia":[{"embeddable":true,"href":"https:\/\/imariquique.cl\/inicio\/wp-json\/wp\/v2\/media\/312"}],"wp:attachment":[{"href":"https:\/\/imariquique.cl\/inicio\/wp-json\/wp\/v2\/media?parent=440"}],"curies":[{"name":"wp","href":"https:\/\/api.w.org\/{rel}","templated":true}]}}