{"id":4181,"date":"2026-04-30T14:05:10","date_gmt":"2026-04-30T18:05:10","guid":{"rendered":"https:\/\/imariquique.cl\/inicio\/?page_id=4181"},"modified":"2026-04-30T14:09:43","modified_gmt":"2026-04-30T18:09:43","slug":"investidura-ano-2026","status":"publish","type":"page","link":"https:\/\/imariquique.cl\/inicio\/investidura-ano-2026\/","title":{"rendered":"Ceremonia de Investidura T\u00e9cnica a\u00f1o 2026."},"content":{"rendered":"\t\t<div data-elementor-type=\"wp-page\" data-elementor-id=\"4181\" class=\"elementor elementor-4181\" data-elementor-post-type=\"page\">\n\t\t\t\t<div class=\"elementor-element elementor-element-09734ed e-flex e-con-boxed e-con e-parent\" data-id=\"09734ed\" data-element_type=\"container\" data-e-type=\"container\">\n\t\t\t\t\t<div class=\"e-con-inner\">\n\t\t\t\t<div class=\"elementor-element elementor-element-e6aa1ee elementor-widget elementor-widget-image\" data-id=\"e6aa1ee\" data-element_type=\"widget\" data-e-type=\"widget\" data-widget_type=\"image.default\">\n\t\t\t\t<div class=\"elementor-widget-container\">\n\t\t\t\t\t\t\t\t\t\t\t\t\t\t\t<img fetchpriority=\"high\" decoding=\"async\" width=\"1920\" height=\"1080\" src=\"https:\/\/imariquique.cl\/inicio\/wp-content\/uploads\/2026\/04\/INV2026-MAIN.png\" class=\"attachment-full size-full wp-image-4183\" alt=\"\" srcset=\"https:\/\/imariquique.cl\/inicio\/wp-content\/uploads\/2026\/04\/INV2026-MAIN.png 1920w, https:\/\/imariquique.cl\/inicio\/wp-content\/uploads\/2026\/04\/INV2026-MAIN-300x169.png 300w, https:\/\/imariquique.cl\/inicio\/wp-content\/uploads\/2026\/04\/INV2026-MAIN-1024x576.png 1024w, https:\/\/imariquique.cl\/inicio\/wp-content\/uploads\/2026\/04\/INV2026-MAIN-768x432.png 768w, https:\/\/imariquique.cl\/inicio\/wp-content\/uploads\/2026\/04\/INV2026-MAIN-1536x864.png 1536w\" sizes=\"(max-width: 1920px) 100vw, 1920px\" \/>\t\t\t\t\t\t\t\t\t\t\t\t\t\t\t<\/div>\n\t\t\t\t<\/div>\n\t\t\t\t\t<\/div>\n\t\t\t\t<\/div>\n\t\t<div class=\"elementor-element elementor-element-73c4af1 e-flex e-con-boxed e-con e-parent\" data-id=\"73c4af1\" data-element_type=\"container\" data-e-type=\"container\">\n\t\t\t\t\t<div class=\"e-con-inner\">\n\t\t\t\t<div class=\"elementor-element elementor-element-772465d elementor-widget elementor-widget-text-editor\" data-id=\"772465d\" data-element_type=\"widget\" data-e-type=\"widget\" data-widget_type=\"text-editor.default\">\n\t\t\t\t<div class=\"elementor-widget-container\">\n\t\t\t\t\t\t\t\t\t<p style=\"text-align: justify;\">Nuestro Liceo Bicentenario Instituto del Mar \u00abAlmirante Carlos Condell\u00bb de Iquique celebr\u00f3 con solemnidad su <strong>Ceremonia de Investidura T\u00e9cnica 2026<\/strong>, un hito que marc\u00f3 el ingreso formal de los estudiantes de 3\u00b0 medio al mundo de la formaci\u00f3n t\u00e9cnico-profesional.<\/p><p style=\"text-align: justify;\">El acto cont\u00f3 con la presencia de la\u00a0<strong>Directora del establecimiento, se\u00f1ora Roxana Ojeda Aravena<\/strong>, junto al Subdirector de Formaci\u00f3n, se\u00f1or Sebasti\u00e1n \u00c1lvarez, el Subdirector de Convivencia Escolar, se\u00f1or Marcos Santiba\u00f1ez, docentes, asistentes de la educaci\u00f3n, padres y apoderados.<\/p>\t\t\t\t\t\t\t\t<\/div>\n\t\t\t\t<\/div>\n\t\t\t\t\t<\/div>\n\t\t\t\t<\/div>\n\t\t<div class=\"elementor-element elementor-element-b8fbf34 e-flex e-con-boxed e-con e-parent\" data-id=\"b8fbf34\" data-element_type=\"container\" data-e-type=\"container\">\n\t\t\t\t\t<div class=\"e-con-inner\">\n\t\t<div class=\"elementor-element elementor-element-19cfc11 e-con-full e-flex e-con e-child\" data-id=\"19cfc11\" data-element_type=\"container\" data-e-type=\"container\">\n\t\t\t\t<div class=\"elementor-element elementor-element-4a44bca elementor-widget elementor-widget-image\" data-id=\"4a44bca\" data-element_type=\"widget\" data-e-type=\"widget\" data-widget_type=\"image.default\">\n\t\t\t\t<div class=\"elementor-widget-container\">\n\t\t\t\t\t\t\t\t\t\t\t\t\t\t\t<img decoding=\"async\" width=\"800\" height=\"1000\" src=\"https:\/\/imariquique.cl\/inicio\/wp-content\/uploads\/2026\/04\/INV2026-FOTO2-819x1024.png\" class=\"attachment-large size-large wp-image-4184\" alt=\"\" srcset=\"https:\/\/imariquique.cl\/inicio\/wp-content\/uploads\/2026\/04\/INV2026-FOTO2-819x1024.png 819w, https:\/\/imariquique.cl\/inicio\/wp-content\/uploads\/2026\/04\/INV2026-FOTO2-240x300.png 240w, https:\/\/imariquique.cl\/inicio\/wp-content\/uploads\/2026\/04\/INV2026-FOTO2-768x960.png 768w, https:\/\/imariquique.cl\/inicio\/wp-content\/uploads\/2026\/04\/INV2026-FOTO2.png 1080w\" sizes=\"(max-width: 800px) 100vw, 800px\" \/>\t\t\t\t\t\t\t\t\t\t\t\t\t\t\t<\/div>\n\t\t\t\t<\/div>\n\t\t\t\t<\/div>\n\t\t<div class=\"elementor-element elementor-element-f5efa13 e-con-full e-flex e-con e-child\" data-id=\"f5efa13\" data-element_type=\"container\" data-e-type=\"container\">\n\t\t\t\t<div class=\"elementor-element elementor-element-c8f67df elementor-widget elementor-widget-text-editor\" data-id=\"c8f67df\" data-element_type=\"widget\" data-e-type=\"widget\" data-widget_type=\"text-editor.default\">\n\t\t\t\t<div class=\"elementor-widget-container\">\n\t\t\t\t\t\t\t\t\t<p style=\"text-align: justify;\">Durante la ceremonia, los estudiantes de las especialidades de\u00a0<strong>Mec\u00e1nica Industrial, Mec\u00e1nica Automotriz, Electricidad y Operaciones Portuarias<\/strong>\u00a0recibieron sus distintivos t\u00e9cnicos de manos de los coordinadores de cada especialidad, en un gesto que simboliza el compromiso con el esfuerzo, la \u00e9tica profesional y la vocaci\u00f3n de servicio.<\/p><p style=\"text-align: justify;\">El acto culmin\u00f3 con el\u00a0<strong>Juramento T\u00e9cnico-Profesional<\/strong>, instancia en que cada estudiante declar\u00f3 p\u00fablicamente su voluntad de formarse con responsabilidad, honestidad y esp\u00edritu de mejora continua, honrando los valores del liceo y de su futura especialidad.<\/p>\t\t\t\t\t\t\t\t<\/div>\n\t\t\t\t<\/div>\n\t\t\t\t<\/div>\n\t\t<div class=\"elementor-element elementor-element-4045754 e-con-full e-flex e-con e-child\" data-id=\"4045754\" data-element_type=\"container\" data-e-type=\"container\">\n\t\t\t\t<div class=\"elementor-element elementor-element-73de8b5 elementor-widget elementor-widget-image\" data-id=\"73de8b5\" data-element_type=\"widget\" data-e-type=\"widget\" data-widget_type=\"image.default\">\n\t\t\t\t<div class=\"elementor-widget-container\">\n\t\t\t\t\t\t\t\t\t\t\t\t\t\t\t<img decoding=\"async\" width=\"800\" height=\"1000\" src=\"https:\/\/imariquique.cl\/inicio\/wp-content\/uploads\/2026\/04\/INV2026-FOTO1-819x1024.png\" class=\"attachment-large size-large wp-image-4185\" alt=\"\" srcset=\"https:\/\/imariquique.cl\/inicio\/wp-content\/uploads\/2026\/04\/INV2026-FOTO1-819x1024.png 819w, https:\/\/imariquique.cl\/inicio\/wp-content\/uploads\/2026\/04\/INV2026-FOTO1-240x300.png 240w, https:\/\/imariquique.cl\/inicio\/wp-content\/uploads\/2026\/04\/INV2026-FOTO1-768x960.png 768w, https:\/\/imariquique.cl\/inicio\/wp-content\/uploads\/2026\/04\/INV2026-FOTO1.png 1080w\" sizes=\"(max-width: 800px) 100vw, 800px\" \/>\t\t\t\t\t\t\t\t\t\t\t\t\t\t\t<\/div>\n\t\t\t\t<\/div>\n\t\t\t\t<\/div>\n\t\t\t\t\t<\/div>\n\t\t\t\t<\/div>\n\t\t<div class=\"elementor-element elementor-element-aca5464 e-flex e-con-boxed e-con e-parent\" data-id=\"aca5464\" data-element_type=\"container\" data-e-type=\"container\">\n\t\t\t\t\t<div class=\"e-con-inner\">\n\t\t\t\t<div class=\"elementor-element elementor-element-d0a259f elementor-widget elementor-widget-text-editor\" data-id=\"d0a259f\" data-element_type=\"widget\" data-e-type=\"widget\" data-widget_type=\"text-editor.default\">\n\t\t\t\t<div class=\"elementor-widget-container\">\n\t\t\t\t\t\t\t\t\t<p style=\"text-align: justify;\">El establecimiento, que integra su proyecto educativo con el\u00a0<strong>sello cat\u00f3lico<\/strong>\u00a0desde el a\u00f1o 2025, reafirm\u00f3 con esta ceremonia su compromiso con una formaci\u00f3n que no solo prepara t\u00e9cnicos competentes, sino personas \u00edntegras al servicio de su comunidad, su familia y el pa\u00eds.<\/p>\t\t\t\t\t\t\t\t<\/div>\n\t\t\t\t<\/div>\n\t\t\t\t\t<\/div>\n\t\t\t\t<\/div>\n\t\t<div class=\"elementor-element elementor-element-3b1191a e-flex e-con-boxed e-con e-parent\" data-id=\"3b1191a\" data-element_type=\"container\" data-e-type=\"container\">\n\t\t\t\t\t<div class=\"e-con-inner\">\n\t\t\t\t<div class=\"elementor-element elementor-element-ad4eaf6 elementor-widget elementor-widget-gallery\" data-id=\"ad4eaf6\" data-element_type=\"widget\" data-e-type=\"widget\" data-settings=\"{&quot;columns&quot;:3,&quot;lazyload&quot;:&quot;yes&quot;,&quot;gallery_layout&quot;:&quot;grid&quot;,&quot;columns_tablet&quot;:2,&quot;columns_mobile&quot;:1,&quot;gap&quot;:{&quot;unit&quot;:&quot;px&quot;,&quot;size&quot;:10,&quot;sizes&quot;:[]},&quot;gap_tablet&quot;:{&quot;unit&quot;:&quot;px&quot;,&quot;size&quot;:10,&quot;sizes&quot;:[]},&quot;gap_mobile&quot;:{&quot;unit&quot;:&quot;px&quot;,&quot;size&quot;:10,&quot;sizes&quot;:[]},&quot;link_to&quot;:&quot;file&quot;,&quot;aspect_ratio&quot;:&quot;3:2&quot;,&quot;overlay_background&quot;:&quot;yes&quot;,&quot;content_hover_animation&quot;:&quot;fade-in&quot;}\" data-widget_type=\"gallery.default\">\n\t\t\t\t<div class=\"elementor-widget-container\">\n\t\t\t\t\t\t\t<div class=\"elementor-gallery__container\">\n\t\t\t\t\t\t\t<a class=\"e-gallery-item elementor-gallery-item elementor-animated-content\" href=\"https:\/\/imariquique.cl\/inicio\/wp-content\/uploads\/2026\/04\/INV1.png\" data-elementor-open-lightbox=\"yes\" data-elementor-lightbox-slideshow=\"ad4eaf6\" data-elementor-lightbox-title=\"INV1\" data-e-action-hash=\"#elementor-action%3Aaction%3Dlightbox%26settings%3DeyJpZCI6NDE4NiwidXJsIjoiaHR0cHM6XC9cL2ltYXJpcXVpcXVlLmNsXC9pbmljaW9cL3dwLWNvbnRlbnRcL3VwbG9hZHNcLzIwMjZcLzA0XC9JTlYxLnBuZyIsInNsaWRlc2hvdyI6ImFkNGVhZjYifQ%3D%3D\">\n\t\t\t\t\t<div class=\"e-gallery-image elementor-gallery-item__image\" data-thumbnail=\"https:\/\/imariquique.cl\/inicio\/wp-content\/uploads\/2026\/04\/INV1-240x300.png\" data-width=\"240\" data-height=\"300\" aria-label=\"\" role=\"img\" ><\/div>\n\t\t\t\t\t\t\t\t\t\t\t<div class=\"elementor-gallery-item__overlay\"><\/div>\n\t\t\t\t\t\t\t\t\t\t\t\t\t\t<\/a>\n\t\t\t\t\t\t\t<a class=\"e-gallery-item elementor-gallery-item elementor-animated-content\" href=\"https:\/\/imariquique.cl\/inicio\/wp-content\/uploads\/2026\/04\/INV2.png\" data-elementor-open-lightbox=\"yes\" data-elementor-lightbox-slideshow=\"ad4eaf6\" data-elementor-lightbox-title=\"INV2\" data-e-action-hash=\"#elementor-action%3Aaction%3Dlightbox%26settings%3DeyJpZCI6NDE4NywidXJsIjoiaHR0cHM6XC9cL2ltYXJpcXVpcXVlLmNsXC9pbmljaW9cL3dwLWNvbnRlbnRcL3VwbG9hZHNcLzIwMjZcLzA0XC9JTlYyLnBuZyIsInNsaWRlc2hvdyI6ImFkNGVhZjYifQ%3D%3D\">\n\t\t\t\t\t<div class=\"e-gallery-image elementor-gallery-item__image\" data-thumbnail=\"https:\/\/imariquique.cl\/inicio\/wp-content\/uploads\/2026\/04\/INV2-240x300.png\" data-width=\"240\" data-height=\"300\" aria-label=\"\" role=\"img\" ><\/div>\n\t\t\t\t\t\t\t\t\t\t\t<div class=\"elementor-gallery-item__overlay\"><\/div>\n\t\t\t\t\t\t\t\t\t\t\t\t\t\t<\/a>\n\t\t\t\t\t\t\t<a class=\"e-gallery-item elementor-gallery-item elementor-animated-content\" href=\"https:\/\/imariquique.cl\/inicio\/wp-content\/uploads\/2026\/04\/INV3.png\" data-elementor-open-lightbox=\"yes\" data-elementor-lightbox-slideshow=\"ad4eaf6\" data-elementor-lightbox-title=\"INV3\" data-e-action-hash=\"#elementor-action%3Aaction%3Dlightbox%26settings%3DeyJpZCI6NDE4OCwidXJsIjoiaHR0cHM6XC9cL2ltYXJpcXVpcXVlLmNsXC9pbmljaW9cL3dwLWNvbnRlbnRcL3VwbG9hZHNcLzIwMjZcLzA0XC9JTlYzLnBuZyIsInNsaWRlc2hvdyI6ImFkNGVhZjYifQ%3D%3D\">\n\t\t\t\t\t<div class=\"e-gallery-image elementor-gallery-item__image\" data-thumbnail=\"https:\/\/imariquique.cl\/inicio\/wp-content\/uploads\/2026\/04\/INV3-240x300.png\" data-width=\"240\" data-height=\"300\" aria-label=\"\" role=\"img\" ><\/div>\n\t\t\t\t\t\t\t\t\t\t\t<div class=\"elementor-gallery-item__overlay\"><\/div>\n\t\t\t\t\t\t\t\t\t\t\t\t\t\t<\/a>\n\t\t\t\t\t\t\t<a class=\"e-gallery-item elementor-gallery-item elementor-animated-content\" href=\"https:\/\/imariquique.cl\/inicio\/wp-content\/uploads\/2026\/04\/INV4.png\" data-elementor-open-lightbox=\"yes\" data-elementor-lightbox-slideshow=\"ad4eaf6\" data-elementor-lightbox-title=\"INV4\" data-e-action-hash=\"#elementor-action%3Aaction%3Dlightbox%26settings%3DeyJpZCI6NDE4OSwidXJsIjoiaHR0cHM6XC9cL2ltYXJpcXVpcXVlLmNsXC9pbmljaW9cL3dwLWNvbnRlbnRcL3VwbG9hZHNcLzIwMjZcLzA0XC9JTlY0LnBuZyIsInNsaWRlc2hvdyI6ImFkNGVhZjYifQ%3D%3D\">\n\t\t\t\t\t<div class=\"e-gallery-image elementor-gallery-item__image\" data-thumbnail=\"https:\/\/imariquique.cl\/inicio\/wp-content\/uploads\/2026\/04\/INV4-240x300.png\" data-width=\"240\" data-height=\"300\" aria-label=\"\" role=\"img\" ><\/div>\n\t\t\t\t\t\t\t\t\t\t\t<div class=\"elementor-gallery-item__overlay\"><\/div>\n\t\t\t\t\t\t\t\t\t\t\t\t\t\t<\/a>\n\t\t\t\t\t\t\t<a class=\"e-gallery-item elementor-gallery-item elementor-animated-content\" href=\"https:\/\/imariquique.cl\/inicio\/wp-content\/uploads\/2026\/04\/INV5.png\" data-elementor-open-lightbox=\"yes\" data-elementor-lightbox-slideshow=\"ad4eaf6\" data-elementor-lightbox-title=\"INV5\" data-e-action-hash=\"#elementor-action%3Aaction%3Dlightbox%26settings%3DeyJpZCI6NDE5MCwidXJsIjoiaHR0cHM6XC9cL2ltYXJpcXVpcXVlLmNsXC9pbmljaW9cL3dwLWNvbnRlbnRcL3VwbG9hZHNcLzIwMjZcLzA0XC9JTlY1LnBuZyIsInNsaWRlc2hvdyI6ImFkNGVhZjYifQ%3D%3D\">\n\t\t\t\t\t<div class=\"e-gallery-image elementor-gallery-item__image\" data-thumbnail=\"https:\/\/imariquique.cl\/inicio\/wp-content\/uploads\/2026\/04\/INV5-240x300.png\" data-width=\"240\" data-height=\"300\" aria-label=\"\" role=\"img\" ><\/div>\n\t\t\t\t\t\t\t\t\t\t\t<div class=\"elementor-gallery-item__overlay\"><\/div>\n\t\t\t\t\t\t\t\t\t\t\t\t\t\t<\/a>\n\t\t\t\t\t\t\t<a class=\"e-gallery-item elementor-gallery-item elementor-animated-content\" href=\"https:\/\/imariquique.cl\/inicio\/wp-content\/uploads\/2026\/04\/INV6.png\" data-elementor-open-lightbox=\"yes\" data-elementor-lightbox-slideshow=\"ad4eaf6\" data-elementor-lightbox-title=\"INV6\" data-e-action-hash=\"#elementor-action%3Aaction%3Dlightbox%26settings%3DeyJpZCI6NDE5MSwidXJsIjoiaHR0cHM6XC9cL2ltYXJpcXVpcXVlLmNsXC9pbmljaW9cL3dwLWNvbnRlbnRcL3VwbG9hZHNcLzIwMjZcLzA0XC9JTlY2LnBuZyIsInNsaWRlc2hvdyI6ImFkNGVhZjYifQ%3D%3D\">\n\t\t\t\t\t<div class=\"e-gallery-image elementor-gallery-item__image\" data-thumbnail=\"https:\/\/imariquique.cl\/inicio\/wp-content\/uploads\/2026\/04\/INV6-240x300.png\" data-width=\"240\" data-height=\"300\" aria-label=\"\" role=\"img\" ><\/div>\n\t\t\t\t\t\t\t\t\t\t\t<div class=\"elementor-gallery-item__overlay\"><\/div>\n\t\t\t\t\t\t\t\t\t\t\t\t\t\t<\/a>\n\t\t\t\t\t\t\t<a class=\"e-gallery-item elementor-gallery-item elementor-animated-content\" href=\"https:\/\/imariquique.cl\/inicio\/wp-content\/uploads\/2026\/04\/INV7.png\" data-elementor-open-lightbox=\"yes\" data-elementor-lightbox-slideshow=\"ad4eaf6\" data-elementor-lightbox-title=\"INV7\" data-e-action-hash=\"#elementor-action%3Aaction%3Dlightbox%26settings%3DeyJpZCI6NDE5MiwidXJsIjoiaHR0cHM6XC9cL2ltYXJpcXVpcXVlLmNsXC9pbmljaW9cL3dwLWNvbnRlbnRcL3VwbG9hZHNcLzIwMjZcLzA0XC9JTlY3LnBuZyIsInNsaWRlc2hvdyI6ImFkNGVhZjYifQ%3D%3D\">\n\t\t\t\t\t<div class=\"e-gallery-image elementor-gallery-item__image\" data-thumbnail=\"https:\/\/imariquique.cl\/inicio\/wp-content\/uploads\/2026\/04\/INV7-240x300.png\" data-width=\"240\" data-height=\"300\" aria-label=\"\" role=\"img\" ><\/div>\n\t\t\t\t\t\t\t\t\t\t\t<div class=\"elementor-gallery-item__overlay\"><\/div>\n\t\t\t\t\t\t\t\t\t\t\t\t\t\t<\/a>\n\t\t\t\t\t\t\t<a class=\"e-gallery-item elementor-gallery-item elementor-animated-content\" href=\"https:\/\/imariquique.cl\/inicio\/wp-content\/uploads\/2026\/04\/INV8png.png\" data-elementor-open-lightbox=\"yes\" data-elementor-lightbox-slideshow=\"ad4eaf6\" data-elementor-lightbox-title=\"INV8png\" data-e-action-hash=\"#elementor-action%3Aaction%3Dlightbox%26settings%3DeyJpZCI6NDE5MywidXJsIjoiaHR0cHM6XC9cL2ltYXJpcXVpcXVlLmNsXC9pbmljaW9cL3dwLWNvbnRlbnRcL3VwbG9hZHNcLzIwMjZcLzA0XC9JTlY4cG5nLnBuZyIsInNsaWRlc2hvdyI6ImFkNGVhZjYifQ%3D%3D\">\n\t\t\t\t\t<div class=\"e-gallery-image elementor-gallery-item__image\" data-thumbnail=\"https:\/\/imariquique.cl\/inicio\/wp-content\/uploads\/2026\/04\/INV8png-240x300.png\" data-width=\"240\" data-height=\"300\" aria-label=\"\" role=\"img\" ><\/div>\n\t\t\t\t\t\t\t\t\t\t\t<div class=\"elementor-gallery-item__overlay\"><\/div>\n\t\t\t\t\t\t\t\t\t\t\t\t\t\t<\/a>\n\t\t\t\t\t\t\t<a class=\"e-gallery-item elementor-gallery-item elementor-animated-content\" href=\"https:\/\/imariquique.cl\/inicio\/wp-content\/uploads\/2026\/04\/INV9.png\" data-elementor-open-lightbox=\"yes\" data-elementor-lightbox-slideshow=\"ad4eaf6\" data-elementor-lightbox-title=\"INV9\" data-e-action-hash=\"#elementor-action%3Aaction%3Dlightbox%26settings%3DeyJpZCI6NDE5NCwidXJsIjoiaHR0cHM6XC9cL2ltYXJpcXVpcXVlLmNsXC9pbmljaW9cL3dwLWNvbnRlbnRcL3VwbG9hZHNcLzIwMjZcLzA0XC9JTlY5LnBuZyIsInNsaWRlc2hvdyI6ImFkNGVhZjYifQ%3D%3D\">\n\t\t\t\t\t<div class=\"e-gallery-image elementor-gallery-item__image\" data-thumbnail=\"https:\/\/imariquique.cl\/inicio\/wp-content\/uploads\/2026\/04\/INV9-240x300.png\" data-width=\"240\" data-height=\"300\" aria-label=\"\" role=\"img\" ><\/div>\n\t\t\t\t\t\t\t\t\t\t\t<div class=\"elementor-gallery-item__overlay\"><\/div>\n\t\t\t\t\t\t\t\t\t\t\t\t\t\t<\/a>\n\t\t\t\t\t\t\t<a class=\"e-gallery-item elementor-gallery-item elementor-animated-content\" href=\"https:\/\/imariquique.cl\/inicio\/wp-content\/uploads\/2026\/04\/INV10.png\" data-elementor-open-lightbox=\"yes\" data-elementor-lightbox-slideshow=\"ad4eaf6\" data-elementor-lightbox-title=\"INV10\" data-e-action-hash=\"#elementor-action%3Aaction%3Dlightbox%26settings%3DeyJpZCI6NDE5NSwidXJsIjoiaHR0cHM6XC9cL2ltYXJpcXVpcXVlLmNsXC9pbmljaW9cL3dwLWNvbnRlbnRcL3VwbG9hZHNcLzIwMjZcLzA0XC9JTlYxMC5wbmciLCJzbGlkZXNob3ciOiJhZDRlYWY2In0%3D\">\n\t\t\t\t\t<div class=\"e-gallery-image elementor-gallery-item__image\" data-thumbnail=\"https:\/\/imariquique.cl\/inicio\/wp-content\/uploads\/2026\/04\/INV10-240x300.png\" data-width=\"240\" data-height=\"300\" aria-label=\"\" role=\"img\" ><\/div>\n\t\t\t\t\t\t\t\t\t\t\t<div class=\"elementor-gallery-item__overlay\"><\/div>\n\t\t\t\t\t\t\t\t\t\t\t\t\t\t<\/a>\n\t\t\t\t\t\t\t<a class=\"e-gallery-item elementor-gallery-item elementor-animated-content\" href=\"https:\/\/imariquique.cl\/inicio\/wp-content\/uploads\/2026\/04\/INV11.png\" data-elementor-open-lightbox=\"yes\" data-elementor-lightbox-slideshow=\"ad4eaf6\" data-elementor-lightbox-title=\"INV11\" data-e-action-hash=\"#elementor-action%3Aaction%3Dlightbox%26settings%3DeyJpZCI6NDE5NiwidXJsIjoiaHR0cHM6XC9cL2ltYXJpcXVpcXVlLmNsXC9pbmljaW9cL3dwLWNvbnRlbnRcL3VwbG9hZHNcLzIwMjZcLzA0XC9JTlYxMS5wbmciLCJzbGlkZXNob3ciOiJhZDRlYWY2In0%3D\">\n\t\t\t\t\t<div class=\"e-gallery-image elementor-gallery-item__image\" data-thumbnail=\"https:\/\/imariquique.cl\/inicio\/wp-content\/uploads\/2026\/04\/INV11-240x300.png\" data-width=\"240\" data-height=\"300\" aria-label=\"\" role=\"img\" ><\/div>\n\t\t\t\t\t\t\t\t\t\t\t<div class=\"elementor-gallery-item__overlay\"><\/div>\n\t\t\t\t\t\t\t\t\t\t\t\t\t\t<\/a>\n\t\t\t\t\t\t\t<a class=\"e-gallery-item elementor-gallery-item elementor-animated-content\" href=\"https:\/\/imariquique.cl\/inicio\/wp-content\/uploads\/2026\/04\/INV12.png\" data-elementor-open-lightbox=\"yes\" data-elementor-lightbox-slideshow=\"ad4eaf6\" data-elementor-lightbox-title=\"INV12\" data-e-action-hash=\"#elementor-action%3Aaction%3Dlightbox%26settings%3DeyJpZCI6NDE5NywidXJsIjoiaHR0cHM6XC9cL2ltYXJpcXVpcXVlLmNsXC9pbmljaW9cL3dwLWNvbnRlbnRcL3VwbG9hZHNcLzIwMjZcLzA0XC9JTlYxMi5wbmciLCJzbGlkZXNob3ciOiJhZDRlYWY2In0%3D\">\n\t\t\t\t\t<div class=\"e-gallery-image elementor-gallery-item__image\" data-thumbnail=\"https:\/\/imariquique.cl\/inicio\/wp-content\/uploads\/2026\/04\/INV12-300x209.png\" data-width=\"300\" data-height=\"209\" aria-label=\"\" role=\"img\" ><\/div>\n\t\t\t\t\t\t\t\t\t\t\t<div class=\"elementor-gallery-item__overlay\"><\/div>\n\t\t\t\t\t\t\t\t\t\t\t\t\t\t<\/a>\n\t\t\t\t\t\t\t<a class=\"e-gallery-item elementor-gallery-item elementor-animated-content\" href=\"https:\/\/imariquique.cl\/inicio\/wp-content\/uploads\/2026\/04\/INV13.png\" data-elementor-open-lightbox=\"yes\" data-elementor-lightbox-slideshow=\"ad4eaf6\" data-elementor-lightbox-title=\"INV13\" data-e-action-hash=\"#elementor-action%3Aaction%3Dlightbox%26settings%3DeyJpZCI6NDE5OCwidXJsIjoiaHR0cHM6XC9cL2ltYXJpcXVpcXVlLmNsXC9pbmljaW9cL3dwLWNvbnRlbnRcL3VwbG9hZHNcLzIwMjZcLzA0XC9JTlYxMy5wbmciLCJzbGlkZXNob3ciOiJhZDRlYWY2In0%3D\">\n\t\t\t\t\t<div class=\"e-gallery-image elementor-gallery-item__image\" data-thumbnail=\"https:\/\/imariquique.cl\/inicio\/wp-content\/uploads\/2026\/04\/INV13-300x209.png\" data-width=\"300\" data-height=\"209\" aria-label=\"\" role=\"img\" ><\/div>\n\t\t\t\t\t\t\t\t\t\t\t<div class=\"elementor-gallery-item__overlay\"><\/div>\n\t\t\t\t\t\t\t\t\t\t\t\t\t\t<\/a>\n\t\t\t\t\t\t\t<a class=\"e-gallery-item elementor-gallery-item elementor-animated-content\" href=\"https:\/\/imariquique.cl\/inicio\/wp-content\/uploads\/2026\/04\/INV14.png\" data-elementor-open-lightbox=\"yes\" data-elementor-lightbox-slideshow=\"ad4eaf6\" data-elementor-lightbox-title=\"INV14\" data-e-action-hash=\"#elementor-action%3Aaction%3Dlightbox%26settings%3DeyJpZCI6NDE5OSwidXJsIjoiaHR0cHM6XC9cL2ltYXJpcXVpcXVlLmNsXC9pbmljaW9cL3dwLWNvbnRlbnRcL3VwbG9hZHNcLzIwMjZcLzA0XC9JTlYxNC5wbmciLCJzbGlkZXNob3ciOiJhZDRlYWY2In0%3D\">\n\t\t\t\t\t<div class=\"e-gallery-image elementor-gallery-item__image\" data-thumbnail=\"https:\/\/imariquique.cl\/inicio\/wp-content\/uploads\/2026\/04\/INV14-300x209.png\" data-width=\"300\" data-height=\"209\" aria-label=\"\" role=\"img\" ><\/div>\n\t\t\t\t\t\t\t\t\t\t\t<div class=\"elementor-gallery-item__overlay\"><\/div>\n\t\t\t\t\t\t\t\t\t\t\t\t\t\t<\/a>\n\t\t\t\t\t\t\t<a class=\"e-gallery-item elementor-gallery-item elementor-animated-content\" href=\"https:\/\/imariquique.cl\/inicio\/wp-content\/uploads\/2026\/04\/INV15.png\" data-elementor-open-lightbox=\"yes\" data-elementor-lightbox-slideshow=\"ad4eaf6\" data-elementor-lightbox-title=\"INV15\" data-e-action-hash=\"#elementor-action%3Aaction%3Dlightbox%26settings%3DeyJpZCI6NDIwMCwidXJsIjoiaHR0cHM6XC9cL2ltYXJpcXVpcXVlLmNsXC9pbmljaW9cL3dwLWNvbnRlbnRcL3VwbG9hZHNcLzIwMjZcLzA0XC9JTlYxNS5wbmciLCJzbGlkZXNob3ciOiJhZDRlYWY2In0%3D\">\n\t\t\t\t\t<div class=\"e-gallery-image elementor-gallery-item__image\" data-thumbnail=\"https:\/\/imariquique.cl\/inicio\/wp-content\/uploads\/2026\/04\/INV15-300x209.png\" data-width=\"300\" data-height=\"209\" aria-label=\"\" role=\"img\" ><\/div>\n\t\t\t\t\t\t\t\t\t\t\t<div class=\"elementor-gallery-item__overlay\"><\/div>\n\t\t\t\t\t\t\t\t\t\t\t\t\t\t<\/a>\n\t\t\t\t\t\t\t<a class=\"e-gallery-item elementor-gallery-item elementor-animated-content\" href=\"https:\/\/imariquique.cl\/inicio\/wp-content\/uploads\/2026\/04\/INV16.png\" data-elementor-open-lightbox=\"yes\" data-elementor-lightbox-slideshow=\"ad4eaf6\" data-elementor-lightbox-title=\"INV16\" data-e-action-hash=\"#elementor-action%3Aaction%3Dlightbox%26settings%3DeyJpZCI6NDIwMSwidXJsIjoiaHR0cHM6XC9cL2ltYXJpcXVpcXVlLmNsXC9pbmljaW9cL3dwLWNvbnRlbnRcL3VwbG9hZHNcLzIwMjZcLzA0XC9JTlYxNi5wbmciLCJzbGlkZXNob3ciOiJhZDRlYWY2In0%3D\">\n\t\t\t\t\t<div class=\"e-gallery-image elementor-gallery-item__image\" data-thumbnail=\"https:\/\/imariquique.cl\/inicio\/wp-content\/uploads\/2026\/04\/INV16-300x209.png\" data-width=\"300\" data-height=\"209\" aria-label=\"\" role=\"img\" ><\/div>\n\t\t\t\t\t\t\t\t\t\t\t<div class=\"elementor-gallery-item__overlay\"><\/div>\n\t\t\t\t\t\t\t\t\t\t\t\t\t\t<\/a>\n\t\t\t\t\t\t\t<a class=\"e-gallery-item elementor-gallery-item elementor-animated-content\" href=\"https:\/\/imariquique.cl\/inicio\/wp-content\/uploads\/2026\/04\/INV17.png\" data-elementor-open-lightbox=\"yes\" data-elementor-lightbox-slideshow=\"ad4eaf6\" data-elementor-lightbox-title=\"INV17\" data-e-action-hash=\"#elementor-action%3Aaction%3Dlightbox%26settings%3DeyJpZCI6NDIwMiwidXJsIjoiaHR0cHM6XC9cL2ltYXJpcXVpcXVlLmNsXC9pbmljaW9cL3dwLWNvbnRlbnRcL3VwbG9hZHNcLzIwMjZcLzA0XC9JTlYxNy5wbmciLCJzbGlkZXNob3ciOiJhZDRlYWY2In0%3D\">\n\t\t\t\t\t<div class=\"e-gallery-image elementor-gallery-item__image\" data-thumbnail=\"https:\/\/imariquique.cl\/inicio\/wp-content\/uploads\/2026\/04\/INV17-300x209.png\" data-width=\"300\" data-height=\"209\" aria-label=\"\" role=\"img\" ><\/div>\n\t\t\t\t\t\t\t\t\t\t\t<div class=\"elementor-gallery-item__overlay\"><\/div>\n\t\t\t\t\t\t\t\t\t\t\t\t\t\t<\/a>\n\t\t\t\t\t<\/div>\n\t\t\t\t\t<\/div>\n\t\t\t\t<\/div>\n\t\t\t\t\t<\/div>\n\t\t\t\t<\/div>\n\t\t\t\t<\/div>\n\t\t","protected":false},"excerpt":{"rendered":"<p>Nuestro Liceo Bicentenario Instituto del Mar \u00abAlmirante Carlos Condell\u00bb de Iquique celebr\u00f3 con solemnidad su Ceremonia de Investidura T\u00e9cnica 2026, un hito que marc\u00f3 el ingreso formal de los estudiantes de 3\u00b0 medio al mundo de la formaci\u00f3n t\u00e9cnico-profesional. El acto cont\u00f3 con la presencia de la\u00a0Directora del establecimiento, se\u00f1ora Roxana Ojeda Aravena, junto al [&hellip;]<\/p>\n","protected":false},"author":3,"featured_media":0,"parent":0,"menu_order":0,"comment_status":"closed","ping_status":"closed","template":"","meta":{"footnotes":""},"class_list":["post-4181","page","type-page","status-publish","hentry"],"_links":{"self":[{"href":"https:\/\/imariquique.cl\/inicio\/wp-json\/wp\/v2\/pages\/4181","targetHints":{"allow":["GET"]}}],"collection":[{"href":"https:\/\/imariquique.cl\/inicio\/wp-json\/wp\/v2\/pages"}],"about":[{"href":"https:\/\/imariquique.cl\/inicio\/wp-json\/wp\/v2\/types\/page"}],"author":[{"embeddable":true,"href":"https:\/\/imariquique.cl\/inicio\/wp-json\/wp\/v2\/users\/3"}],"replies":[{"embeddable":true,"href":"https:\/\/imariquique.cl\/inicio\/wp-json\/wp\/v2\/comments?post=4181"}],"version-history":[{"count":7,"href":"https:\/\/imariquique.cl\/inicio\/wp-json\/wp\/v2\/pages\/4181\/revisions"}],"predecessor-version":[{"id":4208,"href":"https:\/\/imariquique.cl\/inicio\/wp-json\/wp\/v2\/pages\/4181\/revisions\/4208"}],"wp:attachment":[{"href":"https:\/\/imariquique.cl\/inicio\/wp-json\/wp\/v2\/media?parent=4181"}],"curies":[{"name":"wp","href":"https:\/\/api.w.org\/{rel}","templated":true}]}}