{"id":4127,"date":"2026-04-18T20:17:45","date_gmt":"2026-04-19T00:17:45","guid":{"rendered":"https:\/\/imariquique.cl\/inicio\/?page_id=4127"},"modified":"2026-04-18T20:20:30","modified_gmt":"2026-04-19T00:20:30","slug":"aniversario53","status":"publish","type":"page","link":"https:\/\/imariquique.cl\/inicio\/aniversario53\/","title":{"rendered":"53\u00b0 Aniversario del Instituto del Mar: una trayectoria de compromiso, formaci\u00f3n y valores."},"content":{"rendered":"\t\t<div data-elementor-type=\"wp-page\" data-elementor-id=\"4127\" class=\"elementor elementor-4127\" data-elementor-post-type=\"page\">\n\t\t\t\t<div class=\"elementor-element elementor-element-2cd4d9c e-flex e-con-boxed e-con e-parent\" data-id=\"2cd4d9c\" data-element_type=\"container\" data-e-type=\"container\">\n\t\t\t\t\t<div class=\"e-con-inner\">\n\t\t\t\t<div class=\"elementor-element elementor-element-b58e05f elementor-widget elementor-widget-image\" data-id=\"b58e05f\" data-element_type=\"widget\" data-e-type=\"widget\" data-widget_type=\"image.default\">\n\t\t\t\t<div class=\"elementor-widget-container\">\n\t\t\t\t\t\t\t\t\t\t\t\t\t\t\t<img fetchpriority=\"high\" decoding=\"async\" width=\"1920\" height=\"1200\" src=\"https:\/\/imariquique.cl\/inicio\/wp-content\/uploads\/2026\/04\/w1.png\" class=\"attachment-full size-full wp-image-4129\" alt=\"\" srcset=\"https:\/\/imariquique.cl\/inicio\/wp-content\/uploads\/2026\/04\/w1.png 1920w, https:\/\/imariquique.cl\/inicio\/wp-content\/uploads\/2026\/04\/w1-300x188.png 300w, https:\/\/imariquique.cl\/inicio\/wp-content\/uploads\/2026\/04\/w1-1024x640.png 1024w, https:\/\/imariquique.cl\/inicio\/wp-content\/uploads\/2026\/04\/w1-768x480.png 768w, https:\/\/imariquique.cl\/inicio\/wp-content\/uploads\/2026\/04\/w1-1536x960.png 1536w\" sizes=\"(max-width: 1920px) 100vw, 1920px\" \/>\t\t\t\t\t\t\t\t\t\t\t\t\t\t\t<\/div>\n\t\t\t\t<\/div>\n\t\t\t\t\t<\/div>\n\t\t\t\t<\/div>\n\t\t<div class=\"elementor-element elementor-element-a6a212f e-flex e-con-boxed e-con e-parent\" data-id=\"a6a212f\" data-element_type=\"container\" data-e-type=\"container\">\n\t\t\t\t\t<div class=\"e-con-inner\">\n\t\t\t\t<div class=\"elementor-element elementor-element-5dbca9c elementor-widget elementor-widget-text-editor\" data-id=\"5dbca9c\" data-element_type=\"widget\" data-e-type=\"widget\" data-widget_type=\"text-editor.default\">\n\t\t\t\t<div class=\"elementor-widget-container\">\n\t\t\t\t\t\t\t\t\t<p class=\"p1\" style=\"text-align: justify;\">Nuestro querido <strong><em>Liceo Bicentenario Instituto del Mar Almirante Carlos Condell<\/em><\/strong> conmemora con orgullo su <em><strong>53\u00b0 aniversario<\/strong><\/em>, consolid\u00e1ndose como una instituci\u00f3n educativa que ha marcado la vida de generaciones de estudiantes, formando profesionales competentes y ciudadanos comprometidos con la sociedad. Esta significativa fecha nos invita a reflexionar sobre el camino recorrido, los logros alcanzados y, sobre todo, el profundo sentido de comunidad que nos caracteriza.<\/p><p class=\"p1\" style=\"text-align: justify;\">En el marco de esta importante celebraci\u00f3n, contamos con la valiosa presencia de representantes de Carabineros de Chile, quienes acompa\u00f1aron este hito institucional, reforzando el v\u00ednculo entre nuestra comunidad educativa y las instituciones que contribuyen al bienestar y la seguridad de la sociedad. Asimismo, destacamos la participaci\u00f3n de nuestro Director Ejecutivo, don Pablo Lubascher Correa, cuya presencia reafirma el compromiso con el desarrollo y fortalecimiento de nuestro proyecto educativo.<\/p><p class=\"p1\" style=\"text-align: justify;\">A lo largo de estos a\u00f1os, uno de los pilares fundamentales de nuestro quehacer ha sido el compromiso permanente de nuestros docentes. Su vocaci\u00f3n, entrega y profesionalismo han sido esenciales en la formaci\u00f3n integral de nuestros estudiantes. M\u00e1s all\u00e1 de transmitir conocimientos t\u00e9cnicos, nuestros profesores acompa\u00f1an, orientan y motivan, generando v\u00ednculos basados en la confianza y el respeto, fundamentales para el desarrollo personal y acad\u00e9mico de cada alumno.<\/p>\t\t\t\t\t\t\t\t<\/div>\n\t\t\t\t<\/div>\n\t\t\t\t\t<\/div>\n\t\t\t\t<\/div>\n\t\t<div class=\"elementor-element elementor-element-1bb9494 e-flex e-con-boxed e-con e-parent\" data-id=\"1bb9494\" data-element_type=\"container\" data-e-type=\"container\">\n\t\t\t\t\t<div class=\"e-con-inner\">\n\t\t\t\t<div class=\"elementor-element elementor-element-a52f552 elementor-widget elementor-widget-image\" data-id=\"a52f552\" data-element_type=\"widget\" data-e-type=\"widget\" data-widget_type=\"image.default\">\n\t\t\t\t<div class=\"elementor-widget-container\">\n\t\t\t\t\t\t\t\t\t\t\t\t\t\t\t<img decoding=\"async\" width=\"1920\" height=\"1200\" src=\"https:\/\/imariquique.cl\/inicio\/wp-content\/uploads\/2026\/04\/w2.png\" class=\"attachment-full size-full wp-image-4130\" alt=\"\" srcset=\"https:\/\/imariquique.cl\/inicio\/wp-content\/uploads\/2026\/04\/w2.png 1920w, https:\/\/imariquique.cl\/inicio\/wp-content\/uploads\/2026\/04\/w2-300x188.png 300w, https:\/\/imariquique.cl\/inicio\/wp-content\/uploads\/2026\/04\/w2-1024x640.png 1024w, https:\/\/imariquique.cl\/inicio\/wp-content\/uploads\/2026\/04\/w2-768x480.png 768w, https:\/\/imariquique.cl\/inicio\/wp-content\/uploads\/2026\/04\/w2-1536x960.png 1536w\" sizes=\"(max-width: 1920px) 100vw, 1920px\" \/>\t\t\t\t\t\t\t\t\t\t\t\t\t\t\t<\/div>\n\t\t\t\t<\/div>\n\t\t\t\t\t<\/div>\n\t\t\t\t<\/div>\n\t\t<div class=\"elementor-element elementor-element-5ce9786 e-flex e-con-boxed e-con e-parent\" data-id=\"5ce9786\" data-element_type=\"container\" data-e-type=\"container\">\n\t\t\t\t\t<div class=\"e-con-inner\">\n\t\t\t\t<div class=\"elementor-element elementor-element-0dcb125 elementor-widget elementor-widget-text-editor\" data-id=\"0dcb125\" data-element_type=\"widget\" data-e-type=\"widget\" data-widget_type=\"text-editor.default\">\n\t\t\t\t<div class=\"elementor-widget-container\">\n\t\t\t\t\t\t\t\t\t<p class=\"p2\" style=\"text-align: justify;\">El Instituto del Mar no solo se distingue por su excelencia acad\u00e9mica, sino tambi\u00e9n por promover valores esenciales como la solidaridad y la empat\u00eda. Estos principios se reflejan en la convivencia diaria, en el trabajo colaborativo y en las diversas actividades que fortalecen el sentido de pertenencia y responsabilidad social. Creemos firmemente que educar implica formar personas conscientes de su entorno, capaces de aportar positivamente a la comunidad.<\/p>\n<p class=\"p2\" style=\"text-align: justify;\">Otro aspecto central que define nuestra identidad son las especialidades que impartimos, las cuales responden a las demandas actuales del entorno productivo, particularmente en el \u00e1mbito mar\u00edtimo y t\u00e9cnico. A trav\u00e9s de una formaci\u00f3n pertinente y actualizada, entregamos a nuestros estudiantes herramientas concretas que les permiten proyectarse con \u00e9xito en el mundo laboral o continuar su desarrollo acad\u00e9mico, siempre con una s\u00f3lida base \u00e9tica y profesional.<\/p>\n<p class=\"p2\" style=\"text-align: justify;\">Este aniversario es tambi\u00e9n una oportunidad para agradecer a todos quienes han sido parte de nuestra historia: estudiantes, docentes, asistentes de la educaci\u00f3n, familias y redes de apoyo que han contribuido al crecimiento y fortalecimiento de nuestra instituci\u00f3n.<\/p>\n<p class=\"p2\" style=\"text-align: justify;\">Hoy, m\u00e1s que nunca, reafirmamos nuestro compromiso con la educaci\u00f3n de calidad, con la formaci\u00f3n integral de nuestros estudiantes y con el desarrollo de una comunidad educativa que mira el futuro con esperanza y determinaci\u00f3n.<\/p>\n<p class=\"p2\" style=\"text-align: justify;\">En el Instituto del Mar educamos para transformar vidas.<\/p>\t\t\t\t\t\t\t\t<\/div>\n\t\t\t\t<\/div>\n\t\t\t\t\t<\/div>\n\t\t\t\t<\/div>\n\t\t<div class=\"elementor-element elementor-element-3cece23 e-flex e-con-boxed e-con e-parent\" data-id=\"3cece23\" data-element_type=\"container\" data-e-type=\"container\">\n\t\t\t\t\t<div class=\"e-con-inner\">\n\t\t\t\t<div class=\"elementor-element elementor-element-2f14b02 elementor-widget elementor-widget-gallery\" data-id=\"2f14b02\" data-element_type=\"widget\" data-e-type=\"widget\" data-settings=\"{&quot;gallery_layout&quot;:&quot;justified&quot;,&quot;lazyload&quot;:&quot;yes&quot;,&quot;ideal_row_height&quot;:{&quot;unit&quot;:&quot;px&quot;,&quot;size&quot;:200,&quot;sizes&quot;:[]},&quot;ideal_row_height_tablet&quot;:{&quot;unit&quot;:&quot;px&quot;,&quot;size&quot;:150,&quot;sizes&quot;:[]},&quot;ideal_row_height_mobile&quot;:{&quot;unit&quot;:&quot;px&quot;,&quot;size&quot;:150,&quot;sizes&quot;:[]},&quot;gap&quot;:{&quot;unit&quot;:&quot;px&quot;,&quot;size&quot;:10,&quot;sizes&quot;:[]},&quot;gap_tablet&quot;:{&quot;unit&quot;:&quot;px&quot;,&quot;size&quot;:10,&quot;sizes&quot;:[]},&quot;gap_mobile&quot;:{&quot;unit&quot;:&quot;px&quot;,&quot;size&quot;:10,&quot;sizes&quot;:[]},&quot;link_to&quot;:&quot;file&quot;,&quot;overlay_background&quot;:&quot;yes&quot;,&quot;content_hover_animation&quot;:&quot;fade-in&quot;}\" data-widget_type=\"gallery.default\">\n\t\t\t\t<div class=\"elementor-widget-container\">\n\t\t\t\t\t\t\t<div class=\"elementor-gallery__container\">\n\t\t\t\t\t\t\t<a class=\"e-gallery-item elementor-gallery-item elementor-animated-content\" href=\"https:\/\/imariquique.cl\/inicio\/wp-content\/uploads\/2026\/04\/w5.png\" data-elementor-open-lightbox=\"yes\" data-elementor-lightbox-slideshow=\"2f14b02\" data-elementor-lightbox-title=\"w5\" data-e-action-hash=\"#elementor-action%3Aaction%3Dlightbox%26settings%3DeyJpZCI6NDEzMywidXJsIjoiaHR0cHM6XC9cL2ltYXJpcXVpcXVlLmNsXC9pbmljaW9cL3dwLWNvbnRlbnRcL3VwbG9hZHNcLzIwMjZcLzA0XC93NS5wbmciLCJzbGlkZXNob3ciOiIyZjE0YjAyIn0%3D\">\n\t\t\t\t\t<div class=\"e-gallery-image elementor-gallery-item__image\" data-thumbnail=\"https:\/\/imariquique.cl\/inicio\/wp-content\/uploads\/2026\/04\/w5-300x188.png\" data-width=\"300\" data-height=\"188\" aria-label=\"\" role=\"img\" ><\/div>\n\t\t\t\t\t\t\t\t\t\t\t<div class=\"elementor-gallery-item__overlay\"><\/div>\n\t\t\t\t\t\t\t\t\t\t\t\t\t\t<\/a>\n\t\t\t\t\t\t\t<a class=\"e-gallery-item elementor-gallery-item elementor-animated-content\" href=\"https:\/\/imariquique.cl\/inicio\/wp-content\/uploads\/2026\/04\/w3.png\" data-elementor-open-lightbox=\"yes\" data-elementor-lightbox-slideshow=\"2f14b02\" data-elementor-lightbox-title=\"w3\" data-e-action-hash=\"#elementor-action%3Aaction%3Dlightbox%26settings%3DeyJpZCI6NDEzMSwidXJsIjoiaHR0cHM6XC9cL2ltYXJpcXVpcXVlLmNsXC9pbmljaW9cL3dwLWNvbnRlbnRcL3VwbG9hZHNcLzIwMjZcLzA0XC93My5wbmciLCJzbGlkZXNob3ciOiIyZjE0YjAyIn0%3D\">\n\t\t\t\t\t<div class=\"e-gallery-image elementor-gallery-item__image\" data-thumbnail=\"https:\/\/imariquique.cl\/inicio\/wp-content\/uploads\/2026\/04\/w3-300x188.png\" data-width=\"300\" data-height=\"188\" aria-label=\"\" role=\"img\" ><\/div>\n\t\t\t\t\t\t\t\t\t\t\t<div class=\"elementor-gallery-item__overlay\"><\/div>\n\t\t\t\t\t\t\t\t\t\t\t\t\t\t<\/a>\n\t\t\t\t\t\t\t<a class=\"e-gallery-item elementor-gallery-item elementor-animated-content\" href=\"https:\/\/imariquique.cl\/inicio\/wp-content\/uploads\/2026\/04\/w9.png\" data-elementor-open-lightbox=\"yes\" data-elementor-lightbox-slideshow=\"2f14b02\" data-elementor-lightbox-title=\"w9\" data-e-action-hash=\"#elementor-action%3Aaction%3Dlightbox%26settings%3DeyJpZCI6NDEzNywidXJsIjoiaHR0cHM6XC9cL2ltYXJpcXVpcXVlLmNsXC9pbmljaW9cL3dwLWNvbnRlbnRcL3VwbG9hZHNcLzIwMjZcLzA0XC93OS5wbmciLCJzbGlkZXNob3ciOiIyZjE0YjAyIn0%3D\">\n\t\t\t\t\t<div class=\"e-gallery-image elementor-gallery-item__image\" data-thumbnail=\"https:\/\/imariquique.cl\/inicio\/wp-content\/uploads\/2026\/04\/w9-300x188.png\" data-width=\"300\" data-height=\"188\" aria-label=\"\" role=\"img\" ><\/div>\n\t\t\t\t\t\t\t\t\t\t\t<div class=\"elementor-gallery-item__overlay\"><\/div>\n\t\t\t\t\t\t\t\t\t\t\t\t\t\t<\/a>\n\t\t\t\t\t\t\t<a class=\"e-gallery-item elementor-gallery-item elementor-animated-content\" href=\"https:\/\/imariquique.cl\/inicio\/wp-content\/uploads\/2026\/04\/w4.png\" data-elementor-open-lightbox=\"yes\" data-elementor-lightbox-slideshow=\"2f14b02\" data-elementor-lightbox-title=\"w4\" data-e-action-hash=\"#elementor-action%3Aaction%3Dlightbox%26settings%3DeyJpZCI6NDEzMiwidXJsIjoiaHR0cHM6XC9cL2ltYXJpcXVpcXVlLmNsXC9pbmljaW9cL3dwLWNvbnRlbnRcL3VwbG9hZHNcLzIwMjZcLzA0XC93NC5wbmciLCJzbGlkZXNob3ciOiIyZjE0YjAyIn0%3D\">\n\t\t\t\t\t<div class=\"e-gallery-image elementor-gallery-item__image\" data-thumbnail=\"https:\/\/imariquique.cl\/inicio\/wp-content\/uploads\/2026\/04\/w4-300x188.png\" data-width=\"300\" data-height=\"188\" aria-label=\"\" role=\"img\" ><\/div>\n\t\t\t\t\t\t\t\t\t\t\t<div class=\"elementor-gallery-item__overlay\"><\/div>\n\t\t\t\t\t\t\t\t\t\t\t\t\t\t<\/a>\n\t\t\t\t\t\t\t<a class=\"e-gallery-item elementor-gallery-item elementor-animated-content\" href=\"https:\/\/imariquique.cl\/inicio\/wp-content\/uploads\/2026\/04\/w6.png\" data-elementor-open-lightbox=\"yes\" data-elementor-lightbox-slideshow=\"2f14b02\" data-elementor-lightbox-title=\"w6\" data-e-action-hash=\"#elementor-action%3Aaction%3Dlightbox%26settings%3DeyJpZCI6NDEzNCwidXJsIjoiaHR0cHM6XC9cL2ltYXJpcXVpcXVlLmNsXC9pbmljaW9cL3dwLWNvbnRlbnRcL3VwbG9hZHNcLzIwMjZcLzA0XC93Ni5wbmciLCJzbGlkZXNob3ciOiIyZjE0YjAyIn0%3D\">\n\t\t\t\t\t<div class=\"e-gallery-image elementor-gallery-item__image\" data-thumbnail=\"https:\/\/imariquique.cl\/inicio\/wp-content\/uploads\/2026\/04\/w6-300x188.png\" data-width=\"300\" data-height=\"188\" aria-label=\"\" role=\"img\" ><\/div>\n\t\t\t\t\t\t\t\t\t\t\t<div class=\"elementor-gallery-item__overlay\"><\/div>\n\t\t\t\t\t\t\t\t\t\t\t\t\t\t<\/a>\n\t\t\t\t\t\t\t<a class=\"e-gallery-item elementor-gallery-item elementor-animated-content\" href=\"https:\/\/imariquique.cl\/inicio\/wp-content\/uploads\/2026\/04\/w7.png\" data-elementor-open-lightbox=\"yes\" data-elementor-lightbox-slideshow=\"2f14b02\" data-elementor-lightbox-title=\"w7\" data-e-action-hash=\"#elementor-action%3Aaction%3Dlightbox%26settings%3DeyJpZCI6NDEzNSwidXJsIjoiaHR0cHM6XC9cL2ltYXJpcXVpcXVlLmNsXC9pbmljaW9cL3dwLWNvbnRlbnRcL3VwbG9hZHNcLzIwMjZcLzA0XC93Ny5wbmciLCJzbGlkZXNob3ciOiIyZjE0YjAyIn0%3D\">\n\t\t\t\t\t<div class=\"e-gallery-image elementor-gallery-item__image\" data-thumbnail=\"https:\/\/imariquique.cl\/inicio\/wp-content\/uploads\/2026\/04\/w7-300x188.png\" data-width=\"300\" data-height=\"188\" aria-label=\"\" role=\"img\" ><\/div>\n\t\t\t\t\t\t\t\t\t\t\t<div class=\"elementor-gallery-item__overlay\"><\/div>\n\t\t\t\t\t\t\t\t\t\t\t\t\t\t<\/a>\n\t\t\t\t\t\t\t<a class=\"e-gallery-item elementor-gallery-item elementor-animated-content\" href=\"https:\/\/imariquique.cl\/inicio\/wp-content\/uploads\/2026\/04\/w8.png\" data-elementor-open-lightbox=\"yes\" data-elementor-lightbox-slideshow=\"2f14b02\" data-elementor-lightbox-title=\"w8\" data-e-action-hash=\"#elementor-action%3Aaction%3Dlightbox%26settings%3DeyJpZCI6NDEzNiwidXJsIjoiaHR0cHM6XC9cL2ltYXJpcXVpcXVlLmNsXC9pbmljaW9cL3dwLWNvbnRlbnRcL3VwbG9hZHNcLzIwMjZcLzA0XC93OC5wbmciLCJzbGlkZXNob3ciOiIyZjE0YjAyIn0%3D\">\n\t\t\t\t\t<div class=\"e-gallery-image elementor-gallery-item__image\" data-thumbnail=\"https:\/\/imariquique.cl\/inicio\/wp-content\/uploads\/2026\/04\/w8-300x188.png\" data-width=\"300\" data-height=\"188\" aria-label=\"\" role=\"img\" ><\/div>\n\t\t\t\t\t\t\t\t\t\t\t<div class=\"elementor-gallery-item__overlay\"><\/div>\n\t\t\t\t\t\t\t\t\t\t\t\t\t\t<\/a>\n\t\t\t\t\t\t\t<a class=\"e-gallery-item elementor-gallery-item elementor-animated-content\" href=\"https:\/\/imariquique.cl\/inicio\/wp-content\/uploads\/2026\/04\/w10.png\" data-elementor-open-lightbox=\"yes\" data-elementor-lightbox-slideshow=\"2f14b02\" data-elementor-lightbox-title=\"w10\" data-e-action-hash=\"#elementor-action%3Aaction%3Dlightbox%26settings%3DeyJpZCI6NDEzOCwidXJsIjoiaHR0cHM6XC9cL2ltYXJpcXVpcXVlLmNsXC9pbmljaW9cL3dwLWNvbnRlbnRcL3VwbG9hZHNcLzIwMjZcLzA0XC93MTAucG5nIiwic2xpZGVzaG93IjoiMmYxNGIwMiJ9\">\n\t\t\t\t\t<div class=\"e-gallery-image elementor-gallery-item__image\" data-thumbnail=\"https:\/\/imariquique.cl\/inicio\/wp-content\/uploads\/2026\/04\/w10-300x188.png\" data-width=\"300\" data-height=\"188\" aria-label=\"\" role=\"img\" ><\/div>\n\t\t\t\t\t\t\t\t\t\t\t<div class=\"elementor-gallery-item__overlay\"><\/div>\n\t\t\t\t\t\t\t\t\t\t\t\t\t\t<\/a>\n\t\t\t\t\t\t\t<a class=\"e-gallery-item elementor-gallery-item elementor-animated-content\" href=\"https:\/\/imariquique.cl\/inicio\/wp-content\/uploads\/2026\/04\/w11.png\" data-elementor-open-lightbox=\"yes\" data-elementor-lightbox-slideshow=\"2f14b02\" data-elementor-lightbox-title=\"w11\" data-e-action-hash=\"#elementor-action%3Aaction%3Dlightbox%26settings%3DeyJpZCI6NDEzOSwidXJsIjoiaHR0cHM6XC9cL2ltYXJpcXVpcXVlLmNsXC9pbmljaW9cL3dwLWNvbnRlbnRcL3VwbG9hZHNcLzIwMjZcLzA0XC93MTEucG5nIiwic2xpZGVzaG93IjoiMmYxNGIwMiJ9\">\n\t\t\t\t\t<div class=\"e-gallery-image elementor-gallery-item__image\" data-thumbnail=\"https:\/\/imariquique.cl\/inicio\/wp-content\/uploads\/2026\/04\/w11-300x188.png\" data-width=\"300\" data-height=\"188\" aria-label=\"\" role=\"img\" ><\/div>\n\t\t\t\t\t\t\t\t\t\t\t<div class=\"elementor-gallery-item__overlay\"><\/div>\n\t\t\t\t\t\t\t\t\t\t\t\t\t\t<\/a>\n\t\t\t\t\t<\/div>\n\t\t\t\t\t<\/div>\n\t\t\t\t<\/div>\n\t\t\t\t\t<\/div>\n\t\t\t\t<\/div>\n\t\t\t\t<\/div>\n\t\t","protected":false},"excerpt":{"rendered":"<p>Nuestro querido Liceo Bicentenario Instituto del Mar Almirante Carlos Condell conmemora con orgullo su 53\u00b0 aniversario, consolid\u00e1ndose como una instituci\u00f3n educativa que ha marcado la vida de generaciones de estudiantes, formando profesionales competentes y ciudadanos comprometidos con la sociedad. Esta significativa fecha nos invita a reflexionar sobre el camino recorrido, los logros alcanzados y, sobre [&hellip;]<\/p>\n","protected":false},"author":3,"featured_media":0,"parent":0,"menu_order":0,"comment_status":"closed","ping_status":"closed","template":"","meta":{"footnotes":""},"class_list":["post-4127","page","type-page","status-publish","hentry"],"_links":{"self":[{"href":"https:\/\/imariquique.cl\/inicio\/wp-json\/wp\/v2\/pages\/4127","targetHints":{"allow":["GET"]}}],"collection":[{"href":"https:\/\/imariquique.cl\/inicio\/wp-json\/wp\/v2\/pages"}],"about":[{"href":"https:\/\/imariquique.cl\/inicio\/wp-json\/wp\/v2\/types\/page"}],"author":[{"embeddable":true,"href":"https:\/\/imariquique.cl\/inicio\/wp-json\/wp\/v2\/users\/3"}],"replies":[{"embeddable":true,"href":"https:\/\/imariquique.cl\/inicio\/wp-json\/wp\/v2\/comments?post=4127"}],"version-history":[{"count":7,"href":"https:\/\/imariquique.cl\/inicio\/wp-json\/wp\/v2\/pages\/4127\/revisions"}],"predecessor-version":[{"id":4147,"href":"https:\/\/imariquique.cl\/inicio\/wp-json\/wp\/v2\/pages\/4127\/revisions\/4147"}],"wp:attachment":[{"href":"https:\/\/imariquique.cl\/inicio\/wp-json\/wp\/v2\/media?parent=4127"}],"curies":[{"name":"wp","href":"https:\/\/api.w.org\/{rel}","templated":true}]}}