{"id":4098,"date":"2026-04-09T23:29:27","date_gmt":"2026-04-10T03:29:27","guid":{"rendered":"https:\/\/imariquique.cl\/inicio\/?page_id=4098"},"modified":"2026-04-09T23:39:00","modified_gmt":"2026-04-10T03:39:00","slug":"actividadfisica","status":"publish","type":"page","link":"https:\/\/imariquique.cl\/inicio\/actividadfisica\/","title":{"rendered":""},"content":{"rendered":"\t\t<div data-elementor-type=\"wp-page\" data-elementor-id=\"4098\" class=\"elementor elementor-4098\" data-elementor-post-type=\"page\">\n\t\t\t\t<div class=\"elementor-element elementor-element-95344e5 e-flex e-con-boxed e-con e-parent\" data-id=\"95344e5\" data-element_type=\"container\" data-e-type=\"container\">\n\t\t\t\t\t<div class=\"e-con-inner\">\n\t\t\t\t<div class=\"elementor-element elementor-element-2abca53 elementor-widget elementor-widget-image\" data-id=\"2abca53\" data-element_type=\"widget\" data-e-type=\"widget\" data-widget_type=\"image.default\">\n\t\t\t\t<div class=\"elementor-widget-container\">\n\t\t\t\t\t\t\t\t\t\t\t\t\t\t\t<img fetchpriority=\"high\" decoding=\"async\" width=\"1600\" height=\"1000\" src=\"https:\/\/imariquique.cl\/inicio\/wp-content\/uploads\/2026\/04\/web1.png\" class=\"attachment-full size-full wp-image-4100\" alt=\"\" srcset=\"https:\/\/imariquique.cl\/inicio\/wp-content\/uploads\/2026\/04\/web1.png 1600w, https:\/\/imariquique.cl\/inicio\/wp-content\/uploads\/2026\/04\/web1-300x188.png 300w, https:\/\/imariquique.cl\/inicio\/wp-content\/uploads\/2026\/04\/web1-1024x640.png 1024w, https:\/\/imariquique.cl\/inicio\/wp-content\/uploads\/2026\/04\/web1-768x480.png 768w, https:\/\/imariquique.cl\/inicio\/wp-content\/uploads\/2026\/04\/web1-1536x960.png 1536w\" sizes=\"(max-width: 1600px) 100vw, 1600px\" \/>\t\t\t\t\t\t\t\t\t\t\t\t\t\t\t<\/div>\n\t\t\t\t<\/div>\n\t\t\t\t\t<\/div>\n\t\t\t\t<\/div>\n\t\t<div class=\"elementor-element elementor-element-493513f e-flex e-con-boxed e-con e-parent\" data-id=\"493513f\" data-element_type=\"container\" data-e-type=\"container\">\n\t\t\t\t\t<div class=\"e-con-inner\">\n\t\t\t\t<div class=\"elementor-element elementor-element-277197a elementor-widget elementor-widget-text-editor\" data-id=\"277197a\" data-element_type=\"widget\" data-e-type=\"widget\" data-widget_type=\"text-editor.default\">\n\t\t\t\t<div class=\"elementor-widget-container\">\n\t\t\t\t\t\t\t\t\t<p style=\"text-align: justify;\">Como establecimiento educativo, reconocemos la importancia de promover una vida saludable y una sana convivencia, pilares fundamentales de nuestro Proyecto Educativo Institucional, el cual pone \u00e9nfasis en el desarrollo integral de todos nuestros estudiantes.<\/p>\n<p style=\"text-align: justify;\">En este contexto, hoy celebramos no solo esta importante fecha, sino tambi\u00e9n el inicio de nuestras academias deportivas, art\u00edsticas y culturales, espacios formativos que buscan potenciar habilidades, fomentar valores y fortalecer el bienestar f\u00edsico, emocional y social de nuestra comunidad estudiantil.<\/p>\n<p style=\"text-align: justify;\">Asimismo, destacamos la importancia del autocuidado en nuestros funcionarios, quienes tambi\u00e9n podr\u00e1n participar del taller de Acondicionamiento F\u00edsico, promoviendo as\u00ed el bienestar y la salud en toda nuestra comunidad educativa.<\/p>\n<p style=\"text-align: justify;\">Invitamos a todos a ser parte de estas instancias, que sin duda contribuir\u00e1n a formar estudiantes m\u00e1s activos, saludables y comprometidos con su desarrollo integral.<\/p>\t\t\t\t\t\t\t\t<\/div>\n\t\t\t\t<\/div>\n\t\t\t\t\t<\/div>\n\t\t\t\t<\/div>\n\t\t\t\t<\/div>\n\t\t","protected":false},"excerpt":{"rendered":"<p>Como establecimiento educativo, reconocemos la importancia de promover una vida saludable y una sana convivencia, pilares fundamentales de nuestro Proyecto Educativo Institucional, el cual pone \u00e9nfasis en el desarrollo integral de todos nuestros estudiantes. En este contexto, hoy celebramos no solo esta importante fecha, sino tambi\u00e9n el inicio de nuestras academias deportivas, art\u00edsticas y culturales, [&hellip;]<\/p>\n","protected":false},"author":3,"featured_media":0,"parent":0,"menu_order":0,"comment_status":"closed","ping_status":"closed","template":"","meta":{"footnotes":""},"class_list":["post-4098","page","type-page","status-publish","hentry"],"_links":{"self":[{"href":"https:\/\/imariquique.cl\/inicio\/wp-json\/wp\/v2\/pages\/4098","targetHints":{"allow":["GET"]}}],"collection":[{"href":"https:\/\/imariquique.cl\/inicio\/wp-json\/wp\/v2\/pages"}],"about":[{"href":"https:\/\/imariquique.cl\/inicio\/wp-json\/wp\/v2\/types\/page"}],"author":[{"embeddable":true,"href":"https:\/\/imariquique.cl\/inicio\/wp-json\/wp\/v2\/users\/3"}],"replies":[{"embeddable":true,"href":"https:\/\/imariquique.cl\/inicio\/wp-json\/wp\/v2\/comments?post=4098"}],"version-history":[{"count":8,"href":"https:\/\/imariquique.cl\/inicio\/wp-json\/wp\/v2\/pages\/4098\/revisions"}],"predecessor-version":[{"id":4112,"href":"https:\/\/imariquique.cl\/inicio\/wp-json\/wp\/v2\/pages\/4098\/revisions\/4112"}],"wp:attachment":[{"href":"https:\/\/imariquique.cl\/inicio\/wp-json\/wp\/v2\/media?parent=4098"}],"curies":[{"name":"wp","href":"https:\/\/api.w.org\/{rel}","templated":true}]}}