{"id":4077,"date":"2026-04-07T12:16:11","date_gmt":"2026-04-07T16:16:11","guid":{"rendered":"https:\/\/imariquique.cl\/inicio\/?page_id=4077"},"modified":"2026-04-07T12:22:27","modified_gmt":"2026-04-07T16:22:27","slug":"semana-de-matematicas","status":"publish","type":"page","link":"https:\/\/imariquique.cl\/inicio\/semana-de-matematicas\/","title":{"rendered":""},"content":{"rendered":"\t\t<div data-elementor-type=\"wp-page\" data-elementor-id=\"4077\" class=\"elementor elementor-4077\" data-elementor-post-type=\"page\">\n\t\t\t\t<div class=\"elementor-element elementor-element-5ea441b e-flex e-con-boxed e-con e-parent\" data-id=\"5ea441b\" data-element_type=\"container\" data-e-type=\"container\">\n\t\t\t\t\t<div class=\"e-con-inner\">\n\t\t\t\t<div class=\"elementor-element elementor-element-e58fce3 elementor-widget elementor-widget-image\" data-id=\"e58fce3\" data-element_type=\"widget\" data-e-type=\"widget\" data-widget_type=\"image.default\">\n\t\t\t\t<div class=\"elementor-widget-container\">\n\t\t\t\t\t\t\t\t\t\t\t\t\t\t\t<img fetchpriority=\"high\" decoding=\"async\" width=\"1562\" height=\"827\" src=\"https:\/\/imariquique.cl\/inicio\/wp-content\/uploads\/2026\/04\/main.png\" class=\"attachment-full size-full wp-image-4084\" alt=\"\" srcset=\"https:\/\/imariquique.cl\/inicio\/wp-content\/uploads\/2026\/04\/main.png 1562w, https:\/\/imariquique.cl\/inicio\/wp-content\/uploads\/2026\/04\/main-300x159.png 300w, https:\/\/imariquique.cl\/inicio\/wp-content\/uploads\/2026\/04\/main-1024x542.png 1024w, https:\/\/imariquique.cl\/inicio\/wp-content\/uploads\/2026\/04\/main-768x407.png 768w, https:\/\/imariquique.cl\/inicio\/wp-content\/uploads\/2026\/04\/main-1536x813.png 1536w\" sizes=\"(max-width: 1562px) 100vw, 1562px\" \/>\t\t\t\t\t\t\t\t\t\t\t\t\t\t\t<\/div>\n\t\t\t\t<\/div>\n\t\t\t\t\t<\/div>\n\t\t\t\t<\/div>\n\t\t<div class=\"elementor-element elementor-element-bcbd4af e-flex e-con-boxed e-con e-parent\" data-id=\"bcbd4af\" data-element_type=\"container\" data-e-type=\"container\">\n\t\t\t\t\t<div class=\"e-con-inner\">\n\t\t\t\t<div class=\"elementor-element elementor-element-c9d1eae elementor-widget elementor-widget-text-editor\" data-id=\"c9d1eae\" data-element_type=\"widget\" data-e-type=\"widget\" data-widget_type=\"text-editor.default\">\n\t\t\t\t<div class=\"elementor-widget-container\">\n\t\t\t\t\t\t\t\t\t<p style=\"text-align: justify;\" data-start=\"175\" data-end=\"438\">En el marco de la celebraci\u00f3n de la Semana de la Matem\u00e1tica, nuestros estudiantes participaron en una innovadora y significativa experiencia de aprendizaje que permiti\u00f3 abordar esta disciplina desde una perspectiva distinta, creativa y profundamente comprensible.<\/p>\n<p style=\"text-align: justify;\" data-start=\"440\" data-end=\"833\">A trav\u00e9s del arte del origami, la matem\u00e1tica dej\u00f3 de ser \u00fanicamente un lenguaje abstracto para transformarse en una experiencia concreta y visual. Mediante el plegado de papel, los y las estudiantes lograron representar conceptos geom\u00e9tricos complejos, construir figuras tridimensionales y explorar propiedades de distintos poliedros, convirtiendo f\u00f3rmulas y teoremas en estructuras tangibles.<\/p>\n<p style=\"text-align: justify;\" data-start=\"835\" data-end=\"1114\">Esta enriquecedora actividad involucr\u00f3 a estudiantes desde 7\u00b0 b\u00e1sico hasta 4\u00b0 medio, quienes, guiados por una metodolog\u00eda activa, lograron \u201ctraducir\u201d el lenguaje matem\u00e1tico formal en modelos f\u00edsicos, facilitando as\u00ed la comprensi\u00f3n profunda de contenidos asociados a la geometr\u00eda.<\/p>\t\t\t\t\t\t\t\t<\/div>\n\t\t\t\t<\/div>\n\t\t\t\t\t<\/div>\n\t\t\t\t<\/div>\n\t\t<div class=\"elementor-element elementor-element-674fef9 e-flex e-con-boxed e-con e-parent\" data-id=\"674fef9\" data-element_type=\"container\" data-e-type=\"container\">\n\t\t\t\t\t<div class=\"e-con-inner\">\n\t\t<div class=\"elementor-element elementor-element-38bc225 e-con-full e-flex e-con e-child\" data-id=\"38bc225\" data-element_type=\"container\" data-e-type=\"container\">\n\t\t\t\t<div class=\"elementor-element elementor-element-bf321be elementor-widget elementor-widget-image\" data-id=\"bf321be\" data-element_type=\"widget\" data-e-type=\"widget\" data-widget_type=\"image.default\">\n\t\t\t\t<div class=\"elementor-widget-container\">\n\t\t\t\t\t\t\t\t\t\t\t\t\t\t\t<img decoding=\"async\" width=\"800\" height=\"810\" src=\"https:\/\/imariquique.cl\/inicio\/wp-content\/uploads\/2026\/04\/4-1011x1024.png\" class=\"attachment-large size-large wp-image-4082\" alt=\"\" srcset=\"https:\/\/imariquique.cl\/inicio\/wp-content\/uploads\/2026\/04\/4-1011x1024.png 1011w, https:\/\/imariquique.cl\/inicio\/wp-content\/uploads\/2026\/04\/4-296x300.png 296w, https:\/\/imariquique.cl\/inicio\/wp-content\/uploads\/2026\/04\/4-768x778.png 768w, https:\/\/imariquique.cl\/inicio\/wp-content\/uploads\/2026\/04\/4.png 1200w\" sizes=\"(max-width: 800px) 100vw, 800px\" \/>\t\t\t\t\t\t\t\t\t\t\t\t\t\t\t<\/div>\n\t\t\t\t<\/div>\n\t\t\t\t<\/div>\n\t\t<div class=\"elementor-element elementor-element-f30b1a3 e-con-full e-flex e-con e-child\" data-id=\"f30b1a3\" data-element_type=\"container\" data-e-type=\"container\">\n\t\t\t\t<div class=\"elementor-element elementor-element-928e57d elementor-widget elementor-widget-image\" data-id=\"928e57d\" data-element_type=\"widget\" data-e-type=\"widget\" data-widget_type=\"image.default\">\n\t\t\t\t<div class=\"elementor-widget-container\">\n\t\t\t\t\t\t\t\t\t\t\t\t\t\t\t<img decoding=\"async\" width=\"800\" height=\"810\" src=\"https:\/\/imariquique.cl\/inicio\/wp-content\/uploads\/2026\/04\/1-1011x1024.png\" class=\"attachment-large size-large wp-image-4079\" alt=\"\" srcset=\"https:\/\/imariquique.cl\/inicio\/wp-content\/uploads\/2026\/04\/1-1011x1024.png 1011w, https:\/\/imariquique.cl\/inicio\/wp-content\/uploads\/2026\/04\/1-296x300.png 296w, https:\/\/imariquique.cl\/inicio\/wp-content\/uploads\/2026\/04\/1-768x778.png 768w, https:\/\/imariquique.cl\/inicio\/wp-content\/uploads\/2026\/04\/1.png 1200w\" sizes=\"(max-width: 800px) 100vw, 800px\" \/>\t\t\t\t\t\t\t\t\t\t\t\t\t\t\t<\/div>\n\t\t\t\t<\/div>\n\t\t\t\t<\/div>\n\t\t<div class=\"elementor-element elementor-element-52f3b10 e-con-full e-flex e-con e-child\" data-id=\"52f3b10\" data-element_type=\"container\" data-e-type=\"container\">\n\t\t\t\t<div class=\"elementor-element elementor-element-71f23bd elementor-widget elementor-widget-text-editor\" data-id=\"71f23bd\" data-element_type=\"widget\" data-e-type=\"widget\" data-widget_type=\"text-editor.default\">\n\t\t\t\t<div class=\"elementor-widget-container\">\n\t\t\t\t\t\t\t\t\t<p style=\"text-align: justify;\" data-start=\"1116\" data-end=\"1595\">La jornada fue desarrollada gracias a la valiosa colaboraci\u00f3n del profesor Juan Jos\u00e9, acad\u00e9mico del Departamento de Matem\u00e1tica de la Universidad Arturo Prat, junto a estudiantes de primer y quinto a\u00f1o de la carrera de Pedagog\u00eda en Matem\u00e1tica y F\u00edsica. Esta instancia de trabajo conjunto con el departamento de matem\u00e1tica de nuestro liceo permiti\u00f3 generar un espacio de aprendizaje colaborativo, donde la experiencia universitaria se vincul\u00f3 directamente con la ense\u00f1anza escolar.<\/p>\n<p style=\"text-align: justify;\" data-start=\"1597\" data-end=\"1988\">Este tipo de iniciativas no solo fortalecen los aprendizajes disciplinarios, sino que tambi\u00e9n promueven la curiosidad, la creatividad y el pensamiento cr\u00edtico en nuestros estudiantes. Asimismo, reflejan el compromiso de nuestra comunidad educativa con la innovaci\u00f3n pedag\u00f3gica y el v\u00ednculo con instituciones de educaci\u00f3n superior, enriqueciendo las oportunidades formativas de todos y todas.<\/p>\n<p style=\"text-align: justify;\" data-start=\"1990\" data-end=\"2191\">Sin duda, una experiencia que demuestra que la matem\u00e1tica est\u00e1 presente en m\u00faltiples formas y que, con estrategias adecuadas, puede ser comprendida, valorada y disfrutada por toda la comunidad escolar.<\/p>\t\t\t\t\t\t\t\t<\/div>\n\t\t\t\t<\/div>\n\t\t\t\t<\/div>\n\t\t\t\t\t<\/div>\n\t\t\t\t<\/div>\n\t\t<div class=\"elementor-element elementor-element-e61e47b e-flex e-con-boxed e-con e-parent\" data-id=\"e61e47b\" data-element_type=\"container\" data-e-type=\"container\">\n\t\t\t\t\t<div class=\"e-con-inner\">\n\t\t<div class=\"elementor-element elementor-element-f2552e7 e-con-full e-flex e-con e-child\" data-id=\"f2552e7\" data-element_type=\"container\" data-e-type=\"container\">\n\t\t\t\t<div class=\"elementor-element elementor-element-0aa10b8 elementor-widget elementor-widget-image\" data-id=\"0aa10b8\" data-element_type=\"widget\" data-e-type=\"widget\" data-widget_type=\"image.default\">\n\t\t\t\t<div class=\"elementor-widget-container\">\n\t\t\t\t\t\t\t\t\t\t\t\t\t\t\t<img loading=\"lazy\" decoding=\"async\" width=\"800\" height=\"810\" src=\"https:\/\/imariquique.cl\/inicio\/wp-content\/uploads\/2026\/04\/5-1011x1024.png\" class=\"attachment-large size-large wp-image-4083\" alt=\"\" srcset=\"https:\/\/imariquique.cl\/inicio\/wp-content\/uploads\/2026\/04\/5-1011x1024.png 1011w, https:\/\/imariquique.cl\/inicio\/wp-content\/uploads\/2026\/04\/5-296x300.png 296w, https:\/\/imariquique.cl\/inicio\/wp-content\/uploads\/2026\/04\/5-768x778.png 768w, https:\/\/imariquique.cl\/inicio\/wp-content\/uploads\/2026\/04\/5.png 1200w\" sizes=\"(max-width: 800px) 100vw, 800px\" \/>\t\t\t\t\t\t\t\t\t\t\t\t\t\t\t<\/div>\n\t\t\t\t<\/div>\n\t\t\t\t<\/div>\n\t\t<div class=\"elementor-element elementor-element-db02e5a e-con-full e-flex e-con e-child\" data-id=\"db02e5a\" data-element_type=\"container\" data-e-type=\"container\">\n\t\t\t\t<div class=\"elementor-element elementor-element-8e4a9a3 elementor-widget elementor-widget-image\" data-id=\"8e4a9a3\" data-element_type=\"widget\" data-e-type=\"widget\" data-widget_type=\"image.default\">\n\t\t\t\t<div class=\"elementor-widget-container\">\n\t\t\t\t\t\t\t\t\t\t\t\t\t\t\t<img loading=\"lazy\" decoding=\"async\" width=\"800\" height=\"810\" src=\"https:\/\/imariquique.cl\/inicio\/wp-content\/uploads\/2026\/04\/2-1011x1024.png\" class=\"attachment-large size-large wp-image-4080\" alt=\"\" srcset=\"https:\/\/imariquique.cl\/inicio\/wp-content\/uploads\/2026\/04\/2-1011x1024.png 1011w, https:\/\/imariquique.cl\/inicio\/wp-content\/uploads\/2026\/04\/2-296x300.png 296w, https:\/\/imariquique.cl\/inicio\/wp-content\/uploads\/2026\/04\/2-768x778.png 768w, https:\/\/imariquique.cl\/inicio\/wp-content\/uploads\/2026\/04\/2.png 1200w\" sizes=\"(max-width: 800px) 100vw, 800px\" \/>\t\t\t\t\t\t\t\t\t\t\t\t\t\t\t<\/div>\n\t\t\t\t<\/div>\n\t\t\t\t<\/div>\n\t\t\t\t\t<\/div>\n\t\t\t\t<\/div>\n\t\t\t\t<\/div>\n\t\t","protected":false},"excerpt":{"rendered":"<p>En el marco de la celebraci\u00f3n de la Semana de la Matem\u00e1tica, nuestros estudiantes participaron en una innovadora y significativa experiencia de aprendizaje que permiti\u00f3 abordar esta disciplina desde una perspectiva distinta, creativa y profundamente comprensible. A trav\u00e9s del arte del origami, la matem\u00e1tica dej\u00f3 de ser \u00fanicamente un lenguaje abstracto para transformarse en una [&hellip;]<\/p>\n","protected":false},"author":3,"featured_media":0,"parent":0,"menu_order":0,"comment_status":"closed","ping_status":"closed","template":"","meta":{"footnotes":""},"class_list":["post-4077","page","type-page","status-publish","hentry"],"_links":{"self":[{"href":"https:\/\/imariquique.cl\/inicio\/wp-json\/wp\/v2\/pages\/4077","targetHints":{"allow":["GET"]}}],"collection":[{"href":"https:\/\/imariquique.cl\/inicio\/wp-json\/wp\/v2\/pages"}],"about":[{"href":"https:\/\/imariquique.cl\/inicio\/wp-json\/wp\/v2\/types\/page"}],"author":[{"embeddable":true,"href":"https:\/\/imariquique.cl\/inicio\/wp-json\/wp\/v2\/users\/3"}],"replies":[{"embeddable":true,"href":"https:\/\/imariquique.cl\/inicio\/wp-json\/wp\/v2\/comments?post=4077"}],"version-history":[{"count":5,"href":"https:\/\/imariquique.cl\/inicio\/wp-json\/wp\/v2\/pages\/4077\/revisions"}],"predecessor-version":[{"id":4088,"href":"https:\/\/imariquique.cl\/inicio\/wp-json\/wp\/v2\/pages\/4077\/revisions\/4088"}],"wp:attachment":[{"href":"https:\/\/imariquique.cl\/inicio\/wp-json\/wp\/v2\/media?parent=4077"}],"curies":[{"name":"wp","href":"https:\/\/api.w.org\/{rel}","templated":true}]}}