{"id":3998,"date":"2025-12-23T07:44:50","date_gmt":"2025-12-23T11:44:50","guid":{"rendered":"https:\/\/imariquique.cl\/inicio\/?page_id=3998"},"modified":"2025-12-23T12:10:11","modified_gmt":"2025-12-23T16:10:11","slug":"licenciatura2025","status":"publish","type":"page","link":"https:\/\/imariquique.cl\/inicio\/licenciatura2025\/","title":{"rendered":""},"content":{"rendered":"\t\t<div data-elementor-type=\"wp-page\" data-elementor-id=\"3998\" class=\"elementor elementor-3998\" data-elementor-post-type=\"page\">\n\t\t\t\t<div class=\"elementor-element elementor-element-f2be4df e-flex e-con-boxed e-con e-parent\" data-id=\"f2be4df\" data-element_type=\"container\" data-e-type=\"container\">\n\t\t\t\t\t<div class=\"e-con-inner\">\n\t\t\t\t<div class=\"elementor-element elementor-element-6f432b8 elementor-widget elementor-widget-heading\" data-id=\"6f432b8\" data-element_type=\"widget\" data-e-type=\"widget\" data-widget_type=\"heading.default\">\n\t\t\t\t<div class=\"elementor-widget-container\">\n\t\t\t\t\t<h2 class=\"elementor-heading-title elementor-size-default\">Ceremonia de Licenciatura Cuartos Medios TP \u2013 Sello Mar\u00edtimo IMAR<\/h2>\t\t\t\t<\/div>\n\t\t\t\t<\/div>\n\t\t\t\t\t<\/div>\n\t\t\t\t<\/div>\n\t\t<div class=\"elementor-element elementor-element-88cc18d e-flex e-con-boxed e-con e-parent\" data-id=\"88cc18d\" data-element_type=\"container\" data-e-type=\"container\">\n\t\t\t\t\t<div class=\"e-con-inner\">\n\t\t\t\t<div class=\"elementor-element elementor-element-c607c45 elementor-widget elementor-widget-image\" data-id=\"c607c45\" data-element_type=\"widget\" data-e-type=\"widget\" data-widget_type=\"image.default\">\n\t\t\t\t<div class=\"elementor-widget-container\">\n\t\t\t\t\t\t\t\t\t\t\t\t\t\t\t<img fetchpriority=\"high\" decoding=\"async\" width=\"2000\" height=\"1333\" src=\"https:\/\/imariquique.cl\/inicio\/wp-content\/uploads\/2025\/12\/309A9769.jpg\" class=\"attachment-full size-full wp-image-4011\" alt=\"\" srcset=\"https:\/\/imariquique.cl\/inicio\/wp-content\/uploads\/2025\/12\/309A9769.jpg 2000w, https:\/\/imariquique.cl\/inicio\/wp-content\/uploads\/2025\/12\/309A9769-300x200.jpg 300w, https:\/\/imariquique.cl\/inicio\/wp-content\/uploads\/2025\/12\/309A9769-1024x682.jpg 1024w, https:\/\/imariquique.cl\/inicio\/wp-content\/uploads\/2025\/12\/309A9769-768x512.jpg 768w, https:\/\/imariquique.cl\/inicio\/wp-content\/uploads\/2025\/12\/309A9769-1536x1024.jpg 1536w\" sizes=\"(max-width: 2000px) 100vw, 2000px\" \/>\t\t\t\t\t\t\t\t\t\t\t\t\t\t\t<\/div>\n\t\t\t\t<\/div>\n\t\t\t\t\t<\/div>\n\t\t\t\t<\/div>\n\t\t<div class=\"elementor-element elementor-element-ea5a8c1 e-flex e-con-boxed e-con e-parent\" data-id=\"ea5a8c1\" data-element_type=\"container\" data-e-type=\"container\">\n\t\t\t\t\t<div class=\"e-con-inner\">\n\t\t<div class=\"elementor-element elementor-element-c1a0bab e-con-full e-flex e-con e-child\" data-id=\"c1a0bab\" data-element_type=\"container\" data-e-type=\"container\">\n\t\t\t\t<div class=\"elementor-element elementor-element-9291299 elementor-widget elementor-widget-text-editor\" data-id=\"9291299\" data-element_type=\"widget\" data-e-type=\"widget\" data-widget_type=\"text-editor.default\">\n\t\t\t\t<div class=\"elementor-widget-container\">\n\t\t\t\t\t\t\t\t\t<p style=\"text-align: justify;\">El Instituto del Mar \u201cAlmirante Carlos Condell\u201d realiz\u00f3 la Ceremonia de Licenciatura de los cuartos medios de las especialidades de\u00a0<strong>Mec\u00e1nica Industrial, Mec\u00e1nica Automotriz, Operaciones Portuarias y Electricidad<\/strong>, hito que simboliza el cierre de una etapa formativa y el inicio de una nueva traves\u00eda para nuestros estudiantes.<\/p>\n<p style=\"text-align: justify;\">En un ambiente solemne y cargado de significado, autoridades del establecimiento, docentes, asistentes de la educaci\u00f3n, apoderados y familias acompa\u00f1aron a los y las licenciadas, reconociendo el esfuerzo, la disciplina y el compromiso demostrados a lo largo de su formaci\u00f3n t\u00e9cnico-profesional, inspirada en los valores del mundo mar\u00edtimo: responsabilidad, trabajo colaborativo, respeto y vocaci\u00f3n de servicio.<\/p>\n<p style=\"text-align: justify;\">Como instituci\u00f3n con identidad mar\u00edtima, despedimos a esta generaci\u00f3n con la certeza de que cuentan con las competencias y principios necesarios para enfrentar los desaf\u00edos del \u00e1mbito laboral, acad\u00e9mico y personal, llevando consigo el sello IMAR en cada puerto que les toque alcanzar.<\/p>\n<p style=\"text-align: justify;\">La comunidad educativa les desea un pr\u00f3spero rumbo y mares favorables en esta nueva etapa de sus vidas<\/p>\t\t\t\t\t\t\t\t<\/div>\n\t\t\t\t<\/div>\n\t\t\t\t<\/div>\n\t\t\t\t\t<\/div>\n\t\t\t\t<\/div>\n\t\t<div class=\"elementor-element elementor-element-ccc3ace e-flex e-con-boxed e-con e-parent\" data-id=\"ccc3ace\" data-element_type=\"container\" data-e-type=\"container\">\n\t\t\t\t\t<div class=\"e-con-inner\">\n\t\t\t\t<div class=\"elementor-element elementor-element-f0a2fea elementor-widget elementor-widget-heading\" data-id=\"f0a2fea\" data-element_type=\"widget\" data-e-type=\"widget\" data-widget_type=\"heading.default\">\n\t\t\t\t<div class=\"elementor-widget-container\">\n\t\t\t\t\t<h2 class=\"elementor-heading-title elementor-size-medium\">Revisa im\u00e1genes de la licenciatura.<\/h2>\t\t\t\t<\/div>\n\t\t\t\t<\/div>\n\t\t\t\t\t<\/div>\n\t\t\t\t<\/div>\n\t\t<div class=\"elementor-element elementor-element-13578f1 e-flex e-con-boxed e-con e-parent\" data-id=\"13578f1\" data-element_type=\"container\" data-e-type=\"container\">\n\t\t\t\t\t<div class=\"e-con-inner\">\n\t\t\t\t<div class=\"elementor-element elementor-element-54cd850 elementor-widget elementor-widget-gallery\" data-id=\"54cd850\" data-element_type=\"widget\" data-e-type=\"widget\" data-settings=\"{&quot;lazyload&quot;:&quot;yes&quot;,&quot;gallery_layout&quot;:&quot;grid&quot;,&quot;columns&quot;:4,&quot;columns_tablet&quot;:2,&quot;columns_mobile&quot;:1,&quot;gap&quot;:{&quot;unit&quot;:&quot;px&quot;,&quot;size&quot;:10,&quot;sizes&quot;:[]},&quot;gap_tablet&quot;:{&quot;unit&quot;:&quot;px&quot;,&quot;size&quot;:10,&quot;sizes&quot;:[]},&quot;gap_mobile&quot;:{&quot;unit&quot;:&quot;px&quot;,&quot;size&quot;:10,&quot;sizes&quot;:[]},&quot;link_to&quot;:&quot;file&quot;,&quot;aspect_ratio&quot;:&quot;3:2&quot;,&quot;overlay_background&quot;:&quot;yes&quot;,&quot;content_hover_animation&quot;:&quot;fade-in&quot;}\" data-widget_type=\"gallery.default\">\n\t\t\t\t<div class=\"elementor-widget-container\">\n\t\t\t\t\t\t\t<div class=\"elementor-gallery__container\">\n\t\t\t\t\t\t\t<a class=\"e-gallery-item elementor-gallery-item elementor-animated-content\" href=\"https:\/\/imariquique.cl\/inicio\/wp-content\/uploads\/2025\/12\/309A9801.jpg\" data-elementor-open-lightbox=\"yes\" data-elementor-lightbox-slideshow=\"54cd850\" data-elementor-lightbox-title=\"309A9801\" data-e-action-hash=\"#elementor-action%3Aaction%3Dlightbox%26settings%3DeyJpZCI6NDAxNCwidXJsIjoiaHR0cHM6XC9cL2ltYXJpcXVpcXVlLmNsXC9pbmljaW9cL3dwLWNvbnRlbnRcL3VwbG9hZHNcLzIwMjVcLzEyXC8zMDlBOTgwMS5qcGciLCJzbGlkZXNob3ciOiI1NGNkODUwIn0%3D\">\n\t\t\t\t\t<div class=\"e-gallery-image elementor-gallery-item__image\" data-thumbnail=\"https:\/\/imariquique.cl\/inicio\/wp-content\/uploads\/2025\/12\/309A9801-300x200.jpg\" data-width=\"300\" data-height=\"200\" aria-label=\"\" role=\"img\" ><\/div>\n\t\t\t\t\t\t\t\t\t\t\t<div class=\"elementor-gallery-item__overlay\"><\/div>\n\t\t\t\t\t\t\t\t\t\t\t\t\t\t<\/a>\n\t\t\t\t\t\t\t<a class=\"e-gallery-item elementor-gallery-item elementor-animated-content\" href=\"https:\/\/imariquique.cl\/inicio\/wp-content\/uploads\/2025\/12\/309A9783-1.jpg\" data-elementor-open-lightbox=\"yes\" data-elementor-lightbox-slideshow=\"54cd850\" data-elementor-lightbox-title=\"309A9783 (1)\" data-e-action-hash=\"#elementor-action%3Aaction%3Dlightbox%26settings%3DeyJpZCI6NDAxMywidXJsIjoiaHR0cHM6XC9cL2ltYXJpcXVpcXVlLmNsXC9pbmljaW9cL3dwLWNvbnRlbnRcL3VwbG9hZHNcLzIwMjVcLzEyXC8zMDlBOTc4My0xLmpwZyIsInNsaWRlc2hvdyI6IjU0Y2Q4NTAifQ%3D%3D\">\n\t\t\t\t\t<div class=\"e-gallery-image elementor-gallery-item__image\" data-thumbnail=\"https:\/\/imariquique.cl\/inicio\/wp-content\/uploads\/2025\/12\/309A9783-1-300x200.jpg\" data-width=\"300\" data-height=\"200\" aria-label=\"\" role=\"img\" ><\/div>\n\t\t\t\t\t\t\t\t\t\t\t<div class=\"elementor-gallery-item__overlay\"><\/div>\n\t\t\t\t\t\t\t\t\t\t\t\t\t\t<\/a>\n\t\t\t\t\t\t\t<a class=\"e-gallery-item elementor-gallery-item elementor-animated-content\" href=\"https:\/\/imariquique.cl\/inicio\/wp-content\/uploads\/2025\/12\/309A9776-1.jpg\" data-elementor-open-lightbox=\"yes\" data-elementor-lightbox-slideshow=\"54cd850\" data-elementor-lightbox-title=\"309A9776 (1)\" data-e-action-hash=\"#elementor-action%3Aaction%3Dlightbox%26settings%3DeyJpZCI6NDAxMiwidXJsIjoiaHR0cHM6XC9cL2ltYXJpcXVpcXVlLmNsXC9pbmljaW9cL3dwLWNvbnRlbnRcL3VwbG9hZHNcLzIwMjVcLzEyXC8zMDlBOTc3Ni0xLmpwZyIsInNsaWRlc2hvdyI6IjU0Y2Q4NTAifQ%3D%3D\">\n\t\t\t\t\t<div class=\"e-gallery-image elementor-gallery-item__image\" data-thumbnail=\"https:\/\/imariquique.cl\/inicio\/wp-content\/uploads\/2025\/12\/309A9776-1-300x200.jpg\" data-width=\"300\" data-height=\"200\" aria-label=\"\" role=\"img\" ><\/div>\n\t\t\t\t\t\t\t\t\t\t\t<div class=\"elementor-gallery-item__overlay\"><\/div>\n\t\t\t\t\t\t\t\t\t\t\t\t\t\t<\/a>\n\t\t\t\t\t\t\t<a class=\"e-gallery-item elementor-gallery-item elementor-animated-content\" href=\"https:\/\/imariquique.cl\/inicio\/wp-content\/uploads\/2025\/12\/309A9769.jpg\" data-elementor-open-lightbox=\"yes\" data-elementor-lightbox-slideshow=\"54cd850\" data-elementor-lightbox-title=\"309A9769\" data-e-action-hash=\"#elementor-action%3Aaction%3Dlightbox%26settings%3DeyJpZCI6NDAxMSwidXJsIjoiaHR0cHM6XC9cL2ltYXJpcXVpcXVlLmNsXC9pbmljaW9cL3dwLWNvbnRlbnRcL3VwbG9hZHNcLzIwMjVcLzEyXC8zMDlBOTc2OS5qcGciLCJzbGlkZXNob3ciOiI1NGNkODUwIn0%3D\">\n\t\t\t\t\t<div class=\"e-gallery-image elementor-gallery-item__image\" data-thumbnail=\"https:\/\/imariquique.cl\/inicio\/wp-content\/uploads\/2025\/12\/309A9769-300x200.jpg\" data-width=\"300\" data-height=\"200\" aria-label=\"\" role=\"img\" ><\/div>\n\t\t\t\t\t\t\t\t\t\t\t<div class=\"elementor-gallery-item__overlay\"><\/div>\n\t\t\t\t\t\t\t\t\t\t\t\t\t\t<\/a>\n\t\t\t\t\t\t\t<a class=\"e-gallery-item elementor-gallery-item elementor-animated-content\" href=\"https:\/\/imariquique.cl\/inicio\/wp-content\/uploads\/2025\/12\/309A9304.jpg\" data-elementor-open-lightbox=\"yes\" data-elementor-lightbox-slideshow=\"54cd850\" data-elementor-lightbox-title=\"309A9304\" data-e-action-hash=\"#elementor-action%3Aaction%3Dlightbox%26settings%3DeyJpZCI6NDAwOSwidXJsIjoiaHR0cHM6XC9cL2ltYXJpcXVpcXVlLmNsXC9pbmljaW9cL3dwLWNvbnRlbnRcL3VwbG9hZHNcLzIwMjVcLzEyXC8zMDlBOTMwNC5qcGciLCJzbGlkZXNob3ciOiI1NGNkODUwIn0%3D\">\n\t\t\t\t\t<div class=\"e-gallery-image elementor-gallery-item__image\" data-thumbnail=\"https:\/\/imariquique.cl\/inicio\/wp-content\/uploads\/2025\/12\/309A9304-300x200.jpg\" data-width=\"300\" data-height=\"200\" aria-label=\"\" role=\"img\" ><\/div>\n\t\t\t\t\t\t\t\t\t\t\t<div class=\"elementor-gallery-item__overlay\"><\/div>\n\t\t\t\t\t\t\t\t\t\t\t\t\t\t<\/a>\n\t\t\t\t\t\t\t<a class=\"e-gallery-item elementor-gallery-item elementor-animated-content\" href=\"https:\/\/imariquique.cl\/inicio\/wp-content\/uploads\/2025\/12\/309A8726.jpg\" data-elementor-open-lightbox=\"yes\" data-elementor-lightbox-slideshow=\"54cd850\" data-elementor-lightbox-title=\"309A8726\" data-e-action-hash=\"#elementor-action%3Aaction%3Dlightbox%26settings%3DeyJpZCI6NDAwMywidXJsIjoiaHR0cHM6XC9cL2ltYXJpcXVpcXVlLmNsXC9pbmljaW9cL3dwLWNvbnRlbnRcL3VwbG9hZHNcLzIwMjVcLzEyXC8zMDlBODcyNi5qcGciLCJzbGlkZXNob3ciOiI1NGNkODUwIn0%3D\">\n\t\t\t\t\t<div class=\"e-gallery-image elementor-gallery-item__image\" data-thumbnail=\"https:\/\/imariquique.cl\/inicio\/wp-content\/uploads\/2025\/12\/309A8726-300x202.jpg\" data-width=\"300\" data-height=\"202\" aria-label=\"\" role=\"img\" ><\/div>\n\t\t\t\t\t\t\t\t\t\t\t<div class=\"elementor-gallery-item__overlay\"><\/div>\n\t\t\t\t\t\t\t\t\t\t\t\t\t\t<\/a>\n\t\t\t\t\t\t\t<a class=\"e-gallery-item elementor-gallery-item elementor-animated-content\" href=\"https:\/\/imariquique.cl\/inicio\/wp-content\/uploads\/2025\/12\/309A8940.jpg\" data-elementor-open-lightbox=\"yes\" data-elementor-lightbox-slideshow=\"54cd850\" data-elementor-lightbox-title=\"309A8940\" data-e-action-hash=\"#elementor-action%3Aaction%3Dlightbox%26settings%3DeyJpZCI6NDAwNCwidXJsIjoiaHR0cHM6XC9cL2ltYXJpcXVpcXVlLmNsXC9pbmljaW9cL3dwLWNvbnRlbnRcL3VwbG9hZHNcLzIwMjVcLzEyXC8zMDlBODk0MC5qcGciLCJzbGlkZXNob3ciOiI1NGNkODUwIn0%3D\">\n\t\t\t\t\t<div class=\"e-gallery-image elementor-gallery-item__image\" data-thumbnail=\"https:\/\/imariquique.cl\/inicio\/wp-content\/uploads\/2025\/12\/309A8940-300x200.jpg\" data-width=\"300\" data-height=\"200\" aria-label=\"\" role=\"img\" ><\/div>\n\t\t\t\t\t\t\t\t\t\t\t<div class=\"elementor-gallery-item__overlay\"><\/div>\n\t\t\t\t\t\t\t\t\t\t\t\t\t\t<\/a>\n\t\t\t\t\t\t\t<a class=\"e-gallery-item elementor-gallery-item elementor-animated-content\" href=\"https:\/\/imariquique.cl\/inicio\/wp-content\/uploads\/2025\/12\/309A9080.jpg\" data-elementor-open-lightbox=\"yes\" data-elementor-lightbox-slideshow=\"54cd850\" data-elementor-lightbox-title=\"309A9080\" data-e-action-hash=\"#elementor-action%3Aaction%3Dlightbox%26settings%3DeyJpZCI6NDAwNSwidXJsIjoiaHR0cHM6XC9cL2ltYXJpcXVpcXVlLmNsXC9pbmljaW9cL3dwLWNvbnRlbnRcL3VwbG9hZHNcLzIwMjVcLzEyXC8zMDlBOTA4MC5qcGciLCJzbGlkZXNob3ciOiI1NGNkODUwIn0%3D\">\n\t\t\t\t\t<div class=\"e-gallery-image elementor-gallery-item__image\" data-thumbnail=\"https:\/\/imariquique.cl\/inicio\/wp-content\/uploads\/2025\/12\/309A9080-300x200.jpg\" data-width=\"300\" data-height=\"200\" aria-label=\"\" role=\"img\" ><\/div>\n\t\t\t\t\t\t\t\t\t\t\t<div class=\"elementor-gallery-item__overlay\"><\/div>\n\t\t\t\t\t\t\t\t\t\t\t\t\t\t<\/a>\n\t\t\t\t\t\t\t<a class=\"e-gallery-item elementor-gallery-item elementor-animated-content\" href=\"https:\/\/imariquique.cl\/inicio\/wp-content\/uploads\/2025\/12\/309A9093.jpg\" data-elementor-open-lightbox=\"yes\" data-elementor-lightbox-slideshow=\"54cd850\" data-elementor-lightbox-title=\"309A9093\" data-e-action-hash=\"#elementor-action%3Aaction%3Dlightbox%26settings%3DeyJpZCI6NDAwNiwidXJsIjoiaHR0cHM6XC9cL2ltYXJpcXVpcXVlLmNsXC9pbmljaW9cL3dwLWNvbnRlbnRcL3VwbG9hZHNcLzIwMjVcLzEyXC8zMDlBOTA5My5qcGciLCJzbGlkZXNob3ciOiI1NGNkODUwIn0%3D\">\n\t\t\t\t\t<div class=\"e-gallery-image elementor-gallery-item__image\" data-thumbnail=\"https:\/\/imariquique.cl\/inicio\/wp-content\/uploads\/2025\/12\/309A9093-300x200.jpg\" data-width=\"300\" data-height=\"200\" aria-label=\"\" role=\"img\" ><\/div>\n\t\t\t\t\t\t\t\t\t\t\t<div class=\"elementor-gallery-item__overlay\"><\/div>\n\t\t\t\t\t\t\t\t\t\t\t\t\t\t<\/a>\n\t\t\t\t\t\t\t<a class=\"e-gallery-item elementor-gallery-item elementor-animated-content\" href=\"https:\/\/imariquique.cl\/inicio\/wp-content\/uploads\/2025\/12\/309A8616.jpg\" data-elementor-open-lightbox=\"yes\" data-elementor-lightbox-slideshow=\"54cd850\" data-elementor-lightbox-title=\"309A8616\" data-e-action-hash=\"#elementor-action%3Aaction%3Dlightbox%26settings%3DeyJpZCI6NDAwMCwidXJsIjoiaHR0cHM6XC9cL2ltYXJpcXVpcXVlLmNsXC9pbmljaW9cL3dwLWNvbnRlbnRcL3VwbG9hZHNcLzIwMjVcLzEyXC8zMDlBODYxNi5qcGciLCJzbGlkZXNob3ciOiI1NGNkODUwIn0%3D\">\n\t\t\t\t\t<div class=\"e-gallery-image elementor-gallery-item__image\" data-thumbnail=\"https:\/\/imariquique.cl\/inicio\/wp-content\/uploads\/2025\/12\/309A8616-300x200.jpg\" data-width=\"300\" data-height=\"200\" aria-label=\"\" role=\"img\" ><\/div>\n\t\t\t\t\t\t\t\t\t\t\t<div class=\"elementor-gallery-item__overlay\"><\/div>\n\t\t\t\t\t\t\t\t\t\t\t\t\t\t<\/a>\n\t\t\t\t\t\t\t<a class=\"e-gallery-item elementor-gallery-item elementor-animated-content\" href=\"https:\/\/imariquique.cl\/inicio\/wp-content\/uploads\/2025\/12\/309A8679.jpg\" data-elementor-open-lightbox=\"yes\" data-elementor-lightbox-slideshow=\"54cd850\" data-elementor-lightbox-title=\"309A8679\" data-e-action-hash=\"#elementor-action%3Aaction%3Dlightbox%26settings%3DeyJpZCI6NDAwMSwidXJsIjoiaHR0cHM6XC9cL2ltYXJpcXVpcXVlLmNsXC9pbmljaW9cL3dwLWNvbnRlbnRcL3VwbG9hZHNcLzIwMjVcLzEyXC8zMDlBODY3OS5qcGciLCJzbGlkZXNob3ciOiI1NGNkODUwIn0%3D\">\n\t\t\t\t\t<div class=\"e-gallery-image elementor-gallery-item__image\" data-thumbnail=\"https:\/\/imariquique.cl\/inicio\/wp-content\/uploads\/2025\/12\/309A8679-300x200.jpg\" data-width=\"300\" data-height=\"200\" aria-label=\"\" role=\"img\" ><\/div>\n\t\t\t\t\t\t\t\t\t\t\t<div class=\"elementor-gallery-item__overlay\"><\/div>\n\t\t\t\t\t\t\t\t\t\t\t\t\t\t<\/a>\n\t\t\t\t\t\t\t<a class=\"e-gallery-item elementor-gallery-item elementor-animated-content\" href=\"https:\/\/imariquique.cl\/inicio\/wp-content\/uploads\/2025\/12\/309A8687-1.jpg\" data-elementor-open-lightbox=\"yes\" data-elementor-lightbox-slideshow=\"54cd850\" data-elementor-lightbox-title=\"309A8687 (1)\" data-e-action-hash=\"#elementor-action%3Aaction%3Dlightbox%26settings%3DeyJpZCI6NDAwMiwidXJsIjoiaHR0cHM6XC9cL2ltYXJpcXVpcXVlLmNsXC9pbmljaW9cL3dwLWNvbnRlbnRcL3VwbG9hZHNcLzIwMjVcLzEyXC8zMDlBODY4Ny0xLmpwZyIsInNsaWRlc2hvdyI6IjU0Y2Q4NTAifQ%3D%3D\">\n\t\t\t\t\t<div class=\"e-gallery-image elementor-gallery-item__image\" data-thumbnail=\"https:\/\/imariquique.cl\/inicio\/wp-content\/uploads\/2025\/12\/309A8687-1-300x200.jpg\" data-width=\"300\" data-height=\"200\" aria-label=\"\" role=\"img\" ><\/div>\n\t\t\t\t\t\t\t\t\t\t\t<div class=\"elementor-gallery-item__overlay\"><\/div>\n\t\t\t\t\t\t\t\t\t\t\t\t\t\t<\/a>\n\t\t\t\t\t\t\t<a class=\"e-gallery-item elementor-gallery-item elementor-animated-content\" href=\"https:\/\/imariquique.cl\/inicio\/wp-content\/uploads\/2025\/12\/309A9273.jpg\" data-elementor-open-lightbox=\"yes\" data-elementor-lightbox-slideshow=\"54cd850\" data-elementor-lightbox-title=\"309A9273\" data-e-action-hash=\"#elementor-action%3Aaction%3Dlightbox%26settings%3DeyJpZCI6NDAwOCwidXJsIjoiaHR0cHM6XC9cL2ltYXJpcXVpcXVlLmNsXC9pbmljaW9cL3dwLWNvbnRlbnRcL3VwbG9hZHNcLzIwMjVcLzEyXC8zMDlBOTI3My5qcGciLCJzbGlkZXNob3ciOiI1NGNkODUwIn0%3D\">\n\t\t\t\t\t<div class=\"e-gallery-image elementor-gallery-item__image\" data-thumbnail=\"https:\/\/imariquique.cl\/inicio\/wp-content\/uploads\/2025\/12\/309A9273-300x200.jpg\" data-width=\"300\" data-height=\"200\" aria-label=\"\" role=\"img\" ><\/div>\n\t\t\t\t\t\t\t\t\t\t\t<div class=\"elementor-gallery-item__overlay\"><\/div>\n\t\t\t\t\t\t\t\t\t\t\t\t\t\t<\/a>\n\t\t\t\t\t\t\t<a class=\"e-gallery-item elementor-gallery-item elementor-animated-content\" href=\"https:\/\/imariquique.cl\/inicio\/wp-content\/uploads\/2025\/12\/309A9101.jpg\" data-elementor-open-lightbox=\"yes\" data-elementor-lightbox-slideshow=\"54cd850\" data-elementor-lightbox-title=\"309A9101\" data-e-action-hash=\"#elementor-action%3Aaction%3Dlightbox%26settings%3DeyJpZCI6NDAwNywidXJsIjoiaHR0cHM6XC9cL2ltYXJpcXVpcXVlLmNsXC9pbmljaW9cL3dwLWNvbnRlbnRcL3VwbG9hZHNcLzIwMjVcLzEyXC8zMDlBOTEwMS5qcGciLCJzbGlkZXNob3ciOiI1NGNkODUwIn0%3D\">\n\t\t\t\t\t<div class=\"e-gallery-image elementor-gallery-item__image\" data-thumbnail=\"https:\/\/imariquique.cl\/inicio\/wp-content\/uploads\/2025\/12\/309A9101-300x200.jpg\" data-width=\"300\" data-height=\"200\" aria-label=\"\" role=\"img\" ><\/div>\n\t\t\t\t\t\t\t\t\t\t\t<div class=\"elementor-gallery-item__overlay\"><\/div>\n\t\t\t\t\t\t\t\t\t\t\t\t\t\t<\/a>\n\t\t\t\t\t\t\t<a class=\"e-gallery-item elementor-gallery-item elementor-animated-content\" href=\"https:\/\/imariquique.cl\/inicio\/wp-content\/uploads\/2025\/12\/309A9293.jpg\" data-elementor-open-lightbox=\"yes\" data-elementor-lightbox-slideshow=\"54cd850\" data-elementor-lightbox-title=\"309A9293\" data-e-action-hash=\"#elementor-action%3Aaction%3Dlightbox%26settings%3DeyJpZCI6NDAyMiwidXJsIjoiaHR0cHM6XC9cL2ltYXJpcXVpcXVlLmNsXC9pbmljaW9cL3dwLWNvbnRlbnRcL3VwbG9hZHNcLzIwMjVcLzEyXC8zMDlBOTI5My5qcGciLCJzbGlkZXNob3ciOiI1NGNkODUwIn0%3D\">\n\t\t\t\t\t<div class=\"e-gallery-image elementor-gallery-item__image\" data-thumbnail=\"https:\/\/imariquique.cl\/inicio\/wp-content\/uploads\/2025\/12\/309A9293-300x200.jpg\" data-width=\"300\" data-height=\"200\" aria-label=\"\" role=\"img\" ><\/div>\n\t\t\t\t\t\t\t\t\t\t\t<div class=\"elementor-gallery-item__overlay\"><\/div>\n\t\t\t\t\t\t\t\t\t\t\t\t\t\t<\/a>\n\t\t\t\t\t\t\t<a class=\"e-gallery-item elementor-gallery-item elementor-animated-content\" href=\"https:\/\/imariquique.cl\/inicio\/wp-content\/uploads\/2025\/12\/309A9393.jpg\" data-elementor-open-lightbox=\"yes\" data-elementor-lightbox-slideshow=\"54cd850\" data-elementor-lightbox-title=\"309A9393\" data-e-action-hash=\"#elementor-action%3Aaction%3Dlightbox%26settings%3DeyJpZCI6NDAyMywidXJsIjoiaHR0cHM6XC9cL2ltYXJpcXVpcXVlLmNsXC9pbmljaW9cL3dwLWNvbnRlbnRcL3VwbG9hZHNcLzIwMjVcLzEyXC8zMDlBOTM5My5qcGciLCJzbGlkZXNob3ciOiI1NGNkODUwIn0%3D\">\n\t\t\t\t\t<div class=\"e-gallery-image elementor-gallery-item__image\" data-thumbnail=\"https:\/\/imariquique.cl\/inicio\/wp-content\/uploads\/2025\/12\/309A9393-300x200.jpg\" data-width=\"300\" data-height=\"200\" aria-label=\"\" role=\"img\" ><\/div>\n\t\t\t\t\t\t\t\t\t\t\t<div class=\"elementor-gallery-item__overlay\"><\/div>\n\t\t\t\t\t\t\t\t\t\t\t\t\t\t<\/a>\n\t\t\t\t\t\t\t<a class=\"e-gallery-item elementor-gallery-item elementor-animated-content\" href=\"https:\/\/imariquique.cl\/inicio\/wp-content\/uploads\/2025\/12\/WhatsApp-Image-2025-12-22-at-8.41.06-AM.jpeg\" data-elementor-open-lightbox=\"yes\" data-elementor-lightbox-slideshow=\"54cd850\" data-elementor-lightbox-title=\"WhatsApp Image 2025-12-22 at 8.41.06 AM\" data-e-action-hash=\"#elementor-action%3Aaction%3Dlightbox%26settings%3DeyJpZCI6NDAyNCwidXJsIjoiaHR0cHM6XC9cL2ltYXJpcXVpcXVlLmNsXC9pbmljaW9cL3dwLWNvbnRlbnRcL3VwbG9hZHNcLzIwMjVcLzEyXC9XaGF0c0FwcC1JbWFnZS0yMDI1LTEyLTIyLWF0LTguNDEuMDYtQU0uanBlZyIsInNsaWRlc2hvdyI6IjU0Y2Q4NTAifQ%3D%3D\">\n\t\t\t\t\t<div class=\"e-gallery-image elementor-gallery-item__image\" data-thumbnail=\"https:\/\/imariquique.cl\/inicio\/wp-content\/uploads\/2025\/12\/WhatsApp-Image-2025-12-22-at-8.41.06-AM-300x200.jpeg\" data-width=\"300\" data-height=\"200\" aria-label=\"\" role=\"img\" ><\/div>\n\t\t\t\t\t\t\t\t\t\t\t<div class=\"elementor-gallery-item__overlay\"><\/div>\n\t\t\t\t\t\t\t\t\t\t\t\t\t\t<\/a>\n\t\t\t\t\t\t\t<a class=\"e-gallery-item elementor-gallery-item elementor-animated-content\" href=\"https:\/\/imariquique.cl\/inicio\/wp-content\/uploads\/2025\/12\/WhatsApp-Image-2025-12-22-at-8.41.07-AM-1.jpeg\" data-elementor-open-lightbox=\"yes\" data-elementor-lightbox-slideshow=\"54cd850\" data-elementor-lightbox-title=\"WhatsApp Image 2025-12-22 at 8.41.07 AM (1)\" data-e-action-hash=\"#elementor-action%3Aaction%3Dlightbox%26settings%3DeyJpZCI6NDAyNSwidXJsIjoiaHR0cHM6XC9cL2ltYXJpcXVpcXVlLmNsXC9pbmljaW9cL3dwLWNvbnRlbnRcL3VwbG9hZHNcLzIwMjVcLzEyXC9XaGF0c0FwcC1JbWFnZS0yMDI1LTEyLTIyLWF0LTguNDEuMDctQU0tMS5qcGVnIiwic2xpZGVzaG93IjoiNTRjZDg1MCJ9\">\n\t\t\t\t\t<div class=\"e-gallery-image elementor-gallery-item__image\" data-thumbnail=\"https:\/\/imariquique.cl\/inicio\/wp-content\/uploads\/2025\/12\/WhatsApp-Image-2025-12-22-at-8.41.07-AM-1-300x200.jpeg\" data-width=\"300\" data-height=\"200\" aria-label=\"\" role=\"img\" ><\/div>\n\t\t\t\t\t\t\t\t\t\t\t<div class=\"elementor-gallery-item__overlay\"><\/div>\n\t\t\t\t\t\t\t\t\t\t\t\t\t\t<\/a>\n\t\t\t\t\t<\/div>\n\t\t\t\t\t<\/div>\n\t\t\t\t<\/div>\n\t\t\t\t\t<\/div>\n\t\t\t\t<\/div>\n\t\t\t\t<\/div>\n\t\t","protected":false},"excerpt":{"rendered":"<p>Ceremonia de Licenciatura Cuartos Medios TP \u2013 Sello Mar\u00edtimo IMAR El Instituto del Mar \u201cAlmirante Carlos Condell\u201d realiz\u00f3 la Ceremonia de Licenciatura de los cuartos medios de las especialidades de\u00a0Mec\u00e1nica Industrial, Mec\u00e1nica Automotriz, Operaciones Portuarias y Electricidad, hito que simboliza el cierre de una etapa formativa y el inicio de una nueva traves\u00eda para nuestros [&hellip;]<\/p>\n","protected":false},"author":3,"featured_media":0,"parent":0,"menu_order":0,"comment_status":"closed","ping_status":"closed","template":"","meta":{"footnotes":""},"class_list":["post-3998","page","type-page","status-publish","hentry"],"_links":{"self":[{"href":"https:\/\/imariquique.cl\/inicio\/wp-json\/wp\/v2\/pages\/3998","targetHints":{"allow":["GET"]}}],"collection":[{"href":"https:\/\/imariquique.cl\/inicio\/wp-json\/wp\/v2\/pages"}],"about":[{"href":"https:\/\/imariquique.cl\/inicio\/wp-json\/wp\/v2\/types\/page"}],"author":[{"embeddable":true,"href":"https:\/\/imariquique.cl\/inicio\/wp-json\/wp\/v2\/users\/3"}],"replies":[{"embeddable":true,"href":"https:\/\/imariquique.cl\/inicio\/wp-json\/wp\/v2\/comments?post=3998"}],"version-history":[{"count":8,"href":"https:\/\/imariquique.cl\/inicio\/wp-json\/wp\/v2\/pages\/3998\/revisions"}],"predecessor-version":[{"id":4028,"href":"https:\/\/imariquique.cl\/inicio\/wp-json\/wp\/v2\/pages\/3998\/revisions\/4028"}],"wp:attachment":[{"href":"https:\/\/imariquique.cl\/inicio\/wp-json\/wp\/v2\/media?parent=3998"}],"curies":[{"name":"wp","href":"https:\/\/api.w.org\/{rel}","templated":true}]}}