{"id":387,"date":"2023-04-12T13:35:07","date_gmt":"2023-04-12T13:35:07","guid":{"rendered":"https:\/\/imariquique.bdigital.cl\/?page_id=387"},"modified":"2025-05-07T15:04:13","modified_gmt":"2025-05-07T19:04:13","slug":"nosotros","status":"publish","type":"page","link":"https:\/\/imariquique.cl\/inicio\/nosotros\/","title":{"rendered":"Nosotros"},"content":{"rendered":"\t\t<div data-elementor-type=\"wp-page\" data-elementor-id=\"387\" class=\"elementor elementor-387\" data-elementor-post-type=\"page\">\n\t\t\t\t<div class=\"elementor-element elementor-element-fa0e93d e-flex e-con-boxed e-con e-parent\" data-id=\"fa0e93d\" data-element_type=\"container\" data-e-type=\"container\">\n\t\t\t\t\t<div class=\"e-con-inner\">\n\t\t<div class=\"elementor-element elementor-element-4d99b03 e-con-full e-flex e-con e-child\" data-id=\"4d99b03\" data-element_type=\"container\" data-e-type=\"container\">\n\t\t\t\t<div class=\"elementor-element elementor-element-9314d63 elementor-widget elementor-widget-text-editor\" data-id=\"9314d63\" data-element_type=\"widget\" data-e-type=\"widget\" data-widget_type=\"text-editor.default\">\n\t\t\t\t<div class=\"elementor-widget-container\">\n\t\t\t\t\t\t\t\t\t<p class=\"p1\" style=\"text-align: justify;\">El Liceo Bicentenario Instituto del Mar \u00abAlmirante Carlos Condell\u00bb est\u00e1 ubicado en la zona sur de la ciudad de Iquique, es un liceo mixto de Educaci\u00f3n T\u00e9cnico Profesional que forma T\u00e9cnicos de Nivel Medio en Especialidades relacionadas con el sector Mar\u00edtimo, Metalmec\u00e1nico y El\u00e9ctrico. Abri\u00f3 sus puertas a la comunidad estudiantil el 17 de abril de 1973 y desde el a\u00f1o 1984 es administrado por la Fundaci\u00f3n \u201cAlmirante Carlos Condell\u201d, entidad sin fines de lucro con sede en Valpara\u00edso que es conducida por un directorio encabezado por el Director Ejecutivo Se\u00f1or Julio Leiva Molina. Es un establecimiento de Administraci\u00f3n Delegada, decreto 3166. Su contexto social es absolutamente inclusivo desde su origen, se recibe a todo alumno que desee estudiar y quiera salir adelante en la vida. Principalmente se reciben familias prioritarias interculturales y muy diversas, de comunidades cercanas al sur de la ciudad, de Alto Hospicio y de sectores populares de Iquique (IVE). Su infraestructura le permite atender una matr\u00edcula aproximada de hasta 630 alumnos, distribuidos en 18 cursos de S\u00e9ptimo B\u00e1sico a Cuarto Medio con Jornada Escolar Completa. Los alumnos reciben formaci\u00f3n integral basada en el desarrollo de habilidades en disciplinas del conocimiento, como tambi\u00e9n en lo formativo y personal, con un \u00e9nfasis en el autocuidado, pr\u00e1ctica del deporte, conciencia sobre el cuidado del medio ambiente natural y social, dentro de un ambiente escolar que promueve la convivencia sana y participativa.<\/p>\t\t\t\t\t\t\t\t<\/div>\n\t\t\t\t<\/div>\n\t\t\t\t<\/div>\n\t\t<div class=\"elementor-element elementor-element-f7cc9e8 e-con-full e-flex e-con e-child\" data-id=\"f7cc9e8\" data-element_type=\"container\" data-e-type=\"container\">\n\t\t<div class=\"elementor-element elementor-element-6211e1b e-flex e-con-boxed e-con e-child\" data-id=\"6211e1b\" data-element_type=\"container\" data-e-type=\"container\">\n\t\t\t\t\t<div class=\"e-con-inner\">\n\t\t\t\t<div class=\"elementor-element elementor-element-910a903 elementor-widget elementor-widget-image\" data-id=\"910a903\" data-element_type=\"widget\" data-e-type=\"widget\" data-widget_type=\"image.default\">\n\t\t\t\t<div class=\"elementor-widget-container\">\n\t\t\t\t\t\t\t\t\t\t\t\t\t\t\t<img fetchpriority=\"high\" decoding=\"async\" width=\"800\" height=\"525\" src=\"https:\/\/imariquique.cl\/inicio\/wp-content\/uploads\/2024\/08\/web2.jpg\" class=\"attachment-large size-large wp-image-2391\" alt=\"\" srcset=\"https:\/\/imariquique.cl\/inicio\/wp-content\/uploads\/2024\/08\/web2.jpg 1000w, https:\/\/imariquique.cl\/inicio\/wp-content\/uploads\/2024\/08\/web2-300x197.jpg 300w, https:\/\/imariquique.cl\/inicio\/wp-content\/uploads\/2024\/08\/web2-768x504.jpg 768w\" sizes=\"(max-width: 800px) 100vw, 800px\" \/>\t\t\t\t\t\t\t\t\t\t\t\t\t\t\t<\/div>\n\t\t\t\t<\/div>\n\t\t\t\t\t<\/div>\n\t\t\t\t<\/div>\n\t\t<div class=\"elementor-element elementor-element-f9810cd e-flex e-con-boxed e-con e-child\" data-id=\"f9810cd\" data-element_type=\"container\" data-e-type=\"container\">\n\t\t\t\t\t<div class=\"e-con-inner\">\n\t\t\t\t<div class=\"elementor-element elementor-element-425758d elementor-widget elementor-widget-image\" data-id=\"425758d\" data-element_type=\"widget\" data-e-type=\"widget\" data-widget_type=\"image.default\">\n\t\t\t\t<div class=\"elementor-widget-container\">\n\t\t\t\t\t\t\t\t\t\t\t\t\t\t\t<img decoding=\"async\" width=\"800\" height=\"450\" src=\"https:\/\/imariquique.cl\/inicio\/wp-content\/uploads\/2025\/04\/web1.png\" class=\"attachment-large size-large wp-image-3029\" alt=\"\" srcset=\"https:\/\/imariquique.cl\/inicio\/wp-content\/uploads\/2025\/04\/web1.png 1024w, https:\/\/imariquique.cl\/inicio\/wp-content\/uploads\/2025\/04\/web1-300x169.png 300w, https:\/\/imariquique.cl\/inicio\/wp-content\/uploads\/2025\/04\/web1-768x432.png 768w\" sizes=\"(max-width: 800px) 100vw, 800px\" \/>\t\t\t\t\t\t\t\t\t\t\t\t\t\t\t<\/div>\n\t\t\t\t<\/div>\n\t\t\t\t\t<\/div>\n\t\t\t\t<\/div>\n\t\t\t\t<\/div>\n\t\t\t\t\t<\/div>\n\t\t\t\t<\/div>\n\t\t<div class=\"elementor-element elementor-element-7ed3064 e-flex e-con-boxed e-con e-parent\" data-id=\"7ed3064\" data-element_type=\"container\" data-e-type=\"container\">\n\t\t\t\t\t<div class=\"e-con-inner\">\n\t\t\t\t<div class=\"elementor-element elementor-element-d208e0a elementor-widget elementor-widget-text-editor\" data-id=\"d208e0a\" data-element_type=\"widget\" data-e-type=\"widget\" data-widget_type=\"text-editor.default\">\n\t\t\t\t<div class=\"elementor-widget-container\">\n\t\t\t\t\t\t\t\t\t<p class=\"p1\" style=\"text-align: justify;\">En el \u00e1rea formaci\u00f3n t\u00e9cnica, los estudiantes reciben m\u00f3dulos, experiencias en talleres y laboratorios bien implementados, propios de la especialidad a la que postulan en 2\u00b0medio; y en 4\u00b0medio, cuentan con la experiencia del sistema DUAL y pr\u00e1ctica profesional en importantes empresas de la Regi\u00f3n. Inicialmente el Liceo se denominaba ITM, instituci\u00f3n que formaba t\u00e9cnicos en carreras mar\u00edtimas, tras la renovaci\u00f3n de las especialidades, en la actualidad se imparten cuatro: Mec\u00e1nica Industrial, Mec\u00e1nica Automotriz, Operaciones Portuarias y Electricidad. El foco de la formaci\u00f3n expresado en su PEI, busca potenciar el desarrollo de las capacidades y competencias que requiere el T\u00e9cnico de nivel medio de las nuevas generaciones, adapt\u00e1ndose a los cambios constantes que demanda el proceso productivo y campo laboral, a fin de contribuir al desarrollo mar\u00edtimo, productivo y de servicio, y as\u00ed responder a las necesidades de crecimiento de la Regi\u00f3n y del Pa\u00eds. Su reconocida labor por 50 a\u00f1os como Instituci\u00f3n Educativa en Iquique, con egresados valorados por su formaci\u00f3n, perfil y aporte, con una administraci\u00f3n ordenada y comprometida, con docentes en permanente proceso de actualizaci\u00f3n de sus pr\u00e1cticas pedag\u00f3gicas, dan garant\u00eda de cumplimiento en un proceso de mejora constante, en favor de sus estudiantes y familias, que conf\u00edan en el modelo educativo del Instituto del Mar: \u201cEducamos para Transformar Vidas\u201d. <\/p>\t\t\t\t\t\t\t\t<\/div>\n\t\t\t\t<\/div>\n\t\t\t\t\t<\/div>\n\t\t\t\t<\/div>\n\t\t<div class=\"elementor-element elementor-element-0895c82 e-con-full e-flex e-con e-parent\" data-id=\"0895c82\" data-element_type=\"container\" data-e-type=\"container\">\n\t\t\t\t<div class=\"elementor-element elementor-element-0eab5f7 elementor-widget__width-initial elementor-widget-mobile__width-inherit elementor-widget elementor-widget-icon-box\" data-id=\"0eab5f7\" data-element_type=\"widget\" data-e-type=\"widget\" data-widget_type=\"icon-box.default\">\n\t\t\t\t<div class=\"elementor-widget-container\">\n\t\t\t\t\t\t\t<div class=\"elementor-icon-box-wrapper\">\n\n\t\t\t\n\t\t\t\t\t\t<div class=\"elementor-icon-box-content\">\n\n\t\t\t\t\t\t\t\t\t<h3 class=\"elementor-icon-box-title\">\n\t\t\t\t\t\t<span  >\n\t\t\t\t\t\t\tMISI\u00d3N\t\t\t\t\t\t<\/span>\n\t\t\t\t\t<\/h3>\n\t\t\t\t\n\t\t\t\t\t\t\t\t\t<p class=\"elementor-icon-box-description\">\n\t\t\t\t\t\tFormamos personas, asegurando el desarrollo de sus talentos, capacidades y valores a trav\u00e9s de una formaci\u00f3n t\u00e9cnica integral de 7\u00ba a 4\u00ba medio, que impulse sus proyectos de vida y los prepare para enfrentar los desaf\u00edos formativos y laborales del presente y futuro.\t\t\t\t\t<\/p>\n\t\t\t\t\n\t\t\t<\/div>\n\t\t\t\n\t\t<\/div>\n\t\t\t\t\t\t<\/div>\n\t\t\t\t<\/div>\n\t\t\t\t<div class=\"elementor-element elementor-element-2a38dac elementor-widget__width-initial elementor-widget-mobile__width-inherit elementor-widget elementor-widget-icon-box\" data-id=\"2a38dac\" data-element_type=\"widget\" data-e-type=\"widget\" data-widget_type=\"icon-box.default\">\n\t\t\t\t<div class=\"elementor-widget-container\">\n\t\t\t\t\t\t\t<div class=\"elementor-icon-box-wrapper\">\n\n\t\t\t\n\t\t\t\t\t\t<div class=\"elementor-icon-box-content\">\n\n\t\t\t\t\t\t\t\t\t<h3 class=\"elementor-icon-box-title\">\n\t\t\t\t\t\t<span  >\n\t\t\t\t\t\t\tVISI\u00d3N\t\t\t\t\t\t<\/span>\n\t\t\t\t\t<\/h3>\n\t\t\t\t\n\t\t\t\t\t\t\t\t\t<p class=\"elementor-icon-box-description\">\n\t\t\t\t\t\tFormar a las y los mejores t\u00e9cnicos, contribuyendo a resolver los desaf\u00edos econ\u00f3micos, sociales y de sustentabilidad de la regi\u00f3n y del pa\u00eds.\n\n\t\t\t\t\t<\/p>\n\t\t\t\t\n\t\t\t<\/div>\n\t\t\t\n\t\t<\/div>\n\t\t\t\t\t\t<\/div>\n\t\t\t\t<\/div>\n\t\t\t\t<\/div>\n\t\t<div class=\"elementor-element elementor-element-ae97784 e-con-full e-flex e-con e-parent\" data-id=\"ae97784\" data-element_type=\"container\" data-e-type=\"container\">\n\t\t\t\t<div class=\"elementor-element elementor-element-c641766 elementor-widget__width-initial elementor-widget-divider--view-line elementor-widget elementor-widget-divider\" data-id=\"c641766\" data-element_type=\"widget\" data-e-type=\"widget\" data-widget_type=\"divider.default\">\n\t\t\t\t<div class=\"elementor-widget-container\">\n\t\t\t\t\t\t\t<div class=\"elementor-divider\">\n\t\t\t<span class=\"elementor-divider-separator\">\n\t\t\t\t\t\t<\/span>\n\t\t<\/div>\n\t\t\t\t\t\t<\/div>\n\t\t\t\t<\/div>\n\t\t\t\t<div class=\"elementor-element elementor-element-9c6d527 elementor-widget__width-initial elementor-widget elementor-widget-heading\" data-id=\"9c6d527\" data-element_type=\"widget\" data-e-type=\"widget\" data-widget_type=\"heading.default\">\n\t\t\t\t<div class=\"elementor-widget-container\">\n\t\t\t\t\t<h2 class=\"elementor-heading-title elementor-size-default\">Sellos<\/h2>\t\t\t\t<\/div>\n\t\t\t\t<\/div>\n\t\t\t\t<div class=\"elementor-element elementor-element-69dd0f2 elementor-widget__width-initial elementor-widget-mobile__width-inherit elementor-widget elementor-widget-icon-box\" data-id=\"69dd0f2\" data-element_type=\"widget\" data-e-type=\"widget\" data-widget_type=\"icon-box.default\">\n\t\t\t\t<div class=\"elementor-widget-container\">\n\t\t\t\t\t\t\t<div class=\"elementor-icon-box-wrapper\">\n\n\t\t\t\n\t\t\t\t\t\t<div class=\"elementor-icon-box-content\">\n\n\t\t\t\t\t\t\t\t\t<h3 class=\"elementor-icon-box-title\">\n\t\t\t\t\t\t<span  >\n\t\t\t\t\t\t\tAltas expectativas\t\t\t\t\t\t<\/span>\n\t\t\t\t\t<\/h3>\n\t\t\t\t\n\t\t\t\t\t\t\t\t\t<p class=\"elementor-icon-box-description\">\n\t\t\t\t\t\tPara que cada estudiante y docente saque su m\u00e1ximo potencial, impulsando el trabajo y perseverancia en cada tarea, la resiliencia, la capacidad de desafiar y ser desafiado y el respeto a la condici\u00f3n humana.\t\t\t\t\t<\/p>\n\t\t\t\t\n\t\t\t<\/div>\n\t\t\t\n\t\t<\/div>\n\t\t\t\t\t\t<\/div>\n\t\t\t\t<\/div>\n\t\t\t\t<div class=\"elementor-element elementor-element-cbd6a01 elementor-widget__width-initial elementor-widget-mobile__width-inherit elementor-widget elementor-widget-icon-box\" data-id=\"cbd6a01\" data-element_type=\"widget\" data-e-type=\"widget\" data-widget_type=\"icon-box.default\">\n\t\t\t\t<div class=\"elementor-widget-container\">\n\t\t\t\t\t\t\t<div class=\"elementor-icon-box-wrapper\">\n\n\t\t\t\n\t\t\t\t\t\t<div class=\"elementor-icon-box-content\">\n\n\t\t\t\t\t\t\t\t\t<h3 class=\"elementor-icon-box-title\">\n\t\t\t\t\t\t<span  >\n\t\t\t\t\t\t\tFormaci\u00f3n Integral:\t\t\t\t\t\t<\/span>\n\t\t\t\t\t<\/h3>\n\t\t\t\t\n\t\t\t\t\t\t\t\t\t<p class=\"elementor-icon-box-description\">\n\t\t\t\t\t\tQue facilita la adquisici\u00f3n y desarrollo de competencias t\u00e9cnicas espec\u00edficas y transversales, conect\u00e1ndose con los valores esenciales para hacer frente a las transformaciones tecnol\u00f3gicas, laborales, sociales y culturales\t\t\t\t\t<\/p>\n\t\t\t\t\n\t\t\t<\/div>\n\t\t\t\n\t\t<\/div>\n\t\t\t\t\t\t<\/div>\n\t\t\t\t<\/div>\n\t\t\t\t<div class=\"elementor-element elementor-element-76543d3 elementor-widget__width-initial elementor-widget-mobile__width-inherit elementor-widget elementor-widget-icon-box\" data-id=\"76543d3\" data-element_type=\"widget\" data-e-type=\"widget\" data-widget_type=\"icon-box.default\">\n\t\t\t\t<div class=\"elementor-widget-container\">\n\t\t\t\t\t\t\t<div class=\"elementor-icon-box-wrapper\">\n\n\t\t\t\n\t\t\t\t\t\t<div class=\"elementor-icon-box-content\">\n\n\t\t\t\t\t\t\t\t\t<h3 class=\"elementor-icon-box-title\">\n\t\t\t\t\t\t<span  >\n\t\t\t\t\t\t\t Pertinencia territorial y Econ\u00f3mica:\t\t\t\t\t\t<\/span>\n\t\t\t\t\t<\/h3>\n\t\t\t\t\n\t\t\t\t\t\t\t\t\t<p class=\"elementor-icon-box-description\">\n\t\t\t\t\t\tPara responder tanto a las necesidades de los estudiantes para el desarrollo de trayectorias formativo \u2013 laborales, como tambi\u00e9n al desarrollo territorial y econ\u00f3mico.\n\t\t\t\t\t<\/p>\n\t\t\t\t\n\t\t\t<\/div>\n\t\t\t\n\t\t<\/div>\n\t\t\t\t\t\t<\/div>\n\t\t\t\t<\/div>\n\t\t\t\t<div class=\"elementor-element elementor-element-efaccc6 elementor-widget__width-initial elementor-widget-mobile__width-inherit elementor-widget elementor-widget-icon-box\" data-id=\"efaccc6\" data-element_type=\"widget\" data-e-type=\"widget\" data-widget_type=\"icon-box.default\">\n\t\t\t\t<div class=\"elementor-widget-container\">\n\t\t\t\t\t\t\t<div class=\"elementor-icon-box-wrapper\">\n\n\t\t\t\n\t\t\t\t\t\t<div class=\"elementor-icon-box-content\">\n\n\t\t\t\t\t\t\t\t\t<h3 class=\"elementor-icon-box-title\">\n\t\t\t\t\t\t<a href=\"https:\/\/imariquique.bdigital.cl\/operaciones-portuarias\/\" >\n\t\t\t\t\t\t\tExpresi\u00f3n Art\u00edstica y deportiva:\t\t\t\t\t\t<\/a>\n\t\t\t\t\t<\/h3>\n\t\t\t\t\n\t\t\t\t\t\t\t\t\t<p class=\"elementor-icon-box-description\">\n\t\t\t\t\t\tQue promueve la vida saludable y un equilibrio arm\u00f3nico entre la actividad intelectual, f\u00edsica, art\u00edstica y psicol\u00f3gica, potenciando talentos y permitiendo un desenvolvimiento sano y adecuado en la sociedad actual.\t\t\t\t\t<\/p>\n\t\t\t\t\n\t\t\t<\/div>\n\t\t\t\n\t\t<\/div>\n\t\t\t\t\t\t<\/div>\n\t\t\t\t<\/div>\n\t\t\t\t<div class=\"elementor-element elementor-element-a138d37 elementor-widget__width-initial elementor-widget-mobile__width-inherit elementor-widget elementor-widget-icon-box\" data-id=\"a138d37\" data-element_type=\"widget\" data-e-type=\"widget\" data-widget_type=\"icon-box.default\">\n\t\t\t\t<div class=\"elementor-widget-container\">\n\t\t\t\t\t\t\t<div class=\"elementor-icon-box-wrapper\">\n\n\t\t\t\n\t\t\t\t\t\t<div class=\"elementor-icon-box-content\">\n\n\t\t\t\t\t\t\t\t\t<h3 class=\"elementor-icon-box-title\">\n\t\t\t\t\t\t<a href=\"https:\/\/imariquique.bdigital.cl\/operaciones-portuarias\/\" >\n\t\t\t\t\t\t\tInclusi\u00f3n y responsabilidad social\t\t\t\t\t\t<\/a>\n\t\t\t\t\t<\/h3>\n\t\t\t\t\n\t\t\t\t\t\t\t\t\t<p class=\"elementor-icon-box-description\">\n\t\t\t\t\t\tCon una formaci\u00f3n de personas en t\u00e9rminos de diversidad y equidad, promoviendo el liderazgo y compromiso social.\t\t\t\t\t<\/p>\n\t\t\t\t\n\t\t\t<\/div>\n\t\t\t\n\t\t<\/div>\n\t\t\t\t\t\t<\/div>\n\t\t\t\t<\/div>\n\t\t\t\t<div class=\"elementor-element elementor-element-9ac9665 elementor-widget__width-initial elementor-widget-mobile__width-inherit elementor-widget elementor-widget-icon-box\" data-id=\"9ac9665\" data-element_type=\"widget\" data-e-type=\"widget\" data-widget_type=\"icon-box.default\">\n\t\t\t\t<div class=\"elementor-widget-container\">\n\t\t\t\t\t\t\t<div class=\"elementor-icon-box-wrapper\">\n\n\t\t\t\n\t\t\t\t\t\t<div class=\"elementor-icon-box-content\">\n\n\t\t\t\t\t\t\t\t\t<h3 class=\"elementor-icon-box-title\">\n\t\t\t\t\t\t<a href=\"https:\/\/imariquique.bdigital.cl\/operaciones-portuarias\/\" >\n\t\t\t\t\t\t\t  Conciencia Ecol\u00f3gica\t\t\t\t\t\t<\/a>\n\t\t\t\t\t<\/h3>\n\t\t\t\t\n\t\t\t\t\t\t\t\t\t<p class=\"elementor-icon-box-description\">\n\t\t\t\t\t\tQue desarrolla personas con una s\u00f3lida conciencia medioambiental con foco en lo Mar\u00edtimo y con capacidades que aportan a la transici\u00f3n hacia una sociedad sostenible a nivel social, econ\u00f3mico y medioambiental.\n\t\t\t\t\t<\/p>\n\t\t\t\t\n\t\t\t<\/div>\n\t\t\t\n\t\t<\/div>\n\t\t\t\t\t\t<\/div>\n\t\t\t\t<\/div>\n\t\t\t\t<\/div>\n\t\t<div class=\"elementor-element elementor-element-320fb22 e-con-full e-flex e-con e-parent\" data-id=\"320fb22\" data-element_type=\"container\" data-e-type=\"container\">\n\t\t\t\t<div class=\"elementor-element elementor-element-3e3ea58 elementor-blockquote--skin-boxed elementor-blockquote--align-center elementor-widget__width-inherit elementor-widget elementor-widget-blockquote\" data-id=\"3e3ea58\" data-element_type=\"widget\" data-e-type=\"widget\" data-widget_type=\"blockquote.default\">\n\t\t\t\t<div class=\"elementor-widget-container\">\n\t\t\t\t\t\t\t<blockquote class=\"elementor-blockquote\">\n\t\t\t<p class=\"elementor-blockquote__content\">\n\t\t\t\tLos alumnos del Instituto Del Mar, en segundo medio, podr\u00e1n postular e ingresar a las distintas especialidades que el establecimiento les ofrece:.\t\t\t<\/p>\n\t\t\t\t\t<\/blockquote>\n\t\t\t\t\t\t<\/div>\n\t\t\t\t<\/div>\n\t\t\t\t<div class=\"elementor-element elementor-element-596deab elementor-cta--skin-classic elementor-animated-content elementor-bg-transform elementor-bg-transform-zoom-in elementor-widget elementor-widget-call-to-action\" data-id=\"596deab\" data-element_type=\"widget\" data-e-type=\"widget\" data-widget_type=\"call-to-action.default\">\n\t\t\t\t<div class=\"elementor-widget-container\">\n\t\t\t\t\t\t\t<div class=\"elementor-cta\">\n\t\t\t\t\t\t\t<div class=\"elementor-cta__content\">\n\t\t\t\t\n\t\t\t\t\t\t\t\t\t<h2 class=\"elementor-cta__title elementor-cta__content-item elementor-content-item\">\n\t\t\t\t\t\tCuenta P\u00fablica 2024\t\t\t\t\t<\/h2>\n\t\t\t\t\n\t\t\t\t\n\t\t\t\t\t\t\t\t\t<div class=\"elementor-cta__button-wrapper elementor-cta__content-item elementor-content-item \">\n\t\t\t\t\t<a class=\"elementor-cta__button elementor-button elementor-size-\" href=\"https:\/\/imariquique.cl\/inicio\/wp-content\/uploads\/2025\/05\/cp2024.pdf\">\n\t\t\t\t\t\tRev\u00edsala Ac\u00e1\t\t\t\t\t<\/a>\n\t\t\t\t\t<\/div>\n\t\t\t\t\t\t\t<\/div>\n\t\t\t\t\t\t<\/div>\n\t\t\t\t\t\t<\/div>\n\t\t\t\t<\/div>\n\t\t\t\t<\/div>\n\t\t<div class=\"elementor-element elementor-element-ca7555f e-con-full e-flex e-con e-parent\" data-id=\"ca7555f\" data-element_type=\"container\" data-e-type=\"container\">\n\t\t\t\t<div class=\"elementor-element elementor-element-8ad5c26 elementor-widget__width-initial elementor-widget-mobile__width-initial elementor-widget-divider--view-line elementor-widget elementor-widget-divider\" data-id=\"8ad5c26\" data-element_type=\"widget\" data-e-type=\"widget\" data-widget_type=\"divider.default\">\n\t\t\t\t<div class=\"elementor-widget-container\">\n\t\t\t\t\t\t\t<div class=\"elementor-divider\">\n\t\t\t<span class=\"elementor-divider-separator\">\n\t\t\t\t\t\t<\/span>\n\t\t<\/div>\n\t\t\t\t\t\t<\/div>\n\t\t\t\t<\/div>\n\t\t\t\t<div class=\"elementor-element elementor-element-1f5b63c elementor-widget__width-initial elementor-widget-mobile__width-initial elementor-widget elementor-widget-heading\" data-id=\"1f5b63c\" data-element_type=\"widget\" data-e-type=\"widget\" data-widget_type=\"heading.default\">\n\t\t\t\t<div class=\"elementor-widget-container\">\n\t\t\t\t\t<h2 class=\"elementor-heading-title elementor-size-default\">EQUIPO DIRECTIVO<\/h2>\t\t\t\t<\/div>\n\t\t\t\t<\/div>\n\t\t\t\t<\/div>\n\t\t<div class=\"elementor-element elementor-element-77cf657 e-con-full e-flex e-con e-parent\" data-id=\"77cf657\" data-element_type=\"container\" data-e-type=\"container\">\n\t\t\t\t<div class=\"elementor-element elementor-element-4da3a51 elementor-cta--layout-image-above elementor-cta--valign-middle elementor-widget-mobile__width-inherit elementor-widget__width-initial elementor-cta--skin-classic elementor-animated-content elementor-widget elementor-widget-call-to-action\" data-id=\"4da3a51\" data-element_type=\"widget\" data-e-type=\"widget\" data-widget_type=\"call-to-action.default\">\n\t\t\t\t<div class=\"elementor-widget-container\">\n\t\t\t\t\t\t\t<div class=\"elementor-cta\">\n\t\t\t\t\t<div class=\"elementor-cta__bg-wrapper\">\n\t\t\t\t<div class=\"elementor-cta__bg elementor-bg\" style=\"background-image: url(https:\/\/imariquique.cl\/inicio\/wp-content\/uploads\/2023\/05\/2.png);\" role=\"img\" aria-label=\"2\"><\/div>\n\t\t\t\t<div class=\"elementor-cta__bg-overlay\"><\/div>\n\t\t\t<\/div>\n\t\t\t\t\t\t\t<div class=\"elementor-cta__content\">\n\t\t\t\t\n\t\t\t\t\t\t\t\t\t<h3 class=\"elementor-cta__title elementor-cta__content-item elementor-content-item\">\n\t\t\t\t\t\tRoxana Ojeda Aravena - Directora \t\t\t\t\t<\/h3>\n\t\t\t\t\n\t\t\t\t\t\t\t\t\t<div class=\"elementor-cta__description elementor-cta__content-item elementor-content-item\">\n\t\t\t\t\t\tProfesora de Educaci\u00f3n Media tecnol\u00f3gica\nIngeniero (ejc) en Acuicultura\nMag\u00edster en Educaci\u00f3n con menci\u00f3n en Gesti\u00f3n Educacional\nDiplomado en Liderazgo escolar, del plan de formaci\u00f3n de Directores (CPEIP).\n\n\t\t\t\t\t<\/div>\n\t\t\t\t\n\t\t\t\t\t\t\t<\/div>\n\t\t\t\t\t\t<\/div>\n\t\t\t\t\t\t<\/div>\n\t\t\t\t<\/div>\n\t\t\t\t<div class=\"elementor-element elementor-element-96328ce elementor-cta--layout-image-above elementor-cta--valign-middle elementor-widget-mobile__width-inherit elementor-widget__width-initial elementor-cta--skin-classic elementor-animated-content elementor-widget elementor-widget-call-to-action\" data-id=\"96328ce\" data-element_type=\"widget\" data-e-type=\"widget\" data-widget_type=\"call-to-action.default\">\n\t\t\t\t<div class=\"elementor-widget-container\">\n\t\t\t\t\t\t\t<div class=\"elementor-cta\">\n\t\t\t\t\t<div class=\"elementor-cta__bg-wrapper\">\n\t\t\t\t<div class=\"elementor-cta__bg elementor-bg\" style=\"background-image: url(https:\/\/imariquique.cl\/inicio\/wp-content\/uploads\/2023\/05\/4.png);\" role=\"img\" aria-label=\"4\"><\/div>\n\t\t\t\t<div class=\"elementor-cta__bg-overlay\"><\/div>\n\t\t\t<\/div>\n\t\t\t\t\t\t\t<div class=\"elementor-cta__content\">\n\t\t\t\t\n\t\t\t\t\t\t\t\t\t<h3 class=\"elementor-cta__title elementor-cta__content-item elementor-content-item\">\n\t\t\t\t\t\tPatricio Risco Pedrero - Subdirector Articulaci\u00f3n Pedag\u00f3gica\t\t\t\t\t<\/h3>\n\t\t\t\t\n\t\t\t\t\t\t\t\t\t<div class=\"elementor-cta__description elementor-cta__content-item elementor-content-item\">\n\t\t\t\t\t\tIngeniero en Ejecuci\u00f3n en Transporte Mar\u00edtimo  y Puertos.  Magister en Educaci\u00f3n y Gesti\u00f3n de Calidad. Licenciado en Educaci\u00f3n. Post-T\u00edtulo en Educaci\u00f3n T\u00e9cnico Profesional.\t\t\t\t\t<\/div>\n\t\t\t\t\n\t\t\t\t\t\t\t<\/div>\n\t\t\t\t\t\t<\/div>\n\t\t\t\t\t\t<\/div>\n\t\t\t\t<\/div>\n\t\t\t\t<div class=\"elementor-element elementor-element-7745139 elementor-cta--layout-image-above elementor-cta--valign-middle elementor-widget-mobile__width-inherit elementor-widget__width-initial elementor-cta--skin-classic elementor-animated-content elementor-widget elementor-widget-call-to-action\" data-id=\"7745139\" data-element_type=\"widget\" data-e-type=\"widget\" data-widget_type=\"call-to-action.default\">\n\t\t\t\t<div class=\"elementor-widget-container\">\n\t\t\t\t\t\t\t<div class=\"elementor-cta\">\n\t\t\t\t\t<div class=\"elementor-cta__bg-wrapper\">\n\t\t\t\t<div class=\"elementor-cta__bg elementor-bg\" style=\"background-image: url(https:\/\/imariquique.cl\/inicio\/wp-content\/uploads\/2024\/08\/seba.jpg);\" role=\"img\" aria-label=\"seba\"><\/div>\n\t\t\t\t<div class=\"elementor-cta__bg-overlay\"><\/div>\n\t\t\t<\/div>\n\t\t\t\t\t\t\t<div class=\"elementor-cta__content\">\n\t\t\t\t\n\t\t\t\t\t\t\t\t\t<h3 class=\"elementor-cta__title elementor-cta__content-item elementor-content-item\">\n\t\t\t\t\t\tSebasti\u00e1n Alvarez Castillo - Subdirector de Formaci\u00f3n y Convivencia Escolar\t\t\t\t\t<\/h3>\n\t\t\t\t\n\t\t\t\t\t\t\t\t\t<div class=\"elementor-cta__description elementor-cta__content-item elementor-content-item\">\n\t\t\t\t\t\tLicenciado en Psicolog\u00eda, Diplomado en Educaci\u00f3n Socioemocional, Convivencia Escolar, Mediaci\u00f3n Escolar y Orientaci\u00f3n Vocacional.\n\t\t\t\t\t<\/div>\n\t\t\t\t\n\t\t\t\t\t\t\t<\/div>\n\t\t\t\t\t\t<\/div>\n\t\t\t\t\t\t<\/div>\n\t\t\t\t<\/div>\n\t\t\t\t<div class=\"elementor-element elementor-element-777bf49 elementor-cta--layout-image-above elementor-cta--valign-middle elementor-widget-mobile__width-inherit elementor-widget__width-initial elementor-cta--skin-classic elementor-animated-content elementor-widget elementor-widget-call-to-action\" data-id=\"777bf49\" data-element_type=\"widget\" data-e-type=\"widget\" data-widget_type=\"call-to-action.default\">\n\t\t\t\t<div class=\"elementor-widget-container\">\n\t\t\t\t\t\t\t<div class=\"elementor-cta\">\n\t\t\t\t\t\t\t\t<\/div>\n\t\t\t\t\t\t<\/div>\n\t\t\t\t<\/div>\n\t\t\t\t<\/div>\n\t\t\t\t<\/div>\n\t\t","protected":false},"excerpt":{"rendered":"<p>El Liceo Bicentenario Instituto del Mar \u00abAlmirante Carlos Condell\u00bb est\u00e1 ubicado en la zona sur de la ciudad de Iquique, es un liceo mixto de Educaci\u00f3n T\u00e9cnico Profesional que forma T\u00e9cnicos de Nivel Medio en Especialidades relacionadas con el sector Mar\u00edtimo, Metalmec\u00e1nico y El\u00e9ctrico. Abri\u00f3 sus puertas a la comunidad estudiantil el 17 de abril [&hellip;]<\/p>\n","protected":false},"author":1,"featured_media":312,"parent":0,"menu_order":0,"comment_status":"closed","ping_status":"closed","template":"elementor_header_footer","meta":{"footnotes":""},"class_list":["post-387","page","type-page","status-publish","has-post-thumbnail","hentry"],"_links":{"self":[{"href":"https:\/\/imariquique.cl\/inicio\/wp-json\/wp\/v2\/pages\/387","targetHints":{"allow":["GET"]}}],"collection":[{"href":"https:\/\/imariquique.cl\/inicio\/wp-json\/wp\/v2\/pages"}],"about":[{"href":"https:\/\/imariquique.cl\/inicio\/wp-json\/wp\/v2\/types\/page"}],"author":[{"embeddable":true,"href":"https:\/\/imariquique.cl\/inicio\/wp-json\/wp\/v2\/users\/1"}],"replies":[{"embeddable":true,"href":"https:\/\/imariquique.cl\/inicio\/wp-json\/wp\/v2\/comments?post=387"}],"version-history":[{"count":103,"href":"https:\/\/imariquique.cl\/inicio\/wp-json\/wp\/v2\/pages\/387\/revisions"}],"predecessor-version":[{"id":3121,"href":"https:\/\/imariquique.cl\/inicio\/wp-json\/wp\/v2\/pages\/387\/revisions\/3121"}],"wp:featuredmedia":[{"embeddable":true,"href":"https:\/\/imariquique.cl\/inicio\/wp-json\/wp\/v2\/media\/312"}],"wp:attachment":[{"href":"https:\/\/imariquique.cl\/inicio\/wp-json\/wp\/v2\/media?parent=387"}],"curies":[{"name":"wp","href":"https:\/\/api.w.org\/{rel}","templated":true}]}}