{"id":3760,"date":"2025-11-10T13:08:38","date_gmt":"2025-11-10T17:08:38","guid":{"rendered":"https:\/\/imariquique.cl\/inicio\/?page_id=3760"},"modified":"2025-11-10T14:14:50","modified_gmt":"2025-11-10T18:14:50","slug":"visitapuerto","status":"publish","type":"page","link":"https:\/\/imariquique.cl\/inicio\/visitapuerto\/","title":{"rendered":""},"content":{"rendered":"\t\t<div data-elementor-type=\"wp-page\" data-elementor-id=\"3760\" class=\"elementor elementor-3760\" data-elementor-post-type=\"page\">\n\t\t\t\t<div class=\"elementor-element elementor-element-e856431 e-flex e-con-boxed e-con e-parent\" data-id=\"e856431\" data-element_type=\"container\" data-e-type=\"container\">\n\t\t\t\t\t<div class=\"e-con-inner\">\n\t\t\t\t<div class=\"elementor-element elementor-element-a97f589 elementor-widget elementor-widget-heading\" data-id=\"a97f589\" data-element_type=\"widget\" data-e-type=\"widget\" data-widget_type=\"heading.default\">\n\t\t\t\t<div class=\"elementor-widget-container\">\n\t\t\t\t\t<h2 class=\"elementor-heading-title elementor-size-default\">Nuestros alumnos de Operaciones Portuarias visitan el Puerto de Iquique para fortalecer su formaci\u00f3n t\u00e9cnica.<\/h2>\t\t\t\t<\/div>\n\t\t\t\t<\/div>\n\t\t\t\t\t<\/div>\n\t\t\t\t<\/div>\n\t\t<div class=\"elementor-element elementor-element-28ff111 e-flex e-con-boxed e-con e-parent\" data-id=\"28ff111\" data-element_type=\"container\" data-e-type=\"container\">\n\t\t\t\t\t<div class=\"e-con-inner\">\n\t\t\t\t<div class=\"elementor-element elementor-element-08205bd elementor-widget elementor-widget-image\" data-id=\"08205bd\" data-element_type=\"widget\" data-e-type=\"widget\" data-widget_type=\"image.default\">\n\t\t\t\t<div class=\"elementor-widget-container\">\n\t\t\t\t\t\t\t\t\t\t\t\t\t\t\t<img fetchpriority=\"high\" decoding=\"async\" width=\"1920\" height=\"1080\" src=\"https:\/\/imariquique.cl\/inicio\/wp-content\/uploads\/2025\/11\/w1-1.png\" class=\"attachment-full size-full wp-image-3762\" alt=\"\" srcset=\"https:\/\/imariquique.cl\/inicio\/wp-content\/uploads\/2025\/11\/w1-1.png 1920w, https:\/\/imariquique.cl\/inicio\/wp-content\/uploads\/2025\/11\/w1-1-300x169.png 300w, https:\/\/imariquique.cl\/inicio\/wp-content\/uploads\/2025\/11\/w1-1-1024x576.png 1024w, https:\/\/imariquique.cl\/inicio\/wp-content\/uploads\/2025\/11\/w1-1-768x432.png 768w, https:\/\/imariquique.cl\/inicio\/wp-content\/uploads\/2025\/11\/w1-1-1536x864.png 1536w\" sizes=\"(max-width: 1920px) 100vw, 1920px\" \/>\t\t\t\t\t\t\t\t\t\t\t\t\t\t\t<\/div>\n\t\t\t\t<\/div>\n\t\t\t\t\t<\/div>\n\t\t\t\t<\/div>\n\t\t<div class=\"elementor-element elementor-element-9e6d012 e-flex e-con-boxed e-con e-parent\" data-id=\"9e6d012\" data-element_type=\"container\" data-e-type=\"container\">\n\t\t\t\t\t<div class=\"e-con-inner\">\n\t\t\t\t<div class=\"elementor-element elementor-element-3e139e1 elementor-widget elementor-widget-text-editor\" data-id=\"3e139e1\" data-element_type=\"widget\" data-e-type=\"widget\" data-widget_type=\"text-editor.default\">\n\t\t\t\t<div class=\"elementor-widget-container\">\n\t\t\t\t\t\t\t\t\t<p style=\"text-align: justify;\">Con el objetivo de vincular el aprendizaje en aula con la realidad laboral del sector mar\u00edtimo-portuario, nuestros alumnos de la especialidad de <strong>Operaciones Portuarias <\/strong>realizaron una <strong>visita pedag\u00f3gica al Puerto de Iquique<\/strong>, instancia en la que pudieron observar en terreno el funcionamiento de uno de los principales puntos log\u00edsticos del norte de Chile.<\/p><p style=\"text-align: justify;\">Durante la jornada, nuestros estudiantes conocieron de cerca los distintos procesos que componen la <strong>cadena de operaciones portuarias<\/strong>, tales como la carga y descarga de contenedores, las maniobras de atraque y desatraque, la seguridad en faenas y la coordinaci\u00f3n entre las distintas entidades que intervienen en el movimiento de mercanc\u00edas. Esta experiencia les permiti\u00f3 comprender la importancia del trabajo en equipo, la responsabilidad y la precisi\u00f3n, valores fundamentales en el desempe\u00f1o de un futuro operador portuario.<\/p><p style=\"text-align: justify;\">La especialidad de\u00a0<strong>Operaciones Portuarias<\/strong> forma t\u00e9cnicos capaces de participar activamente en la gesti\u00f3n y operaci\u00f3n de terminales mar\u00edtimos, terrestres y log\u00edsticos, con una s\u00f3lida preparaci\u00f3n en seguridad, normativas internacionales, y uso de tecnolog\u00edas aplicadas al rubro. Experiencias como esta visita fortalecen la formaci\u00f3n integral de nuestros estudiantes y reafirman el compromiso de nuestra comunidad educativa con una educaci\u00f3n t\u00e9cnica de calidad, conectada con las necesidades del entorno productivo regional.<\/p><p style=\"text-align: justify;\">En el\u00a0<strong>Instituto del Mar EDUCAMOS PARA TRANSFORMAR VIDAS<\/strong>.<\/p>\t\t\t\t\t\t\t\t<\/div>\n\t\t\t\t<\/div>\n\t\t\t\t\t<\/div>\n\t\t\t\t<\/div>\n\t\t<div class=\"elementor-element elementor-element-1643f85 e-flex e-con-boxed e-con e-parent\" data-id=\"1643f85\" data-element_type=\"container\" data-e-type=\"container\">\n\t\t\t\t\t<div class=\"e-con-inner\">\n\t\t\t\t<div class=\"elementor-element elementor-element-0e71bf9 elementor-widget elementor-widget-gallery\" data-id=\"0e71bf9\" data-element_type=\"widget\" data-e-type=\"widget\" data-settings=\"{&quot;gallery_layout&quot;:&quot;justified&quot;,&quot;ideal_row_height&quot;:{&quot;unit&quot;:&quot;px&quot;,&quot;size&quot;:81,&quot;sizes&quot;:[]},&quot;lazyload&quot;:&quot;yes&quot;,&quot;ideal_row_height_tablet&quot;:{&quot;unit&quot;:&quot;px&quot;,&quot;size&quot;:150,&quot;sizes&quot;:[]},&quot;ideal_row_height_mobile&quot;:{&quot;unit&quot;:&quot;px&quot;,&quot;size&quot;:150,&quot;sizes&quot;:[]},&quot;gap&quot;:{&quot;unit&quot;:&quot;px&quot;,&quot;size&quot;:10,&quot;sizes&quot;:[]},&quot;gap_tablet&quot;:{&quot;unit&quot;:&quot;px&quot;,&quot;size&quot;:10,&quot;sizes&quot;:[]},&quot;gap_mobile&quot;:{&quot;unit&quot;:&quot;px&quot;,&quot;size&quot;:10,&quot;sizes&quot;:[]},&quot;link_to&quot;:&quot;file&quot;,&quot;overlay_background&quot;:&quot;yes&quot;,&quot;content_hover_animation&quot;:&quot;fade-in&quot;}\" data-widget_type=\"gallery.default\">\n\t\t\t\t<div class=\"elementor-widget-container\">\n\t\t\t\t\t\t\t<div class=\"elementor-gallery__container\">\n\t\t\t\t\t\t\t<a class=\"e-gallery-item elementor-gallery-item elementor-animated-content\" href=\"https:\/\/imariquique.cl\/inicio\/wp-content\/uploads\/2025\/11\/w15.png\" data-elementor-open-lightbox=\"yes\" data-elementor-lightbox-slideshow=\"0e71bf9\" data-elementor-lightbox-title=\"w15\" data-e-action-hash=\"#elementor-action%3Aaction%3Dlightbox%26settings%3DeyJpZCI6Mzc3NSwidXJsIjoiaHR0cHM6XC9cL2ltYXJpcXVpcXVlLmNsXC9pbmljaW9cL3dwLWNvbnRlbnRcL3VwbG9hZHNcLzIwMjVcLzExXC93MTUucG5nIiwic2xpZGVzaG93IjoiMGU3MWJmOSJ9\">\n\t\t\t\t\t<div class=\"e-gallery-image elementor-gallery-item__image\" data-thumbnail=\"https:\/\/imariquique.cl\/inicio\/wp-content\/uploads\/2025\/11\/w15-300x169.png\" data-width=\"300\" data-height=\"169\" aria-label=\"\" role=\"img\" ><\/div>\n\t\t\t\t\t\t\t\t\t\t\t<div class=\"elementor-gallery-item__overlay\"><\/div>\n\t\t\t\t\t\t\t\t\t\t\t\t\t\t<\/a>\n\t\t\t\t\t\t\t<a class=\"e-gallery-item elementor-gallery-item elementor-animated-content\" href=\"https:\/\/imariquique.cl\/inicio\/wp-content\/uploads\/2025\/11\/w14.png\" data-elementor-open-lightbox=\"yes\" data-elementor-lightbox-slideshow=\"0e71bf9\" data-elementor-lightbox-title=\"w14\" data-e-action-hash=\"#elementor-action%3Aaction%3Dlightbox%26settings%3DeyJpZCI6Mzc3NCwidXJsIjoiaHR0cHM6XC9cL2ltYXJpcXVpcXVlLmNsXC9pbmljaW9cL3dwLWNvbnRlbnRcL3VwbG9hZHNcLzIwMjVcLzExXC93MTQucG5nIiwic2xpZGVzaG93IjoiMGU3MWJmOSJ9\">\n\t\t\t\t\t<div class=\"e-gallery-image elementor-gallery-item__image\" data-thumbnail=\"https:\/\/imariquique.cl\/inicio\/wp-content\/uploads\/2025\/11\/w14-300x169.png\" data-width=\"300\" data-height=\"169\" aria-label=\"\" role=\"img\" ><\/div>\n\t\t\t\t\t\t\t\t\t\t\t<div class=\"elementor-gallery-item__overlay\"><\/div>\n\t\t\t\t\t\t\t\t\t\t\t\t\t\t<\/a>\n\t\t\t\t\t\t\t<a class=\"e-gallery-item elementor-gallery-item elementor-animated-content\" href=\"https:\/\/imariquique.cl\/inicio\/wp-content\/uploads\/2025\/11\/w13.png\" data-elementor-open-lightbox=\"yes\" data-elementor-lightbox-slideshow=\"0e71bf9\" data-elementor-lightbox-title=\"w13\" data-e-action-hash=\"#elementor-action%3Aaction%3Dlightbox%26settings%3DeyJpZCI6Mzc3MywidXJsIjoiaHR0cHM6XC9cL2ltYXJpcXVpcXVlLmNsXC9pbmljaW9cL3dwLWNvbnRlbnRcL3VwbG9hZHNcLzIwMjVcLzExXC93MTMucG5nIiwic2xpZGVzaG93IjoiMGU3MWJmOSJ9\">\n\t\t\t\t\t<div class=\"e-gallery-image elementor-gallery-item__image\" data-thumbnail=\"https:\/\/imariquique.cl\/inicio\/wp-content\/uploads\/2025\/11\/w13-300x169.png\" data-width=\"300\" data-height=\"169\" aria-label=\"\" role=\"img\" ><\/div>\n\t\t\t\t\t\t\t\t\t\t\t<div class=\"elementor-gallery-item__overlay\"><\/div>\n\t\t\t\t\t\t\t\t\t\t\t\t\t\t<\/a>\n\t\t\t\t\t\t\t<a class=\"e-gallery-item elementor-gallery-item elementor-animated-content\" href=\"https:\/\/imariquique.cl\/inicio\/wp-content\/uploads\/2025\/11\/w12.png\" data-elementor-open-lightbox=\"yes\" data-elementor-lightbox-slideshow=\"0e71bf9\" data-elementor-lightbox-title=\"w12\" data-e-action-hash=\"#elementor-action%3Aaction%3Dlightbox%26settings%3DeyJpZCI6Mzc3MiwidXJsIjoiaHR0cHM6XC9cL2ltYXJpcXVpcXVlLmNsXC9pbmljaW9cL3dwLWNvbnRlbnRcL3VwbG9hZHNcLzIwMjVcLzExXC93MTIucG5nIiwic2xpZGVzaG93IjoiMGU3MWJmOSJ9\">\n\t\t\t\t\t<div class=\"e-gallery-image elementor-gallery-item__image\" data-thumbnail=\"https:\/\/imariquique.cl\/inicio\/wp-content\/uploads\/2025\/11\/w12-300x169.png\" data-width=\"300\" data-height=\"169\" aria-label=\"\" role=\"img\" ><\/div>\n\t\t\t\t\t\t\t\t\t\t\t<div class=\"elementor-gallery-item__overlay\"><\/div>\n\t\t\t\t\t\t\t\t\t\t\t\t\t\t<\/a>\n\t\t\t\t\t\t\t<a class=\"e-gallery-item elementor-gallery-item elementor-animated-content\" href=\"https:\/\/imariquique.cl\/inicio\/wp-content\/uploads\/2025\/11\/w10.png\" data-elementor-open-lightbox=\"yes\" data-elementor-lightbox-slideshow=\"0e71bf9\" data-elementor-lightbox-title=\"w10\" data-e-action-hash=\"#elementor-action%3Aaction%3Dlightbox%26settings%3DeyJpZCI6Mzc3MCwidXJsIjoiaHR0cHM6XC9cL2ltYXJpcXVpcXVlLmNsXC9pbmljaW9cL3dwLWNvbnRlbnRcL3VwbG9hZHNcLzIwMjVcLzExXC93MTAucG5nIiwic2xpZGVzaG93IjoiMGU3MWJmOSJ9\">\n\t\t\t\t\t<div class=\"e-gallery-image elementor-gallery-item__image\" data-thumbnail=\"https:\/\/imariquique.cl\/inicio\/wp-content\/uploads\/2025\/11\/w10-300x169.png\" data-width=\"300\" data-height=\"169\" aria-label=\"\" role=\"img\" ><\/div>\n\t\t\t\t\t\t\t\t\t\t\t<div class=\"elementor-gallery-item__overlay\"><\/div>\n\t\t\t\t\t\t\t\t\t\t\t\t\t\t<\/a>\n\t\t\t\t\t\t\t<a class=\"e-gallery-item elementor-gallery-item elementor-animated-content\" href=\"https:\/\/imariquique.cl\/inicio\/wp-content\/uploads\/2025\/11\/w11.png\" data-elementor-open-lightbox=\"yes\" data-elementor-lightbox-slideshow=\"0e71bf9\" data-elementor-lightbox-title=\"w11\" data-e-action-hash=\"#elementor-action%3Aaction%3Dlightbox%26settings%3DeyJpZCI6Mzc3MSwidXJsIjoiaHR0cHM6XC9cL2ltYXJpcXVpcXVlLmNsXC9pbmljaW9cL3dwLWNvbnRlbnRcL3VwbG9hZHNcLzIwMjVcLzExXC93MTEucG5nIiwic2xpZGVzaG93IjoiMGU3MWJmOSJ9\">\n\t\t\t\t\t<div class=\"e-gallery-image elementor-gallery-item__image\" data-thumbnail=\"https:\/\/imariquique.cl\/inicio\/wp-content\/uploads\/2025\/11\/w11-300x169.png\" data-width=\"300\" data-height=\"169\" aria-label=\"\" role=\"img\" ><\/div>\n\t\t\t\t\t\t\t\t\t\t\t<div class=\"elementor-gallery-item__overlay\"><\/div>\n\t\t\t\t\t\t\t\t\t\t\t\t\t\t<\/a>\n\t\t\t\t\t\t\t<a class=\"e-gallery-item elementor-gallery-item elementor-animated-content\" href=\"https:\/\/imariquique.cl\/inicio\/wp-content\/uploads\/2025\/11\/w9-1.png\" data-elementor-open-lightbox=\"yes\" data-elementor-lightbox-slideshow=\"0e71bf9\" data-elementor-lightbox-title=\"w9\" data-e-action-hash=\"#elementor-action%3Aaction%3Dlightbox%26settings%3DeyJpZCI6Mzc2OSwidXJsIjoiaHR0cHM6XC9cL2ltYXJpcXVpcXVlLmNsXC9pbmljaW9cL3dwLWNvbnRlbnRcL3VwbG9hZHNcLzIwMjVcLzExXC93OS0xLnBuZyIsInNsaWRlc2hvdyI6IjBlNzFiZjkifQ%3D%3D\">\n\t\t\t\t\t<div class=\"e-gallery-image elementor-gallery-item__image\" data-thumbnail=\"https:\/\/imariquique.cl\/inicio\/wp-content\/uploads\/2025\/11\/w9-1-300x169.png\" data-width=\"300\" data-height=\"169\" aria-label=\"\" role=\"img\" ><\/div>\n\t\t\t\t\t\t\t\t\t\t\t<div class=\"elementor-gallery-item__overlay\"><\/div>\n\t\t\t\t\t\t\t\t\t\t\t\t\t\t<\/a>\n\t\t\t\t\t\t\t<a class=\"e-gallery-item elementor-gallery-item elementor-animated-content\" href=\"https:\/\/imariquique.cl\/inicio\/wp-content\/uploads\/2025\/11\/w1-1.png\" data-elementor-open-lightbox=\"yes\" data-elementor-lightbox-slideshow=\"0e71bf9\" data-elementor-lightbox-title=\"w1\" data-e-action-hash=\"#elementor-action%3Aaction%3Dlightbox%26settings%3DeyJpZCI6Mzc2MiwidXJsIjoiaHR0cHM6XC9cL2ltYXJpcXVpcXVlLmNsXC9pbmljaW9cL3dwLWNvbnRlbnRcL3VwbG9hZHNcLzIwMjVcLzExXC93MS0xLnBuZyIsInNsaWRlc2hvdyI6IjBlNzFiZjkifQ%3D%3D\">\n\t\t\t\t\t<div class=\"e-gallery-image elementor-gallery-item__image\" data-thumbnail=\"https:\/\/imariquique.cl\/inicio\/wp-content\/uploads\/2025\/11\/w1-1-300x169.png\" data-width=\"300\" data-height=\"169\" aria-label=\"\" role=\"img\" ><\/div>\n\t\t\t\t\t\t\t\t\t\t\t<div class=\"elementor-gallery-item__overlay\"><\/div>\n\t\t\t\t\t\t\t\t\t\t\t\t\t\t<\/a>\n\t\t\t\t\t\t\t<a class=\"e-gallery-item elementor-gallery-item elementor-animated-content\" href=\"https:\/\/imariquique.cl\/inicio\/wp-content\/uploads\/2025\/11\/w2-1.png\" data-elementor-open-lightbox=\"yes\" data-elementor-lightbox-slideshow=\"0e71bf9\" data-elementor-lightbox-title=\"w2\" data-e-action-hash=\"#elementor-action%3Aaction%3Dlightbox%26settings%3DeyJpZCI6Mzc2MywidXJsIjoiaHR0cHM6XC9cL2ltYXJpcXVpcXVlLmNsXC9pbmljaW9cL3dwLWNvbnRlbnRcL3VwbG9hZHNcLzIwMjVcLzExXC93Mi0xLnBuZyIsInNsaWRlc2hvdyI6IjBlNzFiZjkifQ%3D%3D\">\n\t\t\t\t\t<div class=\"e-gallery-image elementor-gallery-item__image\" data-thumbnail=\"https:\/\/imariquique.cl\/inicio\/wp-content\/uploads\/2025\/11\/w2-1-300x169.png\" data-width=\"300\" data-height=\"169\" aria-label=\"\" role=\"img\" ><\/div>\n\t\t\t\t\t\t\t\t\t\t\t<div class=\"elementor-gallery-item__overlay\"><\/div>\n\t\t\t\t\t\t\t\t\t\t\t\t\t\t<\/a>\n\t\t\t\t\t\t\t<a class=\"e-gallery-item elementor-gallery-item elementor-animated-content\" href=\"https:\/\/imariquique.cl\/inicio\/wp-content\/uploads\/2025\/11\/w3-1.png\" data-elementor-open-lightbox=\"yes\" data-elementor-lightbox-slideshow=\"0e71bf9\" data-elementor-lightbox-title=\"w3\" data-e-action-hash=\"#elementor-action%3Aaction%3Dlightbox%26settings%3DeyJpZCI6Mzc2NCwidXJsIjoiaHR0cHM6XC9cL2ltYXJpcXVpcXVlLmNsXC9pbmljaW9cL3dwLWNvbnRlbnRcL3VwbG9hZHNcLzIwMjVcLzExXC93My0xLnBuZyIsInNsaWRlc2hvdyI6IjBlNzFiZjkifQ%3D%3D\">\n\t\t\t\t\t<div class=\"e-gallery-image elementor-gallery-item__image\" data-thumbnail=\"https:\/\/imariquique.cl\/inicio\/wp-content\/uploads\/2025\/11\/w3-1-300x169.png\" data-width=\"300\" data-height=\"169\" aria-label=\"\" role=\"img\" ><\/div>\n\t\t\t\t\t\t\t\t\t\t\t<div class=\"elementor-gallery-item__overlay\"><\/div>\n\t\t\t\t\t\t\t\t\t\t\t\t\t\t<\/a>\n\t\t\t\t\t\t\t<a class=\"e-gallery-item elementor-gallery-item elementor-animated-content\" href=\"https:\/\/imariquique.cl\/inicio\/wp-content\/uploads\/2025\/11\/w4-1.png\" data-elementor-open-lightbox=\"yes\" data-elementor-lightbox-slideshow=\"0e71bf9\" data-elementor-lightbox-title=\"w4\" data-e-action-hash=\"#elementor-action%3Aaction%3Dlightbox%26settings%3DeyJpZCI6Mzc2NSwidXJsIjoiaHR0cHM6XC9cL2ltYXJpcXVpcXVlLmNsXC9pbmljaW9cL3dwLWNvbnRlbnRcL3VwbG9hZHNcLzIwMjVcLzExXC93NC0xLnBuZyIsInNsaWRlc2hvdyI6IjBlNzFiZjkifQ%3D%3D\">\n\t\t\t\t\t<div class=\"e-gallery-image elementor-gallery-item__image\" data-thumbnail=\"https:\/\/imariquique.cl\/inicio\/wp-content\/uploads\/2025\/11\/w4-1-300x169.png\" data-width=\"300\" data-height=\"169\" aria-label=\"\" role=\"img\" ><\/div>\n\t\t\t\t\t\t\t\t\t\t\t<div class=\"elementor-gallery-item__overlay\"><\/div>\n\t\t\t\t\t\t\t\t\t\t\t\t\t\t<\/a>\n\t\t\t\t\t\t\t<a class=\"e-gallery-item elementor-gallery-item elementor-animated-content\" href=\"https:\/\/imariquique.cl\/inicio\/wp-content\/uploads\/2025\/11\/w5-1.png\" data-elementor-open-lightbox=\"yes\" data-elementor-lightbox-slideshow=\"0e71bf9\" data-elementor-lightbox-title=\"w5\" data-e-action-hash=\"#elementor-action%3Aaction%3Dlightbox%26settings%3DeyJpZCI6Mzc2NiwidXJsIjoiaHR0cHM6XC9cL2ltYXJpcXVpcXVlLmNsXC9pbmljaW9cL3dwLWNvbnRlbnRcL3VwbG9hZHNcLzIwMjVcLzExXC93NS0xLnBuZyIsInNsaWRlc2hvdyI6IjBlNzFiZjkifQ%3D%3D\">\n\t\t\t\t\t<div class=\"e-gallery-image elementor-gallery-item__image\" data-thumbnail=\"https:\/\/imariquique.cl\/inicio\/wp-content\/uploads\/2025\/11\/w5-1-300x169.png\" data-width=\"300\" data-height=\"169\" aria-label=\"\" role=\"img\" ><\/div>\n\t\t\t\t\t\t\t\t\t\t\t<div class=\"elementor-gallery-item__overlay\"><\/div>\n\t\t\t\t\t\t\t\t\t\t\t\t\t\t<\/a>\n\t\t\t\t\t\t\t<a class=\"e-gallery-item elementor-gallery-item elementor-animated-content\" href=\"https:\/\/imariquique.cl\/inicio\/wp-content\/uploads\/2025\/11\/w6-1.png\" data-elementor-open-lightbox=\"yes\" data-elementor-lightbox-slideshow=\"0e71bf9\" data-elementor-lightbox-title=\"w6\" data-e-action-hash=\"#elementor-action%3Aaction%3Dlightbox%26settings%3DeyJpZCI6Mzc2NywidXJsIjoiaHR0cHM6XC9cL2ltYXJpcXVpcXVlLmNsXC9pbmljaW9cL3dwLWNvbnRlbnRcL3VwbG9hZHNcLzIwMjVcLzExXC93Ni0xLnBuZyIsInNsaWRlc2hvdyI6IjBlNzFiZjkifQ%3D%3D\">\n\t\t\t\t\t<div class=\"e-gallery-image elementor-gallery-item__image\" data-thumbnail=\"https:\/\/imariquique.cl\/inicio\/wp-content\/uploads\/2025\/11\/w6-1-300x169.png\" data-width=\"300\" data-height=\"169\" aria-label=\"\" role=\"img\" ><\/div>\n\t\t\t\t\t\t\t\t\t\t\t<div class=\"elementor-gallery-item__overlay\"><\/div>\n\t\t\t\t\t\t\t\t\t\t\t\t\t\t<\/a>\n\t\t\t\t\t\t\t<a class=\"e-gallery-item elementor-gallery-item elementor-animated-content\" href=\"https:\/\/imariquique.cl\/inicio\/wp-content\/uploads\/2025\/11\/w7-1.png\" data-elementor-open-lightbox=\"yes\" data-elementor-lightbox-slideshow=\"0e71bf9\" data-elementor-lightbox-title=\"w7\" data-e-action-hash=\"#elementor-action%3Aaction%3Dlightbox%26settings%3DeyJpZCI6Mzc2OCwidXJsIjoiaHR0cHM6XC9cL2ltYXJpcXVpcXVlLmNsXC9pbmljaW9cL3dwLWNvbnRlbnRcL3VwbG9hZHNcLzIwMjVcLzExXC93Ny0xLnBuZyIsInNsaWRlc2hvdyI6IjBlNzFiZjkifQ%3D%3D\">\n\t\t\t\t\t<div class=\"e-gallery-image elementor-gallery-item__image\" data-thumbnail=\"https:\/\/imariquique.cl\/inicio\/wp-content\/uploads\/2025\/11\/w7-1-300x169.png\" data-width=\"300\" data-height=\"169\" aria-label=\"\" role=\"img\" ><\/div>\n\t\t\t\t\t\t\t\t\t\t\t<div class=\"elementor-gallery-item__overlay\"><\/div>\n\t\t\t\t\t\t\t\t\t\t\t\t\t\t<\/a>\n\t\t\t\t\t\t\t<a class=\"e-gallery-item elementor-gallery-item elementor-animated-content\" href=\"https:\/\/imariquique.cl\/inicio\/wp-content\/uploads\/2025\/11\/W14-scaled.jpg\" data-elementor-open-lightbox=\"yes\" data-elementor-lightbox-slideshow=\"0e71bf9\" data-elementor-lightbox-title=\"W14\" data-e-action-hash=\"#elementor-action%3Aaction%3Dlightbox%26settings%3DeyJpZCI6Mzc1NiwidXJsIjoiaHR0cHM6XC9cL2ltYXJpcXVpcXVlLmNsXC9pbmljaW9cL3dwLWNvbnRlbnRcL3VwbG9hZHNcLzIwMjVcLzExXC9XMTQtc2NhbGVkLmpwZyIsInNsaWRlc2hvdyI6IjBlNzFiZjkifQ%3D%3D\">\n\t\t\t\t\t<div class=\"e-gallery-image elementor-gallery-item__image\" data-thumbnail=\"https:\/\/imariquique.cl\/inicio\/wp-content\/uploads\/2025\/11\/W14-300x168.jpg\" data-width=\"300\" data-height=\"168\" aria-label=\"\" role=\"img\" ><\/div>\n\t\t\t\t\t\t\t\t\t\t\t<div class=\"elementor-gallery-item__overlay\"><\/div>\n\t\t\t\t\t\t\t\t\t\t\t\t\t\t<\/a>\n\t\t\t\t\t<\/div>\n\t\t\t\t\t<\/div>\n\t\t\t\t<\/div>\n\t\t\t\t\t<\/div>\n\t\t\t\t<\/div>\n\t\t\t\t<\/div>\n\t\t","protected":false},"excerpt":{"rendered":"<p>Nuestros alumnos de Operaciones Portuarias visitan el Puerto de Iquique para fortalecer su formaci\u00f3n t\u00e9cnica. Con el objetivo de vincular el aprendizaje en aula con la realidad laboral del sector mar\u00edtimo-portuario, nuestros alumnos de la especialidad de Operaciones Portuarias realizaron una visita pedag\u00f3gica al Puerto de Iquique, instancia en la que pudieron observar en terreno [&hellip;]<\/p>\n","protected":false},"author":3,"featured_media":0,"parent":0,"menu_order":0,"comment_status":"closed","ping_status":"closed","template":"","meta":{"footnotes":""},"class_list":["post-3760","page","type-page","status-publish","hentry"],"_links":{"self":[{"href":"https:\/\/imariquique.cl\/inicio\/wp-json\/wp\/v2\/pages\/3760","targetHints":{"allow":["GET"]}}],"collection":[{"href":"https:\/\/imariquique.cl\/inicio\/wp-json\/wp\/v2\/pages"}],"about":[{"href":"https:\/\/imariquique.cl\/inicio\/wp-json\/wp\/v2\/types\/page"}],"author":[{"embeddable":true,"href":"https:\/\/imariquique.cl\/inicio\/wp-json\/wp\/v2\/users\/3"}],"replies":[{"embeddable":true,"href":"https:\/\/imariquique.cl\/inicio\/wp-json\/wp\/v2\/comments?post=3760"}],"version-history":[{"count":8,"href":"https:\/\/imariquique.cl\/inicio\/wp-json\/wp\/v2\/pages\/3760\/revisions"}],"predecessor-version":[{"id":3783,"href":"https:\/\/imariquique.cl\/inicio\/wp-json\/wp\/v2\/pages\/3760\/revisions\/3783"}],"wp:attachment":[{"href":"https:\/\/imariquique.cl\/inicio\/wp-json\/wp\/v2\/media?parent=3760"}],"curies":[{"name":"wp","href":"https:\/\/api.w.org\/{rel}","templated":true}]}}