{"id":3737,"date":"2025-11-07T17:18:53","date_gmt":"2025-11-07T21:18:53","guid":{"rendered":"https:\/\/imariquique.cl\/inicio\/?page_id=3737"},"modified":"2025-11-07T17:27:34","modified_gmt":"2025-11-07T21:27:34","slug":"gruahorquilla","status":"publish","type":"page","link":"https:\/\/imariquique.cl\/inicio\/gruahorquilla\/","title":{"rendered":""},"content":{"rendered":"\t\t<div data-elementor-type=\"wp-page\" data-elementor-id=\"3737\" class=\"elementor elementor-3737\" data-elementor-post-type=\"page\">\n\t\t\t\t<div class=\"elementor-element elementor-element-1bc8c7b e-flex e-con-boxed e-con e-parent\" data-id=\"1bc8c7b\" data-element_type=\"container\" data-e-type=\"container\">\n\t\t\t\t\t<div class=\"e-con-inner\">\n\t\t\t\t<div class=\"elementor-element elementor-element-160b8a7 elementor-widget elementor-widget-image\" data-id=\"160b8a7\" data-element_type=\"widget\" data-e-type=\"widget\" data-widget_type=\"image.default\">\n\t\t\t\t<div class=\"elementor-widget-container\">\n\t\t\t\t\t\t\t\t\t\t\t\t\t\t\t<img fetchpriority=\"high\" decoding=\"async\" width=\"1920\" height=\"1080\" src=\"https:\/\/imariquique.cl\/inicio\/wp-content\/uploads\/2025\/11\/w7.png\" class=\"attachment-full size-full wp-image-3745\" alt=\"\" srcset=\"https:\/\/imariquique.cl\/inicio\/wp-content\/uploads\/2025\/11\/w7.png 1920w, https:\/\/imariquique.cl\/inicio\/wp-content\/uploads\/2025\/11\/w7-300x169.png 300w, https:\/\/imariquique.cl\/inicio\/wp-content\/uploads\/2025\/11\/w7-1024x576.png 1024w, https:\/\/imariquique.cl\/inicio\/wp-content\/uploads\/2025\/11\/w7-768x432.png 768w, https:\/\/imariquique.cl\/inicio\/wp-content\/uploads\/2025\/11\/w7-1536x864.png 1536w\" sizes=\"(max-width: 1920px) 100vw, 1920px\" \/>\t\t\t\t\t\t\t\t\t\t\t\t\t\t\t<\/div>\n\t\t\t\t<\/div>\n\t\t\t\t\t<\/div>\n\t\t\t\t<\/div>\n\t\t<div class=\"elementor-element elementor-element-7d88038 e-flex e-con-boxed e-con e-parent\" data-id=\"7d88038\" data-element_type=\"container\" data-e-type=\"container\">\n\t\t\t\t\t<div class=\"e-con-inner\">\n\t\t<div class=\"elementor-element elementor-element-6f6f36b e-con-full e-flex e-con e-child\" data-id=\"6f6f36b\" data-element_type=\"container\" data-e-type=\"container\">\n\t\t\t\t<div class=\"elementor-element elementor-element-43c51ed elementor-widget elementor-widget-image\" data-id=\"43c51ed\" data-element_type=\"widget\" data-e-type=\"widget\" data-widget_type=\"image.default\">\n\t\t\t\t<div class=\"elementor-widget-container\">\n\t\t\t\t\t\t\t\t\t\t\t\t\t\t\t<img decoding=\"async\" width=\"800\" height=\"1000\" src=\"https:\/\/imariquique.cl\/inicio\/wp-content\/uploads\/2025\/11\/w8-819x1024.png\" class=\"attachment-large size-large wp-image-3746\" alt=\"\" srcset=\"https:\/\/imariquique.cl\/inicio\/wp-content\/uploads\/2025\/11\/w8-819x1024.png 819w, https:\/\/imariquique.cl\/inicio\/wp-content\/uploads\/2025\/11\/w8-240x300.png 240w, https:\/\/imariquique.cl\/inicio\/wp-content\/uploads\/2025\/11\/w8-768x960.png 768w, https:\/\/imariquique.cl\/inicio\/wp-content\/uploads\/2025\/11\/w8.png 1080w\" sizes=\"(max-width: 800px) 100vw, 800px\" \/>\t\t\t\t\t\t\t\t\t\t\t\t\t\t\t<\/div>\n\t\t\t\t<\/div>\n\t\t\t\t<\/div>\n\t\t<div class=\"elementor-element elementor-element-7da278d e-con-full e-flex e-con e-child\" data-id=\"7da278d\" data-element_type=\"container\" data-e-type=\"container\">\n\t\t\t\t<div class=\"elementor-element elementor-element-e139835 elementor-widget elementor-widget-text-editor\" data-id=\"e139835\" data-element_type=\"widget\" data-e-type=\"widget\" data-widget_type=\"text-editor.default\">\n\t\t\t\t<div class=\"elementor-widget-container\">\n\t\t\t\t\t\t\t\t\t<p style=\"text-align: justify;\">En nuestro liceo reafirmamos el compromiso con la formaci\u00f3n integral y de excelencia de nuestros estudiantes. Hoy destacamos con orgullo el avance de los j\u00f3venes de las especialidades de <em><strong>Mec\u00e1nica Industrial y Mec\u00e1nica Automotriz<\/strong><\/em>, quienes se encuentran en la etapa final de su preparaci\u00f3n para obtener la <em><strong>licencia de conducir clase D<\/strong><\/em>, una certificaci\u00f3n que les permitir\u00e1 operar gr\u00faas horquilla con responsabilidad y dominio t\u00e9cnico.<\/p><p style=\"text-align: justify;\">Este importante logro no solo representa una nueva competencia laboral, sino tambi\u00e9n una oportunidad concreta de crecimiento profesional y personal. En un mundo productivo que demanda cada vez mayores niveles de especializaci\u00f3n, nuestros estudiantes se preparan para incorporarse al \u00e1mbito laboral con las herramientas necesarias para contribuir al desarrollo de su entorno y de su pa\u00eds.<\/p><div><div><p style=\"text-align: justify;\">Creemos firmemente que cada paso formativo es una puerta que se abre hacia el futuro. Por eso, acompa\u00f1amos y celebramos los avances de nuestros j\u00f3venes, convencidos de que detr\u00e1s de cada logro hay esfuerzo, disciplina y compromiso.<\/p><p style=\"text-align: justify;\">En el Instituto del Mar <em><strong>EDUCAMOS PARA TRANSFORMAR VIDAS<\/strong><\/em>.<\/p><\/div><\/div>\t\t\t\t\t\t\t\t<\/div>\n\t\t\t\t<\/div>\n\t\t\t\t<\/div>\n\t\t\t\t\t<\/div>\n\t\t\t\t<\/div>\n\t\t<div class=\"elementor-element elementor-element-97525b5 e-flex e-con-boxed e-con e-parent\" data-id=\"97525b5\" data-element_type=\"container\" data-e-type=\"container\">\n\t\t\t\t\t<div class=\"e-con-inner\">\n\t\t\t\t<div class=\"elementor-element elementor-element-9ceff2c elementor-widget elementor-widget-gallery\" data-id=\"9ceff2c\" data-element_type=\"widget\" data-e-type=\"widget\" data-settings=\"{&quot;lazyload&quot;:&quot;yes&quot;,&quot;gallery_layout&quot;:&quot;grid&quot;,&quot;columns&quot;:4,&quot;columns_tablet&quot;:2,&quot;columns_mobile&quot;:1,&quot;gap&quot;:{&quot;unit&quot;:&quot;px&quot;,&quot;size&quot;:10,&quot;sizes&quot;:[]},&quot;gap_tablet&quot;:{&quot;unit&quot;:&quot;px&quot;,&quot;size&quot;:10,&quot;sizes&quot;:[]},&quot;gap_mobile&quot;:{&quot;unit&quot;:&quot;px&quot;,&quot;size&quot;:10,&quot;sizes&quot;:[]},&quot;link_to&quot;:&quot;file&quot;,&quot;aspect_ratio&quot;:&quot;3:2&quot;,&quot;overlay_background&quot;:&quot;yes&quot;,&quot;content_hover_animation&quot;:&quot;fade-in&quot;}\" data-widget_type=\"gallery.default\">\n\t\t\t\t<div class=\"elementor-widget-container\">\n\t\t\t\t\t\t\t<div class=\"elementor-gallery__container\">\n\t\t\t\t\t\t\t<a class=\"e-gallery-item elementor-gallery-item elementor-animated-content\" href=\"https:\/\/imariquique.cl\/inicio\/wp-content\/uploads\/2025\/11\/w9.png\" data-elementor-open-lightbox=\"yes\" data-elementor-lightbox-slideshow=\"9ceff2c\" data-elementor-lightbox-title=\"w9\" data-e-action-hash=\"#elementor-action%3Aaction%3Dlightbox%26settings%3DeyJpZCI6Mzc0NywidXJsIjoiaHR0cHM6XC9cL2ltYXJpcXVpcXVlLmNsXC9pbmljaW9cL3dwLWNvbnRlbnRcL3VwbG9hZHNcLzIwMjVcLzExXC93OS5wbmciLCJzbGlkZXNob3ciOiI5Y2VmZjJjIn0%3D\">\n\t\t\t\t\t<div class=\"e-gallery-image elementor-gallery-item__image\" data-thumbnail=\"https:\/\/imariquique.cl\/inicio\/wp-content\/uploads\/2025\/11\/w9-240x300.png\" data-width=\"240\" data-height=\"300\" aria-label=\"\" role=\"img\" ><\/div>\n\t\t\t\t\t\t\t\t\t\t\t<div class=\"elementor-gallery-item__overlay\"><\/div>\n\t\t\t\t\t\t\t\t\t\t\t\t\t\t<\/a>\n\t\t\t\t\t\t\t<a class=\"e-gallery-item elementor-gallery-item elementor-animated-content\" href=\"https:\/\/imariquique.cl\/inicio\/wp-content\/uploads\/2025\/11\/w8.png\" data-elementor-open-lightbox=\"yes\" data-elementor-lightbox-slideshow=\"9ceff2c\" data-elementor-lightbox-title=\"w8\" data-e-action-hash=\"#elementor-action%3Aaction%3Dlightbox%26settings%3DeyJpZCI6Mzc0NiwidXJsIjoiaHR0cHM6XC9cL2ltYXJpcXVpcXVlLmNsXC9pbmljaW9cL3dwLWNvbnRlbnRcL3VwbG9hZHNcLzIwMjVcLzExXC93OC5wbmciLCJzbGlkZXNob3ciOiI5Y2VmZjJjIn0%3D\">\n\t\t\t\t\t<div class=\"e-gallery-image elementor-gallery-item__image\" data-thumbnail=\"https:\/\/imariquique.cl\/inicio\/wp-content\/uploads\/2025\/11\/w8-240x300.png\" data-width=\"240\" data-height=\"300\" aria-label=\"\" role=\"img\" ><\/div>\n\t\t\t\t\t\t\t\t\t\t\t<div class=\"elementor-gallery-item__overlay\"><\/div>\n\t\t\t\t\t\t\t\t\t\t\t\t\t\t<\/a>\n\t\t\t\t\t\t\t<a class=\"e-gallery-item elementor-gallery-item elementor-animated-content\" href=\"https:\/\/imariquique.cl\/inicio\/wp-content\/uploads\/2025\/11\/w7.png\" data-elementor-open-lightbox=\"yes\" data-elementor-lightbox-slideshow=\"9ceff2c\" data-elementor-lightbox-title=\"w7\" data-e-action-hash=\"#elementor-action%3Aaction%3Dlightbox%26settings%3DeyJpZCI6Mzc0NSwidXJsIjoiaHR0cHM6XC9cL2ltYXJpcXVpcXVlLmNsXC9pbmljaW9cL3dwLWNvbnRlbnRcL3VwbG9hZHNcLzIwMjVcLzExXC93Ny5wbmciLCJzbGlkZXNob3ciOiI5Y2VmZjJjIn0%3D\">\n\t\t\t\t\t<div class=\"e-gallery-image elementor-gallery-item__image\" data-thumbnail=\"https:\/\/imariquique.cl\/inicio\/wp-content\/uploads\/2025\/11\/w7-300x169.png\" data-width=\"300\" data-height=\"169\" aria-label=\"\" role=\"img\" ><\/div>\n\t\t\t\t\t\t\t\t\t\t\t<div class=\"elementor-gallery-item__overlay\"><\/div>\n\t\t\t\t\t\t\t\t\t\t\t\t\t\t<\/a>\n\t\t\t\t\t\t\t<a class=\"e-gallery-item elementor-gallery-item elementor-animated-content\" href=\"https:\/\/imariquique.cl\/inicio\/wp-content\/uploads\/2025\/11\/w6.png\" data-elementor-open-lightbox=\"yes\" data-elementor-lightbox-slideshow=\"9ceff2c\" data-elementor-lightbox-title=\"w6\" data-e-action-hash=\"#elementor-action%3Aaction%3Dlightbox%26settings%3DeyJpZCI6Mzc0NCwidXJsIjoiaHR0cHM6XC9cL2ltYXJpcXVpcXVlLmNsXC9pbmljaW9cL3dwLWNvbnRlbnRcL3VwbG9hZHNcLzIwMjVcLzExXC93Ni5wbmciLCJzbGlkZXNob3ciOiI5Y2VmZjJjIn0%3D\">\n\t\t\t\t\t<div class=\"e-gallery-image elementor-gallery-item__image\" data-thumbnail=\"https:\/\/imariquique.cl\/inicio\/wp-content\/uploads\/2025\/11\/w6-300x169.png\" data-width=\"300\" data-height=\"169\" aria-label=\"\" role=\"img\" ><\/div>\n\t\t\t\t\t\t\t\t\t\t\t<div class=\"elementor-gallery-item__overlay\"><\/div>\n\t\t\t\t\t\t\t\t\t\t\t\t\t\t<\/a>\n\t\t\t\t\t\t\t<a class=\"e-gallery-item elementor-gallery-item elementor-animated-content\" href=\"https:\/\/imariquique.cl\/inicio\/wp-content\/uploads\/2025\/11\/w5.png\" data-elementor-open-lightbox=\"yes\" data-elementor-lightbox-slideshow=\"9ceff2c\" data-elementor-lightbox-title=\"w5\" data-e-action-hash=\"#elementor-action%3Aaction%3Dlightbox%26settings%3DeyJpZCI6Mzc0MywidXJsIjoiaHR0cHM6XC9cL2ltYXJpcXVpcXVlLmNsXC9pbmljaW9cL3dwLWNvbnRlbnRcL3VwbG9hZHNcLzIwMjVcLzExXC93NS5wbmciLCJzbGlkZXNob3ciOiI5Y2VmZjJjIn0%3D\">\n\t\t\t\t\t<div class=\"e-gallery-image elementor-gallery-item__image\" data-thumbnail=\"https:\/\/imariquique.cl\/inicio\/wp-content\/uploads\/2025\/11\/w5-300x169.png\" data-width=\"300\" data-height=\"169\" aria-label=\"\" role=\"img\" ><\/div>\n\t\t\t\t\t\t\t\t\t\t\t<div class=\"elementor-gallery-item__overlay\"><\/div>\n\t\t\t\t\t\t\t\t\t\t\t\t\t\t<\/a>\n\t\t\t\t\t\t\t<a class=\"e-gallery-item elementor-gallery-item elementor-animated-content\" href=\"https:\/\/imariquique.cl\/inicio\/wp-content\/uploads\/2025\/11\/w4.png\" data-elementor-open-lightbox=\"yes\" data-elementor-lightbox-slideshow=\"9ceff2c\" data-elementor-lightbox-title=\"w4\" data-e-action-hash=\"#elementor-action%3Aaction%3Dlightbox%26settings%3DeyJpZCI6Mzc0MiwidXJsIjoiaHR0cHM6XC9cL2ltYXJpcXVpcXVlLmNsXC9pbmljaW9cL3dwLWNvbnRlbnRcL3VwbG9hZHNcLzIwMjVcLzExXC93NC5wbmciLCJzbGlkZXNob3ciOiI5Y2VmZjJjIn0%3D\">\n\t\t\t\t\t<div class=\"e-gallery-image elementor-gallery-item__image\" data-thumbnail=\"https:\/\/imariquique.cl\/inicio\/wp-content\/uploads\/2025\/11\/w4-300x169.png\" data-width=\"300\" data-height=\"169\" aria-label=\"\" role=\"img\" ><\/div>\n\t\t\t\t\t\t\t\t\t\t\t<div class=\"elementor-gallery-item__overlay\"><\/div>\n\t\t\t\t\t\t\t\t\t\t\t\t\t\t<\/a>\n\t\t\t\t\t\t\t<a class=\"e-gallery-item elementor-gallery-item elementor-animated-content\" href=\"https:\/\/imariquique.cl\/inicio\/wp-content\/uploads\/2025\/11\/w3.png\" data-elementor-open-lightbox=\"yes\" data-elementor-lightbox-slideshow=\"9ceff2c\" data-elementor-lightbox-title=\"w3\" data-e-action-hash=\"#elementor-action%3Aaction%3Dlightbox%26settings%3DeyJpZCI6Mzc0MSwidXJsIjoiaHR0cHM6XC9cL2ltYXJpcXVpcXVlLmNsXC9pbmljaW9cL3dwLWNvbnRlbnRcL3VwbG9hZHNcLzIwMjVcLzExXC93My5wbmciLCJzbGlkZXNob3ciOiI5Y2VmZjJjIn0%3D\">\n\t\t\t\t\t<div class=\"e-gallery-image elementor-gallery-item__image\" data-thumbnail=\"https:\/\/imariquique.cl\/inicio\/wp-content\/uploads\/2025\/11\/w3-300x169.png\" data-width=\"300\" data-height=\"169\" aria-label=\"\" role=\"img\" ><\/div>\n\t\t\t\t\t\t\t\t\t\t\t<div class=\"elementor-gallery-item__overlay\"><\/div>\n\t\t\t\t\t\t\t\t\t\t\t\t\t\t<\/a>\n\t\t\t\t\t\t\t<a class=\"e-gallery-item elementor-gallery-item elementor-animated-content\" href=\"https:\/\/imariquique.cl\/inicio\/wp-content\/uploads\/2025\/11\/w2.png\" data-elementor-open-lightbox=\"yes\" data-elementor-lightbox-slideshow=\"9ceff2c\" data-elementor-lightbox-title=\"w2\" data-e-action-hash=\"#elementor-action%3Aaction%3Dlightbox%26settings%3DeyJpZCI6Mzc0MCwidXJsIjoiaHR0cHM6XC9cL2ltYXJpcXVpcXVlLmNsXC9pbmljaW9cL3dwLWNvbnRlbnRcL3VwbG9hZHNcLzIwMjVcLzExXC93Mi5wbmciLCJzbGlkZXNob3ciOiI5Y2VmZjJjIn0%3D\">\n\t\t\t\t\t<div class=\"e-gallery-image elementor-gallery-item__image\" data-thumbnail=\"https:\/\/imariquique.cl\/inicio\/wp-content\/uploads\/2025\/11\/w2-300x169.png\" data-width=\"300\" data-height=\"169\" aria-label=\"\" role=\"img\" ><\/div>\n\t\t\t\t\t\t\t\t\t\t\t<div class=\"elementor-gallery-item__overlay\"><\/div>\n\t\t\t\t\t\t\t\t\t\t\t\t\t\t<\/a>\n\t\t\t\t\t\t\t<a class=\"e-gallery-item elementor-gallery-item elementor-animated-content\" href=\"https:\/\/imariquique.cl\/inicio\/wp-content\/uploads\/2025\/11\/w1.png\" data-elementor-open-lightbox=\"yes\" data-elementor-lightbox-slideshow=\"9ceff2c\" data-elementor-lightbox-title=\"w1\" data-e-action-hash=\"#elementor-action%3Aaction%3Dlightbox%26settings%3DeyJpZCI6MzczOSwidXJsIjoiaHR0cHM6XC9cL2ltYXJpcXVpcXVlLmNsXC9pbmljaW9cL3dwLWNvbnRlbnRcL3VwbG9hZHNcLzIwMjVcLzExXC93MS5wbmciLCJzbGlkZXNob3ciOiI5Y2VmZjJjIn0%3D\">\n\t\t\t\t\t<div class=\"e-gallery-image elementor-gallery-item__image\" data-thumbnail=\"https:\/\/imariquique.cl\/inicio\/wp-content\/uploads\/2025\/11\/w1-300x169.png\" data-width=\"300\" data-height=\"169\" aria-label=\"\" role=\"img\" ><\/div>\n\t\t\t\t\t\t\t\t\t\t\t<div class=\"elementor-gallery-item__overlay\"><\/div>\n\t\t\t\t\t\t\t\t\t\t\t\t\t\t<\/a>\n\t\t\t\t\t<\/div>\n\t\t\t\t\t<\/div>\n\t\t\t\t<\/div>\n\t\t\t\t\t<\/div>\n\t\t\t\t<\/div>\n\t\t\t\t<\/div>\n\t\t","protected":false},"excerpt":{"rendered":"<p>En nuestro liceo reafirmamos el compromiso con la formaci\u00f3n integral y de excelencia de nuestros estudiantes. Hoy destacamos con orgullo el avance de los j\u00f3venes de las especialidades de Mec\u00e1nica Industrial y Mec\u00e1nica Automotriz, quienes se encuentran en la etapa final de su preparaci\u00f3n para obtener la licencia de conducir clase D, una certificaci\u00f3n que [&hellip;]<\/p>\n","protected":false},"author":3,"featured_media":0,"parent":0,"menu_order":0,"comment_status":"closed","ping_status":"closed","template":"","meta":{"footnotes":""},"class_list":["post-3737","page","type-page","status-publish","hentry"],"_links":{"self":[{"href":"https:\/\/imariquique.cl\/inicio\/wp-json\/wp\/v2\/pages\/3737","targetHints":{"allow":["GET"]}}],"collection":[{"href":"https:\/\/imariquique.cl\/inicio\/wp-json\/wp\/v2\/pages"}],"about":[{"href":"https:\/\/imariquique.cl\/inicio\/wp-json\/wp\/v2\/types\/page"}],"author":[{"embeddable":true,"href":"https:\/\/imariquique.cl\/inicio\/wp-json\/wp\/v2\/users\/3"}],"replies":[{"embeddable":true,"href":"https:\/\/imariquique.cl\/inicio\/wp-json\/wp\/v2\/comments?post=3737"}],"version-history":[{"count":8,"href":"https:\/\/imariquique.cl\/inicio\/wp-json\/wp\/v2\/pages\/3737\/revisions"}],"predecessor-version":[{"id":3754,"href":"https:\/\/imariquique.cl\/inicio\/wp-json\/wp\/v2\/pages\/3737\/revisions\/3754"}],"wp:attachment":[{"href":"https:\/\/imariquique.cl\/inicio\/wp-json\/wp\/v2\/media?parent=3737"}],"curies":[{"name":"wp","href":"https:\/\/api.w.org\/{rel}","templated":true}]}}