{"id":3583,"date":"2025-10-06T09:14:31","date_gmt":"2025-10-06T13:14:31","guid":{"rendered":"https:\/\/imariquique.cl\/inicio\/?page_id=3583"},"modified":"2025-10-06T09:27:53","modified_gmt":"2025-10-06T13:27:53","slug":"conduccionclaseb","status":"publish","type":"page","link":"https:\/\/imariquique.cl\/inicio\/conduccionclaseb\/","title":{"rendered":""},"content":{"rendered":"\t\t<div data-elementor-type=\"wp-page\" data-elementor-id=\"3583\" class=\"elementor elementor-3583\" data-elementor-post-type=\"page\">\n\t\t\t\t<div class=\"elementor-element elementor-element-39b56ed e-flex e-con-boxed e-con e-parent\" data-id=\"39b56ed\" data-element_type=\"container\" data-e-type=\"container\">\n\t\t\t\t\t<div class=\"e-con-inner\">\n\t\t\t\t<div class=\"elementor-element elementor-element-8fdba6b elementor-widget elementor-widget-image\" data-id=\"8fdba6b\" data-element_type=\"widget\" data-e-type=\"widget\" data-widget_type=\"image.default\">\n\t\t\t\t<div class=\"elementor-widget-container\">\n\t\t\t\t\t\t\t\t\t\t\t\t\t\t\t<img fetchpriority=\"high\" decoding=\"async\" width=\"2560\" height=\"1030\" src=\"https:\/\/imariquique.cl\/inicio\/wp-content\/uploads\/2025\/10\/w1-scaled.png\" class=\"attachment-full size-full wp-image-3587\" alt=\"\" srcset=\"https:\/\/imariquique.cl\/inicio\/wp-content\/uploads\/2025\/10\/w1-scaled.png 2560w, https:\/\/imariquique.cl\/inicio\/wp-content\/uploads\/2025\/10\/w1-300x121.png 300w, https:\/\/imariquique.cl\/inicio\/wp-content\/uploads\/2025\/10\/w1-1024x412.png 1024w, https:\/\/imariquique.cl\/inicio\/wp-content\/uploads\/2025\/10\/w1-768x309.png 768w, https:\/\/imariquique.cl\/inicio\/wp-content\/uploads\/2025\/10\/w1-1536x618.png 1536w, https:\/\/imariquique.cl\/inicio\/wp-content\/uploads\/2025\/10\/w1-2048x824.png 2048w\" sizes=\"(max-width: 2560px) 100vw, 2560px\" \/>\t\t\t\t\t\t\t\t\t\t\t\t\t\t\t<\/div>\n\t\t\t\t<\/div>\n\t\t\t\t\t<\/div>\n\t\t\t\t<\/div>\n\t\t<div class=\"elementor-element elementor-element-fa252e0 e-flex e-con-boxed e-con e-parent\" data-id=\"fa252e0\" data-element_type=\"container\" data-e-type=\"container\">\n\t\t\t\t\t<div class=\"e-con-inner\">\n\t\t\t\t<div class=\"elementor-element elementor-element-6f0b691 elementor-widget elementor-widget-heading\" data-id=\"6f0b691\" data-element_type=\"widget\" data-e-type=\"widget\" data-widget_type=\"heading.default\">\n\t\t\t\t<div class=\"elementor-widget-container\">\n\t\t\t\t\t<h2 class=\"elementor-heading-title elementor-size-default\">Estudiantes de 4\u00b0 medio C de la espscilidad de Operaciones Portuarias Inician Curso de Conducci\u00f3n Clase B: Una Nueva Ruta hacia la Empleabilidad y la Autonom\u00eda.<\/h2>\t\t\t\t<\/div>\n\t\t\t\t<\/div>\n\t\t\t\t\t<\/div>\n\t\t\t\t<\/div>\n\t\t<div class=\"elementor-element elementor-element-7261f94 e-flex e-con-boxed e-con e-parent\" data-id=\"7261f94\" data-element_type=\"container\" data-e-type=\"container\">\n\t\t\t\t\t<div class=\"e-con-inner\">\n\t\t\t\t<div class=\"elementor-element elementor-element-0c7f4b7 elementor-widget elementor-widget-text-editor\" data-id=\"0c7f4b7\" data-element_type=\"widget\" data-e-type=\"widget\" data-widget_type=\"text-editor.default\">\n\t\t\t\t<div class=\"elementor-widget-container\">\n\t\t\t\t\t\t\t\t\t<p class=\"p1\" style=\"text-align: justify;\">Entre el <b>6 y el 24 de octubre<\/b>, los estudiantes de <b>4\u00b0 medio C de la especialidad de Operaciones Portuarias<\/b> vivir\u00e1n una experiencia formativa de alto impacto: el <b>Curso de Conducci\u00f3n Clase B<\/b>, patrocinado por <b>Elije Crecer\/Tarapac\u00e1<\/b> y ejecutado por la reconocida <b>Escuela de Conductores Iquique<\/b>.<\/p>\n<p class=\"p1\" style=\"text-align: justify;\">Esta iniciativa representa un importante paso hacia la <b>formaci\u00f3n integral y la empleabilidad temprana<\/b> de los j\u00f3venes, quienes no solo obtendr\u00e1n los conocimientos te\u00f3ricos y pr\u00e1cticos necesarios para conducir veh\u00edculos livianos, sino que tambi\u00e9n fortalecer\u00e1n competencias clave para su futura inserci\u00f3n laboral en el \u00e1mbito portuario y log\u00edstico.<\/p>\n<p class=\"p3\" style=\"text-align: justify;\"><b>Un curso con proyecci\u00f3n profesional.<\/b><\/p>\n<p class=\"p1\" style=\"text-align: left;\">La <b>licencia de conducir clase B<\/b> habilita a los estudiantes para manejar autom\u00f3viles, camionetas y furgones de hasta 3.500 kilos de peso bruto vehicular. En el contexto de la <b>especialidad de Operaciones Portuarias<\/b>, esta certificaci\u00f3n cobra especial relevancia:<\/p>\n\n<ul>\n \t<li class=\"p1\" style=\"text-align: justify;\">Permite a los futuros t\u00e9cnicos <b>desempe\u00f1arse en tareas de apoyo log\u00edstico y transporte interno<\/b> dentro del puerto.<\/li>\n \t<li class=\"p1\" style=\"text-align: justify;\">Facilita la <b>movilidad laboral<\/b> y ampl\u00eda sus posibilidades de empleabilidad en empresas de transporte, agencias mar\u00edtimas, dep\u00f3sitos de contenedores y servicios asociados a la cadena log\u00edstica.<\/li>\n \t<li class=\"p1\" style=\"text-align: justify;\">Refuerza la <b>autonom\u00eda y responsabilidad personal<\/b>, competencias valoradas en el mundo del trabajo.<\/li>\n<\/ul>\t\t\t\t\t\t\t\t<\/div>\n\t\t\t\t<\/div>\n\t\t\t\t\t<\/div>\n\t\t\t\t<\/div>\n\t\t<div class=\"elementor-element elementor-element-25bb82c e-flex e-con-boxed e-con e-parent\" data-id=\"25bb82c\" data-element_type=\"container\" data-e-type=\"container\">\n\t\t\t\t\t<div class=\"e-con-inner\">\n\t\t<div class=\"elementor-element elementor-element-90a97f7 e-con-full e-flex e-con e-child\" data-id=\"90a97f7\" data-element_type=\"container\" data-e-type=\"container\">\n\t\t\t\t<div class=\"elementor-element elementor-element-b744135 elementor-widget elementor-widget-image\" data-id=\"b744135\" data-element_type=\"widget\" data-e-type=\"widget\" data-widget_type=\"image.default\">\n\t\t\t\t<div class=\"elementor-widget-container\">\n\t\t\t\t\t\t\t\t\t\t\t\t\t\t\t<img decoding=\"async\" width=\"800\" height=\"417\" src=\"https:\/\/imariquique.cl\/inicio\/wp-content\/uploads\/2025\/10\/w4-1024x534.png\" class=\"attachment-large size-large wp-image-3586\" alt=\"\" srcset=\"https:\/\/imariquique.cl\/inicio\/wp-content\/uploads\/2025\/10\/w4-1024x534.png 1024w, https:\/\/imariquique.cl\/inicio\/wp-content\/uploads\/2025\/10\/w4-300x156.png 300w, https:\/\/imariquique.cl\/inicio\/wp-content\/uploads\/2025\/10\/w4-768x400.png 768w, https:\/\/imariquique.cl\/inicio\/wp-content\/uploads\/2025\/10\/w4-1536x801.png 1536w, https:\/\/imariquique.cl\/inicio\/wp-content\/uploads\/2025\/10\/w4-2048x1068.png 2048w\" sizes=\"(max-width: 800px) 100vw, 800px\" \/>\t\t\t\t\t\t\t\t\t\t\t\t\t\t\t<\/div>\n\t\t\t\t<\/div>\n\t\t\t\t<\/div>\n\t\t<div class=\"elementor-element elementor-element-3f01491 e-con-full e-flex e-con e-child\" data-id=\"3f01491\" data-element_type=\"container\" data-e-type=\"container\">\n\t\t\t\t<div class=\"elementor-element elementor-element-9902061 elementor-widget elementor-widget-image\" data-id=\"9902061\" data-element_type=\"widget\" data-e-type=\"widget\" data-widget_type=\"image.default\">\n\t\t\t\t<div class=\"elementor-widget-container\">\n\t\t\t\t\t\t\t\t\t\t\t\t\t\t\t<img decoding=\"async\" width=\"800\" height=\"417\" src=\"https:\/\/imariquique.cl\/inicio\/wp-content\/uploads\/2025\/10\/w2-1024x534.png\" class=\"attachment-large size-large wp-image-3588\" alt=\"\" srcset=\"https:\/\/imariquique.cl\/inicio\/wp-content\/uploads\/2025\/10\/w2-1024x534.png 1024w, https:\/\/imariquique.cl\/inicio\/wp-content\/uploads\/2025\/10\/w2-300x156.png 300w, https:\/\/imariquique.cl\/inicio\/wp-content\/uploads\/2025\/10\/w2-768x400.png 768w, https:\/\/imariquique.cl\/inicio\/wp-content\/uploads\/2025\/10\/w2-1536x801.png 1536w, https:\/\/imariquique.cl\/inicio\/wp-content\/uploads\/2025\/10\/w2-2048x1068.png 2048w\" sizes=\"(max-width: 800px) 100vw, 800px\" \/>\t\t\t\t\t\t\t\t\t\t\t\t\t\t\t<\/div>\n\t\t\t\t<\/div>\n\t\t\t\t<\/div>\n\t\t<div class=\"elementor-element elementor-element-002fd35 e-con-full e-flex e-con e-child\" data-id=\"002fd35\" data-element_type=\"container\" data-e-type=\"container\">\n\t\t\t\t<div class=\"elementor-element elementor-element-f3a867f elementor-widget elementor-widget-text-editor\" data-id=\"f3a867f\" data-element_type=\"widget\" data-e-type=\"widget\" data-widget_type=\"text-editor.default\">\n\t\t\t\t<div class=\"elementor-widget-container\">\n\t\t\t\t\t\t\t\t\t<p class=\"p1\" style=\"text-align: justify;\">El curso contempla clases te\u00f3ricas sobre normativa vial, seguridad y mec\u00e1nica b\u00e1sica, junto con <b>pr\u00e1cticas en pista y conducci\u00f3n en ruta<\/b>, guiadas por instructores certificados de la <b>Escuela de Conductores Iquique<\/b>, instituci\u00f3n con amplia trayectoria en la formaci\u00f3n de nuevos conductores en la regi\u00f3n.<\/p><p class=\"p3\" style=\"text-align: justify;\"><b>Apoyo y compromiso regional<\/b><\/p><p class=\"p1\" style=\"text-align: justify;\">El programa es posible gracias al <b>patrocinio de Elije Crecer\/Tarapac\u00e1<\/b>, una iniciativa comprometida con la <b>formaci\u00f3n y capacitaci\u00f3n de j\u00f3venes talentos regionales<\/b>. Su apoyo no solo cubre parte del costo del curso, sino que tambi\u00e9n garantiza que los estudiantes cuenten con los recursos y acompa\u00f1amiento necesarios para <b>culminar exitosamente su proceso formativo<\/b>.<\/p><p class=\"p1\" style=\"text-align: justify;\">Esta alianza entre el sector educativo, la formaci\u00f3n t\u00e9cnica y las entidades de apoyo regional demuestra que <b>invertir en la juventud es apostar por el desarrollo de Tarapac\u00e1<\/b>, impulsando oportunidades reales de crecimiento personal y profesional.<\/p><p class=\"p3\" style=\"text-align: justify;\"><b>Un paso hacia el futuro<\/b><\/p><p class=\"p1\" style=\"text-align: justify;\">Para los alumnos de 4\u00b0 C de Operaciones Portuarias, obtener la licencia clase B no solo significa aprender a conducir, sino <b>conducir su propio futuro<\/b>. Este curso marca el cierre de su etapa escolar con una herramienta concreta que <b>abre caminos hacia la inserci\u00f3n laboral y la independencia<\/b>, fortaleciendo el v\u00ednculo entre la educaci\u00f3n t\u00e9cnica y las demandas del mundo productivo actual.<\/p><p class=\"p1\" style=\"text-align: justify;\"><b>\u201cEste curso es una oportunidad \u00fanica para que nuestros estudiantes salgan del liceo con un curso reconocido, que complementa su formaci\u00f3n t\u00e9cnica y los prepara para los desaf\u00edos reales del mundo portuario y log\u00edstico\u201d,<\/b> destac\u00f3 la coordinaci\u00f3n de especialidades del establecimiento.<\/p><p class=\"p1\" style=\"text-align: justify;\">Con esta iniciativa, la comunidad educativa reafirma su compromiso con la <b>formaci\u00f3n de j\u00f3venes competentes, responsables y preparados para enfrentar los desaf\u00edos del futuro<\/b>.<\/p>\t\t\t\t\t\t\t\t<\/div>\n\t\t\t\t<\/div>\n\t\t\t\t<\/div>\n\t\t\t\t\t<\/div>\n\t\t\t\t<\/div>\n\t\t\t\t<\/div>\n\t\t","protected":false},"excerpt":{"rendered":"<p>Estudiantes de 4\u00b0 medio C de la espscilidad de Operaciones Portuarias Inician Curso de Conducci\u00f3n Clase B: Una Nueva Ruta hacia la Empleabilidad y la Autonom\u00eda. Entre el 6 y el 24 de octubre, los estudiantes de 4\u00b0 medio C de la especialidad de Operaciones Portuarias vivir\u00e1n una experiencia formativa de alto impacto: el Curso [&hellip;]<\/p>\n","protected":false},"author":3,"featured_media":0,"parent":0,"menu_order":0,"comment_status":"closed","ping_status":"closed","template":"","meta":{"footnotes":""},"class_list":["post-3583","page","type-page","status-publish","hentry"],"_links":{"self":[{"href":"https:\/\/imariquique.cl\/inicio\/wp-json\/wp\/v2\/pages\/3583","targetHints":{"allow":["GET"]}}],"collection":[{"href":"https:\/\/imariquique.cl\/inicio\/wp-json\/wp\/v2\/pages"}],"about":[{"href":"https:\/\/imariquique.cl\/inicio\/wp-json\/wp\/v2\/types\/page"}],"author":[{"embeddable":true,"href":"https:\/\/imariquique.cl\/inicio\/wp-json\/wp\/v2\/users\/3"}],"replies":[{"embeddable":true,"href":"https:\/\/imariquique.cl\/inicio\/wp-json\/wp\/v2\/comments?post=3583"}],"version-history":[{"count":5,"href":"https:\/\/imariquique.cl\/inicio\/wp-json\/wp\/v2\/pages\/3583\/revisions"}],"predecessor-version":[{"id":3593,"href":"https:\/\/imariquique.cl\/inicio\/wp-json\/wp\/v2\/pages\/3583\/revisions\/3593"}],"wp:attachment":[{"href":"https:\/\/imariquique.cl\/inicio\/wp-json\/wp\/v2\/media?parent=3583"}],"curies":[{"name":"wp","href":"https:\/\/api.w.org\/{rel}","templated":true}]}}