{"id":3508,"date":"2025-08-19T16:41:22","date_gmt":"2025-08-19T20:41:22","guid":{"rendered":"https:\/\/imariquique.cl\/inicio\/?page_id=3508"},"modified":"2025-08-19T16:47:11","modified_gmt":"2025-08-19T20:47:11","slug":"cursoingles","status":"publish","type":"page","link":"https:\/\/imariquique.cl\/inicio\/cursoingles\/","title":{"rendered":""},"content":{"rendered":"\t\t<div data-elementor-type=\"wp-page\" data-elementor-id=\"3508\" class=\"elementor elementor-3508\" data-elementor-post-type=\"page\">\n\t\t\t\t<div class=\"elementor-element elementor-element-211fe72 e-flex e-con-boxed e-con e-parent\" data-id=\"211fe72\" data-element_type=\"container\" data-e-type=\"container\">\n\t\t\t\t\t<div class=\"e-con-inner\">\n\t\t\t\t<div class=\"elementor-element elementor-element-05f329d elementor-widget elementor-widget-heading\" data-id=\"05f329d\" data-element_type=\"widget\" data-e-type=\"widget\" data-widget_type=\"heading.default\">\n\t\t\t\t<div class=\"elementor-widget-container\">\n\t\t\t\t\t<h2 class=\"elementor-heading-title elementor-size-default\">Ultramar junto a Desaf\u00edo Chile dan la oportunidad a estudiantes de 3\u00b0 Medio de Operaciones Portuarias para realizar curso de ingl\u00e9s en la Academia de Idiomas del Norte.<\/h2>\t\t\t\t<\/div>\n\t\t\t\t<\/div>\n\t\t\t\t\t<\/div>\n\t\t\t\t<\/div>\n\t\t<div class=\"elementor-element elementor-element-3a32d7a e-flex e-con-boxed e-con e-parent\" data-id=\"3a32d7a\" data-element_type=\"container\" data-e-type=\"container\">\n\t\t\t\t\t<div class=\"e-con-inner\">\n\t\t<div class=\"elementor-element elementor-element-7f4ed28 e-con-full e-flex e-con e-child\" data-id=\"7f4ed28\" data-element_type=\"container\" data-e-type=\"container\">\n\t\t\t\t<div class=\"elementor-element elementor-element-24429a0 elementor-widget elementor-widget-image\" data-id=\"24429a0\" data-element_type=\"widget\" data-e-type=\"widget\" data-widget_type=\"image.default\">\n\t\t\t\t<div class=\"elementor-widget-container\">\n\t\t\t\t\t\t\t\t\t\t\t\t\t\t\t<img fetchpriority=\"high\" decoding=\"async\" width=\"800\" height=\"560\" src=\"https:\/\/imariquique.cl\/inicio\/wp-content\/uploads\/2025\/08\/w2-1024x717.png\" class=\"attachment-large size-large wp-image-3511\" alt=\"\" srcset=\"https:\/\/imariquique.cl\/inicio\/wp-content\/uploads\/2025\/08\/w2-1024x717.png 1024w, https:\/\/imariquique.cl\/inicio\/wp-content\/uploads\/2025\/08\/w2-300x210.png 300w, https:\/\/imariquique.cl\/inicio\/wp-content\/uploads\/2025\/08\/w2-768x538.png 768w, https:\/\/imariquique.cl\/inicio\/wp-content\/uploads\/2025\/08\/w2.png 1422w\" sizes=\"(max-width: 800px) 100vw, 800px\" \/>\t\t\t\t\t\t\t\t\t\t\t\t\t\t\t<\/div>\n\t\t\t\t<\/div>\n\t\t\t\t<\/div>\n\t\t<div class=\"elementor-element elementor-element-4704880 e-con-full e-flex e-con e-child\" data-id=\"4704880\" data-element_type=\"container\" data-e-type=\"container\">\n\t\t\t\t<div class=\"elementor-element elementor-element-6a75f13 elementor-widget elementor-widget-image\" data-id=\"6a75f13\" data-element_type=\"widget\" data-e-type=\"widget\" data-widget_type=\"image.default\">\n\t\t\t\t<div class=\"elementor-widget-container\">\n\t\t\t\t\t\t\t\t\t\t\t\t\t\t\t<img decoding=\"async\" width=\"800\" height=\"560\" src=\"https:\/\/imariquique.cl\/inicio\/wp-content\/uploads\/2025\/08\/w3-1024x717.png\" class=\"attachment-large size-large wp-image-3512\" alt=\"\" srcset=\"https:\/\/imariquique.cl\/inicio\/wp-content\/uploads\/2025\/08\/w3-1024x717.png 1024w, https:\/\/imariquique.cl\/inicio\/wp-content\/uploads\/2025\/08\/w3-300x210.png 300w, https:\/\/imariquique.cl\/inicio\/wp-content\/uploads\/2025\/08\/w3-768x538.png 768w, https:\/\/imariquique.cl\/inicio\/wp-content\/uploads\/2025\/08\/w3.png 1422w\" sizes=\"(max-width: 800px) 100vw, 800px\" \/>\t\t\t\t\t\t\t\t\t\t\t\t\t\t\t<\/div>\n\t\t\t\t<\/div>\n\t\t\t\t<\/div>\n\t\t<div class=\"elementor-element elementor-element-8def676 e-con-full e-flex e-con e-child\" data-id=\"8def676\" data-element_type=\"container\" data-e-type=\"container\">\n\t\t\t\t<div class=\"elementor-element elementor-element-74205f3 elementor-widget elementor-widget-text-editor\" data-id=\"74205f3\" data-element_type=\"widget\" data-e-type=\"widget\" data-widget_type=\"text-editor.default\">\n\t\t\t\t<div class=\"elementor-widget-container\">\n\t\t\t\t\t\t\t\t\t<p class=\"p1\" style=\"text-align: justify;\">Un nuevo hito marca la formaci\u00f3n de nuestros alumnos de <b>3\u00b0 Medio de la especialidad de Operaciones Portuarias<\/b>: este lunes comenzaron oficialmente sus clases de ingl\u00e9s en la <b>Academia de Idiomas del Norte<\/b>, instancia que abre un mundo de oportunidades para su futuro acad\u00e9mico y laboral.<\/p>\n<p class=\"p1\" style=\"text-align: justify;\">Este importante curso fue posible gracias a la gesti\u00f3n de nuestro <b>equipo directivo<\/b>, quienes, junto al constante apoyo de <b>Ultramar<\/b> y <b>Desaf\u00edos Chile<\/b>, lograron impulsar esta iniciativa que pone en primer plano la preparaci\u00f3n de nuestros estudiantes para enfrentar los desaf\u00edos del mundo globalizado.<\/p>\n<p class=\"p1\" style=\"text-align: justify;\">Hoy, aprender ingl\u00e9s ya no es un lujo, sino una <b>herramienta fundamental para abrir puertas en cualquier rinc\u00f3n del mundo<\/b>. En el rubro portuario, el manejo de este idioma se convierte en una ventaja competitiva, permitiendo a nuestros j\u00f3venes acceder a mayores posibilidades de empleo, ya sea en empresas locales, en la gran miner\u00eda, en la industria mar\u00edtima internacional o incluso en proyectos fuera de Chile.<\/p>\t\t\t\t\t\t\t\t<\/div>\n\t\t\t\t<\/div>\n\t\t\t\t<\/div>\n\t\t\t\t\t<\/div>\n\t\t\t\t<\/div>\n\t\t<div class=\"elementor-element elementor-element-7c6056d e-flex e-con-boxed e-con e-parent\" data-id=\"7c6056d\" data-element_type=\"container\" data-e-type=\"container\">\n\t\t\t\t\t<div class=\"e-con-inner\">\n\t\t<div class=\"elementor-element elementor-element-d644c99 e-con-full e-flex e-con e-child\" data-id=\"d644c99\" data-element_type=\"container\" data-e-type=\"container\">\n\t\t\t\t<div class=\"elementor-element elementor-element-36337b0 elementor-widget elementor-widget-image\" data-id=\"36337b0\" data-element_type=\"widget\" data-e-type=\"widget\" data-widget_type=\"image.default\">\n\t\t\t\t<div class=\"elementor-widget-container\">\n\t\t\t\t\t\t\t\t\t\t\t\t\t\t\t<img decoding=\"async\" width=\"800\" height=\"560\" src=\"https:\/\/imariquique.cl\/inicio\/wp-content\/uploads\/2025\/08\/w4-1024x717.png\" class=\"attachment-large size-large wp-image-3513\" alt=\"\" srcset=\"https:\/\/imariquique.cl\/inicio\/wp-content\/uploads\/2025\/08\/w4-1024x717.png 1024w, https:\/\/imariquique.cl\/inicio\/wp-content\/uploads\/2025\/08\/w4-300x210.png 300w, https:\/\/imariquique.cl\/inicio\/wp-content\/uploads\/2025\/08\/w4-768x538.png 768w, https:\/\/imariquique.cl\/inicio\/wp-content\/uploads\/2025\/08\/w4.png 1422w\" sizes=\"(max-width: 800px) 100vw, 800px\" \/>\t\t\t\t\t\t\t\t\t\t\t\t\t\t\t<\/div>\n\t\t\t\t<\/div>\n\t\t\t\t<\/div>\n\t\t<div class=\"elementor-element elementor-element-240e591 e-con-full e-flex e-con e-child\" data-id=\"240e591\" data-element_type=\"container\" data-e-type=\"container\">\n\t\t\t\t<div class=\"elementor-element elementor-element-94a9e38 elementor-widget elementor-widget-image\" data-id=\"94a9e38\" data-element_type=\"widget\" data-e-type=\"widget\" data-widget_type=\"image.default\">\n\t\t\t\t<div class=\"elementor-widget-container\">\n\t\t\t\t\t\t\t\t\t\t\t\t\t\t\t<img loading=\"lazy\" decoding=\"async\" width=\"800\" height=\"560\" src=\"https:\/\/imariquique.cl\/inicio\/wp-content\/uploads\/2025\/08\/w1-1024x717.png\" class=\"attachment-large size-large wp-image-3510\" alt=\"\" srcset=\"https:\/\/imariquique.cl\/inicio\/wp-content\/uploads\/2025\/08\/w1-1024x717.png 1024w, https:\/\/imariquique.cl\/inicio\/wp-content\/uploads\/2025\/08\/w1-300x210.png 300w, https:\/\/imariquique.cl\/inicio\/wp-content\/uploads\/2025\/08\/w1-768x538.png 768w, https:\/\/imariquique.cl\/inicio\/wp-content\/uploads\/2025\/08\/w1.png 1422w\" sizes=\"(max-width: 800px) 100vw, 800px\" \/>\t\t\t\t\t\t\t\t\t\t\t\t\t\t\t<\/div>\n\t\t\t\t<\/div>\n\t\t\t\t<\/div>\n\t\t<div class=\"elementor-element elementor-element-edf77e3 e-con-full e-flex e-con e-child\" data-id=\"edf77e3\" data-element_type=\"container\" data-e-type=\"container\">\n\t\t\t\t<div class=\"elementor-element elementor-element-4d519a4 elementor-widget elementor-widget-text-editor\" data-id=\"4d519a4\" data-element_type=\"widget\" data-e-type=\"widget\" data-widget_type=\"text-editor.default\">\n\t\t\t\t<div class=\"elementor-widget-container\">\n\t\t\t\t\t\t\t\t\t<p class=\"p1\" style=\"text-align: justify;\">Con acciones como esta, el <b>Instituto del Mar Almirante Carlos Condell<\/b> reafirma su compromiso de entregar a los estudiantes una <b>educaci\u00f3n t\u00e9cnica de calidad con beneficios reales y concretos<\/b>, que no solo los forma en el aula, sino que los proyecta al futuro con herramientas s\u00f3lidas para su desarrollo personal y profesional.<\/p>\n<p class=\"p1\" style=\"text-align: justify;\">Agradecemos profundamente a <b>Ultramar<\/b> y <b>Desaf\u00edos Chile<\/b> por confiar en nuestro proyecto educativo y por mantenerse en permanente colaboraci\u00f3n con nuestros alumnos, potenciando cada paso que damos como comunidad educativa.<\/p>\n<p class=\"p1\" style=\"text-align: justify;\">En nuestro liceo creemos firmemente que la educaci\u00f3n transforma vidas, y este curso de ingl\u00e9s es una muestra clara de c\u00f3mo juntos podemos entregar <b>m\u00e1s y mejores oportunidades<\/b> para que nuestros j\u00f3venes alcancen sus sue\u00f1os.<\/p>\t\t\t\t\t\t\t\t<\/div>\n\t\t\t\t<\/div>\n\t\t\t\t<\/div>\n\t\t\t\t\t<\/div>\n\t\t\t\t<\/div>\n\t\t\t\t<\/div>\n\t\t","protected":false},"excerpt":{"rendered":"<p>Ultramar junto a Desaf\u00edo Chile dan la oportunidad a estudiantes de 3\u00b0 Medio de Operaciones Portuarias para realizar curso de ingl\u00e9s en la Academia de Idiomas del Norte. Un nuevo hito marca la formaci\u00f3n de nuestros alumnos de 3\u00b0 Medio de la especialidad de Operaciones Portuarias: este lunes comenzaron oficialmente sus clases de ingl\u00e9s en [&hellip;]<\/p>\n","protected":false},"author":3,"featured_media":0,"parent":0,"menu_order":0,"comment_status":"closed","ping_status":"closed","template":"","meta":{"footnotes":""},"class_list":["post-3508","page","type-page","status-publish","hentry"],"_links":{"self":[{"href":"https:\/\/imariquique.cl\/inicio\/wp-json\/wp\/v2\/pages\/3508","targetHints":{"allow":["GET"]}}],"collection":[{"href":"https:\/\/imariquique.cl\/inicio\/wp-json\/wp\/v2\/pages"}],"about":[{"href":"https:\/\/imariquique.cl\/inicio\/wp-json\/wp\/v2\/types\/page"}],"author":[{"embeddable":true,"href":"https:\/\/imariquique.cl\/inicio\/wp-json\/wp\/v2\/users\/3"}],"replies":[{"embeddable":true,"href":"https:\/\/imariquique.cl\/inicio\/wp-json\/wp\/v2\/comments?post=3508"}],"version-history":[{"count":5,"href":"https:\/\/imariquique.cl\/inicio\/wp-json\/wp\/v2\/pages\/3508\/revisions"}],"predecessor-version":[{"id":3517,"href":"https:\/\/imariquique.cl\/inicio\/wp-json\/wp\/v2\/pages\/3508\/revisions\/3517"}],"wp:attachment":[{"href":"https:\/\/imariquique.cl\/inicio\/wp-json\/wp\/v2\/media?parent=3508"}],"curies":[{"name":"wp","href":"https:\/\/api.w.org\/{rel}","templated":true}]}}