{"id":3394,"date":"2025-08-11T12:55:54","date_gmt":"2025-08-11T16:55:54","guid":{"rendered":"https:\/\/imariquique.cl\/inicio\/?page_id=3394"},"modified":"2025-08-11T13:46:08","modified_gmt":"2025-08-11T17:46:08","slug":"realidad-virtual","status":"publish","type":"page","link":"https:\/\/imariquique.cl\/inicio\/realidad-virtual\/","title":{"rendered":""},"content":{"rendered":"\t\t<div data-elementor-type=\"wp-page\" data-elementor-id=\"3394\" class=\"elementor elementor-3394\" data-elementor-post-type=\"page\">\n\t\t\t\t<div class=\"elementor-element elementor-element-1d9e14d e-flex e-con-boxed e-con e-parent\" data-id=\"1d9e14d\" data-element_type=\"container\" data-e-type=\"container\">\n\t\t\t\t\t<div class=\"e-con-inner\">\n\t\t<div class=\"elementor-element elementor-element-cb3ed82 e-con-full e-flex e-con e-child\" data-id=\"cb3ed82\" data-element_type=\"container\" data-e-type=\"container\">\n\t\t\t\t<div class=\"elementor-element elementor-element-d9943e5 elementor-widget elementor-widget-image\" data-id=\"d9943e5\" data-element_type=\"widget\" data-e-type=\"widget\" data-widget_type=\"image.default\">\n\t\t\t\t<div class=\"elementor-widget-container\">\n\t\t\t\t\t\t\t\t\t\t\t\t\t\t\t<img decoding=\"async\" src=\"https:\/\/imariquique.cl\/inicio\/wp-content\/uploads\/elementor\/thumbs\/finalvr1-ra3ztw3fcxquwpdvvlodzbft1zi64u71jayuuqf432.png\" title=\"finalvr1\" alt=\"finalvr1\" loading=\"lazy\" \/>\t\t\t\t\t\t\t\t\t\t\t\t\t\t\t<\/div>\n\t\t\t\t<\/div>\n\t\t\t\t<\/div>\n\t\t<div class=\"elementor-element elementor-element-560b250 e-con-full e-flex e-con e-child\" data-id=\"560b250\" data-element_type=\"container\" data-e-type=\"container\">\n\t\t\t\t<div class=\"elementor-element elementor-element-de07e14 elementor-widget elementor-widget-text-editor\" data-id=\"de07e14\" data-element_type=\"widget\" data-e-type=\"widget\" data-widget_type=\"text-editor.default\">\n\t\t\t\t<div class=\"elementor-widget-container\">\n\t\t\t\t\t\t\t\t\t<p class=\"p1\" style=\"text-align: justify;\">En un mundo donde la tecnolog\u00eda redefine las profesiones y las competencias laborales, nuestro Liceo Bicentenario Instituto del Mar marca un hito en la formaci\u00f3n t\u00e9cnica profesional con la implementaci\u00f3n de un <b>Taller de Realidad Virtual<\/b> orientado a la especialidad de <b>Operaciones Portuarias<\/b>.<\/p><p class=\"p1\" style=\"text-align: justify;\">Gracias al uso de <b>dispositivos Oculus<\/b> de \u00faltima generaci\u00f3n, nuestros estudiantes tienen la oportunidad de <b>vivir la experiencia del puerto de Iquique desde un entorno inmersivo<\/b>, simulando maniobras, procedimientos y escenarios reales con un nivel de detalle y precisi\u00f3n que antes solo pod\u00eda aprenderse en terreno. Esta tecnolog\u00eda permite recrear operaciones de carga y descarga, gesti\u00f3n log\u00edstica y control de seguridad, con la ventaja de entrenar en un ambiente 100% seguro y controlado, potenciando las habilidades pr\u00e1cticas y la toma de decisiones en tiempo real.<\/p><p class=\"p1\" style=\"text-align: justify;\">Los beneficios son m\u00faltiples:<\/p><ul class=\"ul1\" style=\"text-align: justify;\"><li class=\"li1\"><b>Aprendizaje inmersivo y realista:<\/b> Los alumnos \u201cest\u00e1n\u201d en el puerto sin salir del aula.<\/li><li class=\"li1\"><b>Entrenamiento seguro:<\/b> Simulaci\u00f3n de situaciones de riesgo sin poner en peligro la integridad de los estudiantes.<\/li><\/ul>\t\t\t\t\t\t\t\t<\/div>\n\t\t\t\t<\/div>\n\t\t\t\t<\/div>\n\t\t\t\t\t<\/div>\n\t\t\t\t<\/div>\n\t\t<div class=\"elementor-element elementor-element-299ac2f e-flex e-con-boxed e-con e-parent\" data-id=\"299ac2f\" data-element_type=\"container\" data-e-type=\"container\">\n\t\t\t\t\t<div class=\"e-con-inner\">\n\t\t<div class=\"elementor-element elementor-element-437f572 e-con-full e-flex e-con e-child\" data-id=\"437f572\" data-element_type=\"container\" data-e-type=\"container\">\n\t\t\t\t<div class=\"elementor-element elementor-element-32829ae elementor-widget elementor-widget-text-editor\" data-id=\"32829ae\" data-element_type=\"widget\" data-e-type=\"widget\" data-widget_type=\"text-editor.default\">\n\t\t\t\t<div class=\"elementor-widget-container\">\n\t\t\t\t\t\t\t\t\t<p>\u00a0<\/p><ul class=\"ul1\" style=\"text-align: justify;\"><li class=\"li1\"><b>Desarrollo de competencias laborales de alto nivel:<\/b> Preparaci\u00f3n para un mercado portuario cada vez m\u00e1s tecnificado.<\/li><li class=\"li1\"><b>Mayor motivaci\u00f3n y compromiso:<\/b> La experiencia interactiva aumenta la retenci\u00f3n de conocimientos y la curiosidad profesional.<\/li><\/ul><p class=\"p1\" style=\"text-align: justify;\">Pero este es solo el primer paso de un viaje m\u00e1s grande. <b>A contar del a\u00f1o 2026<\/b>, nuestro liceo sumar\u00e1 un nuevo desaf\u00edo: un <b>Taller de Creaci\u00f3n de Espacios Virtuales<\/b>, donde ser\u00e1n los propios alumnos quienes dise\u00f1en y programen entornos 3D relacionados con las distintas especialidades que imparte nuestro establecimiento. Esto les permitir\u00e1 <b>no solo utilizar la tecnolog\u00eda, sino tambi\u00e9n crearla<\/b>, abriendo un campo de oportunidades en \u00e1reas como la programaci\u00f3n, el modelado digital y la ingenier\u00eda aplicada.<\/p><p>Con esta apuesta, el Liceo Bicentenario Instituto del Mar reafirma su compromiso con la educaci\u00f3n del siglo XXI: formar estudiantes <b>competentes, innovadores y listos para liderar los puertos y las industrias del futuro<\/b>.<\/p>\t\t\t\t\t\t\t\t<\/div>\n\t\t\t\t<\/div>\n\t\t\t\t<\/div>\n\t\t<div class=\"elementor-element elementor-element-a1bb9b9 e-con-full e-flex e-con e-child\" data-id=\"a1bb9b9\" data-element_type=\"container\" data-e-type=\"container\">\n\t\t\t\t<div class=\"elementor-element elementor-element-18d500b elementor-widget elementor-widget-image\" data-id=\"18d500b\" data-element_type=\"widget\" data-e-type=\"widget\" data-widget_type=\"image.default\">\n\t\t\t\t<div class=\"elementor-widget-container\">\n\t\t\t\t\t\t\t\t\t\t\t\t\t\t\t<img decoding=\"async\" src=\"https:\/\/imariquique.cl\/inicio\/wp-content\/uploads\/elementor\/thumbs\/finalvr2-ra3zu2oaorzv5z4bt6iryrs17olqmpx5w7j97o5cvi.png\" title=\"finalvr2\" alt=\"finalvr2\" loading=\"lazy\" \/>\t\t\t\t\t\t\t\t\t\t\t\t\t\t\t<\/div>\n\t\t\t\t<\/div>\n\t\t\t\t<\/div>\n\t\t\t\t\t<\/div>\n\t\t\t\t<\/div>\n\t\t\t\t<\/div>\n\t\t","protected":false},"excerpt":{"rendered":"<p>En un mundo donde la tecnolog\u00eda redefine las profesiones y las competencias laborales, nuestro Liceo Bicentenario Instituto del Mar marca un hito en la formaci\u00f3n t\u00e9cnica profesional con la implementaci\u00f3n de un Taller de Realidad Virtual orientado a la especialidad de Operaciones Portuarias. Gracias al uso de dispositivos Oculus de \u00faltima generaci\u00f3n, nuestros estudiantes tienen [&hellip;]<\/p>\n","protected":false},"author":3,"featured_media":0,"parent":0,"menu_order":0,"comment_status":"closed","ping_status":"closed","template":"","meta":{"footnotes":""},"class_list":["post-3394","page","type-page","status-publish","hentry"],"_links":{"self":[{"href":"https:\/\/imariquique.cl\/inicio\/wp-json\/wp\/v2\/pages\/3394","targetHints":{"allow":["GET"]}}],"collection":[{"href":"https:\/\/imariquique.cl\/inicio\/wp-json\/wp\/v2\/pages"}],"about":[{"href":"https:\/\/imariquique.cl\/inicio\/wp-json\/wp\/v2\/types\/page"}],"author":[{"embeddable":true,"href":"https:\/\/imariquique.cl\/inicio\/wp-json\/wp\/v2\/users\/3"}],"replies":[{"embeddable":true,"href":"https:\/\/imariquique.cl\/inicio\/wp-json\/wp\/v2\/comments?post=3394"}],"version-history":[{"count":20,"href":"https:\/\/imariquique.cl\/inicio\/wp-json\/wp\/v2\/pages\/3394\/revisions"}],"predecessor-version":[{"id":3427,"href":"https:\/\/imariquique.cl\/inicio\/wp-json\/wp\/v2\/pages\/3394\/revisions\/3427"}],"wp:attachment":[{"href":"https:\/\/imariquique.cl\/inicio\/wp-json\/wp\/v2\/media?parent=3394"}],"curies":[{"name":"wp","href":"https:\/\/api.w.org\/{rel}","templated":true}]}}