{"id":3379,"date":"2025-08-10T19:53:02","date_gmt":"2025-08-10T23:53:02","guid":{"rendered":"https:\/\/imariquique.cl\/inicio\/?page_id=3379"},"modified":"2025-08-10T20:21:21","modified_gmt":"2025-08-11T00:21:21","slug":"andaseguro","status":"publish","type":"page","link":"https:\/\/imariquique.cl\/inicio\/andaseguro\/","title":{"rendered":""},"content":{"rendered":"\t\t<div data-elementor-type=\"wp-page\" data-elementor-id=\"3379\" class=\"elementor elementor-3379\" data-elementor-post-type=\"page\">\n\t\t\t\t<div class=\"elementor-element elementor-element-f83df9a e-flex e-con-boxed e-con e-parent\" data-id=\"f83df9a\" data-element_type=\"container\" data-e-type=\"container\">\n\t\t\t\t\t<div class=\"e-con-inner\">\n\t\t\t\t<div class=\"elementor-element elementor-element-fbecfda elementor-widget elementor-widget-heading\" data-id=\"fbecfda\" data-element_type=\"widget\" data-e-type=\"widget\" data-widget_type=\"heading.default\">\n\t\t\t\t<div class=\"elementor-widget-container\">\n\t\t\t\t\t<h2 class=\"elementor-heading-title elementor-size-default\">Damos inicio al curso de Licencia Clase D en gr\u00faas horquillas.<\/h2>\t\t\t\t<\/div>\n\t\t\t\t<\/div>\n\t\t\t\t\t<\/div>\n\t\t\t\t<\/div>\n\t\t<div class=\"elementor-element elementor-element-0554fdc e-flex e-con-boxed e-con e-parent\" data-id=\"0554fdc\" data-element_type=\"container\" data-e-type=\"container\">\n\t\t\t\t\t<div class=\"e-con-inner\">\n\t\t\t\t<div class=\"elementor-element elementor-element-4d2d89d elementor-widget elementor-widget-image\" data-id=\"4d2d89d\" data-element_type=\"widget\" data-e-type=\"widget\" data-widget_type=\"image.default\">\n\t\t\t\t<div class=\"elementor-widget-container\">\n\t\t\t\t\t\t\t\t\t\t\t\t\t\t\t<img fetchpriority=\"high\" decoding=\"async\" width=\"1400\" height=\"800\" src=\"https:\/\/imariquique.cl\/inicio\/wp-content\/uploads\/2025\/08\/l2.png\" class=\"attachment-full size-full wp-image-3381\" alt=\"\" srcset=\"https:\/\/imariquique.cl\/inicio\/wp-content\/uploads\/2025\/08\/l2.png 1400w, https:\/\/imariquique.cl\/inicio\/wp-content\/uploads\/2025\/08\/l2-300x171.png 300w, https:\/\/imariquique.cl\/inicio\/wp-content\/uploads\/2025\/08\/l2-1024x585.png 1024w, https:\/\/imariquique.cl\/inicio\/wp-content\/uploads\/2025\/08\/l2-768x439.png 768w\" sizes=\"(max-width: 1400px) 100vw, 1400px\" \/>\t\t\t\t\t\t\t\t\t\t\t\t\t\t\t<\/div>\n\t\t\t\t<\/div>\n\t\t\t\t\t<\/div>\n\t\t\t\t<\/div>\n\t\t<div class=\"elementor-element elementor-element-fb279e1 e-flex e-con-boxed e-con e-parent\" data-id=\"fb279e1\" data-element_type=\"container\" data-e-type=\"container\">\n\t\t\t\t\t<div class=\"e-con-inner\">\n\t\t\t\t<div class=\"elementor-element elementor-element-2f47cd5 elementor-widget elementor-widget-text-editor\" data-id=\"2f47cd5\" data-element_type=\"widget\" data-e-type=\"widget\" data-widget_type=\"text-editor.default\">\n\t\t\t\t<div class=\"elementor-widget-container\">\n\t\t\t\t\t\t\t\t\t<p class=\"p1\" style=\"text-align: justify;\">En una gesti\u00f3n que marca un nuevo avance en la formaci\u00f3n t\u00e9cnica de nuestros estudiantes, el <b>Liceo Bicentenario Instituto del Mar<\/b> ha puesto en marcha el <b>hito inicial del curso de Licencia Clase D para gr\u00faas horquillas<\/b>, destinado a los alumnos de <b>4\u00b0 a\u00f1o medio de la especialidad de Mec\u00e1nica Industrial<\/b> y <b>4\u00b0 a\u00f1o B de Mec\u00e1nica Automotriz<\/b>.<\/p><p class=\"p1\" style=\"text-align: justify;\">Este importante programa se desarrolla gracias a la <b>gesti\u00f3n de la senadora Luz Ebensperger<\/b>, a trav\u00e9s de la <b>Escuela de Conductores \u201cAnda Seguro\u201d<\/b>, y cuenta con el auspicio de <b>Aguas del Altiplano<\/b>.<\/p><p class=\"p1\" style=\"text-align: justify;\">La iniciativa beneficiar\u00e1 a <b>cerca de 76 estudiantes<\/b>, quienes comenzar\u00e1n oficialmente las clases el <b>lunes 11 de agosto<\/b>, recibiendo instrucci\u00f3n te\u00f3rica y pr\u00e1ctica para obtener la certificaci\u00f3n que les permitir\u00e1 operar gr\u00faas horquillas bajo normativa vigente.<\/p>\t\t\t\t\t\t\t\t<\/div>\n\t\t\t\t<\/div>\n\t\t\t\t\t<\/div>\n\t\t\t\t<\/div>\n\t\t<div class=\"elementor-element elementor-element-5fdefe2 e-flex e-con-boxed e-con e-parent\" data-id=\"5fdefe2\" data-element_type=\"container\" data-e-type=\"container\">\n\t\t\t\t\t<div class=\"e-con-inner\">\n\t\t\t\t<div class=\"elementor-element elementor-element-c73bba5 elementor-widget elementor-widget-text-editor\" data-id=\"c73bba5\" data-element_type=\"widget\" data-e-type=\"widget\" data-widget_type=\"text-editor.default\">\n\t\t\t\t<div class=\"elementor-widget-container\">\n\t\t\t\t\t\t\t\t\t<p class=\"p1\" style=\"text-align: justify;\"><strong><i>\u201cEste curso representa una herramienta concreta para la empleabilidad inmediata de nuestros estudiantes, ampliando su campo laboral y fortaleciendo sus competencias t\u00e9cnicas\u201d<\/i><\/strong>, destac\u00f3 la Direcci\u00f3n del Liceo.<\/p>\t\t\t\t\t\t\t\t<\/div>\n\t\t\t\t<\/div>\n\t\t\t\t\t<\/div>\n\t\t\t\t<\/div>\n\t\t<div class=\"elementor-element elementor-element-6b0938c e-flex e-con-boxed e-con e-parent\" data-id=\"6b0938c\" data-element_type=\"container\" data-e-type=\"container\">\n\t\t\t\t\t<div class=\"e-con-inner\">\n\t\t<div class=\"elementor-element elementor-element-e511e08 e-con-full e-flex e-con e-child\" data-id=\"e511e08\" data-element_type=\"container\" data-e-type=\"container\">\n\t\t\t\t<div class=\"elementor-element elementor-element-13ee5bc elementor-widget elementor-widget-image\" data-id=\"13ee5bc\" data-element_type=\"widget\" data-e-type=\"widget\" data-widget_type=\"image.default\">\n\t\t\t\t<div class=\"elementor-widget-container\">\n\t\t\t\t\t\t\t\t\t\t\t\t\t\t\t<img decoding=\"async\" width=\"800\" height=\"457\" src=\"https:\/\/imariquique.cl\/inicio\/wp-content\/uploads\/2025\/08\/le3-1024x585.png\" class=\"attachment-large size-large wp-image-3383\" alt=\"\" srcset=\"https:\/\/imariquique.cl\/inicio\/wp-content\/uploads\/2025\/08\/le3-1024x585.png 1024w, https:\/\/imariquique.cl\/inicio\/wp-content\/uploads\/2025\/08\/le3-300x171.png 300w, https:\/\/imariquique.cl\/inicio\/wp-content\/uploads\/2025\/08\/le3-768x439.png 768w, https:\/\/imariquique.cl\/inicio\/wp-content\/uploads\/2025\/08\/le3.png 1400w\" sizes=\"(max-width: 800px) 100vw, 800px\" \/>\t\t\t\t\t\t\t\t\t\t\t\t\t\t\t<\/div>\n\t\t\t\t<\/div>\n\t\t\t\t<\/div>\n\t\t<div class=\"elementor-element elementor-element-671d33d e-con-full e-flex e-con e-child\" data-id=\"671d33d\" data-element_type=\"container\" data-e-type=\"container\">\n\t\t\t\t<div class=\"elementor-element elementor-element-77e763d elementor-widget elementor-widget-image\" data-id=\"77e763d\" data-element_type=\"widget\" data-e-type=\"widget\" data-widget_type=\"image.default\">\n\t\t\t\t<div class=\"elementor-widget-container\">\n\t\t\t\t\t\t\t\t\t\t\t\t\t\t\t<img decoding=\"async\" width=\"800\" height=\"457\" src=\"https:\/\/imariquique.cl\/inicio\/wp-content\/uploads\/2025\/08\/le1-1024x585.png\" class=\"attachment-large size-large wp-image-3382\" alt=\"\" srcset=\"https:\/\/imariquique.cl\/inicio\/wp-content\/uploads\/2025\/08\/le1-1024x585.png 1024w, https:\/\/imariquique.cl\/inicio\/wp-content\/uploads\/2025\/08\/le1-300x171.png 300w, https:\/\/imariquique.cl\/inicio\/wp-content\/uploads\/2025\/08\/le1-768x439.png 768w, https:\/\/imariquique.cl\/inicio\/wp-content\/uploads\/2025\/08\/le1.png 1400w\" sizes=\"(max-width: 800px) 100vw, 800px\" \/>\t\t\t\t\t\t\t\t\t\t\t\t\t\t\t<\/div>\n\t\t\t\t<\/div>\n\t\t\t\t<\/div>\n\t\t<div class=\"elementor-element elementor-element-a92a9a5 e-con-full e-flex e-con e-child\" data-id=\"a92a9a5\" data-element_type=\"container\" data-e-type=\"container\">\n\t\t\t\t<div class=\"elementor-element elementor-element-b8d7fdb elementor-widget elementor-widget-text-editor\" data-id=\"b8d7fdb\" data-element_type=\"widget\" data-e-type=\"widget\" data-widget_type=\"text-editor.default\">\n\t\t\t\t<div class=\"elementor-widget-container\">\n\t\t\t\t\t\t\t\t\t<p class=\"p1\" style=\"text-align: justify;\">La <b>Licencia Clase D para gr\u00faas horquillas<\/b> no solo responde a una alta demanda en el sector industrial, portuario y automotriz, sino que tambi\u00e9n <b>entrega a nuestros j\u00f3venes una certificaci\u00f3n de alto valor para su inserci\u00f3n en el mundo del trabajo<\/b>, mejorando su perfil profesional y otorg\u00e1ndoles ventajas competitivas en el mercado.<\/p><p class=\"p1\" style=\"text-align: justify;\">Con esta iniciativa, el Liceo Bicentenario Instituto del Mar reafirma su compromiso de <b>vincular la educaci\u00f3n t\u00e9cnica con las necesidades reales de la industria<\/b>, brindando a sus estudiantes <b>oportunidades que trascienden el aula y los preparan para un futuro laboral exitoso<\/b>.<\/p>\t\t\t\t\t\t\t\t<\/div>\n\t\t\t\t<\/div>\n\t\t\t\t<\/div>\n\t\t\t\t\t<\/div>\n\t\t\t\t<\/div>\n\t\t\t\t<\/div>\n\t\t","protected":false},"excerpt":{"rendered":"<p>Damos inicio al curso de Licencia Clase D en gr\u00faas horquillas. En una gesti\u00f3n que marca un nuevo avance en la formaci\u00f3n t\u00e9cnica de nuestros estudiantes, el Liceo Bicentenario Instituto del Mar ha puesto en marcha el hito inicial del curso de Licencia Clase D para gr\u00faas horquillas, destinado a los alumnos de 4\u00b0 a\u00f1o [&hellip;]<\/p>\n","protected":false},"author":3,"featured_media":0,"parent":0,"menu_order":0,"comment_status":"closed","ping_status":"closed","template":"","meta":{"footnotes":""},"class_list":["post-3379","page","type-page","status-publish","hentry"],"_links":{"self":[{"href":"https:\/\/imariquique.cl\/inicio\/wp-json\/wp\/v2\/pages\/3379","targetHints":{"allow":["GET"]}}],"collection":[{"href":"https:\/\/imariquique.cl\/inicio\/wp-json\/wp\/v2\/pages"}],"about":[{"href":"https:\/\/imariquique.cl\/inicio\/wp-json\/wp\/v2\/types\/page"}],"author":[{"embeddable":true,"href":"https:\/\/imariquique.cl\/inicio\/wp-json\/wp\/v2\/users\/3"}],"replies":[{"embeddable":true,"href":"https:\/\/imariquique.cl\/inicio\/wp-json\/wp\/v2\/comments?post=3379"}],"version-history":[{"count":8,"href":"https:\/\/imariquique.cl\/inicio\/wp-json\/wp\/v2\/pages\/3379\/revisions"}],"predecessor-version":[{"id":3393,"href":"https:\/\/imariquique.cl\/inicio\/wp-json\/wp\/v2\/pages\/3379\/revisions\/3393"}],"wp:attachment":[{"href":"https:\/\/imariquique.cl\/inicio\/wp-json\/wp\/v2\/media?parent=3379"}],"curies":[{"name":"wp","href":"https:\/\/api.w.org\/{rel}","templated":true}]}}