{"id":2868,"date":"2025-04-03T12:44:22","date_gmt":"2025-04-03T16:44:22","guid":{"rendered":"https:\/\/imariquique.cl\/inicio\/?page_id=2868"},"modified":"2025-04-03T12:49:24","modified_gmt":"2025-04-03T16:49:24","slug":"seremi-educacion","status":"publish","type":"page","link":"https:\/\/imariquique.cl\/inicio\/seremi-educacion\/","title":{"rendered":""},"content":{"rendered":"\t\t<div data-elementor-type=\"wp-page\" data-elementor-id=\"2868\" class=\"elementor elementor-2868\" data-elementor-post-type=\"page\">\n\t\t\t\t<div class=\"elementor-element elementor-element-a2fdd6a e-flex e-con-boxed e-con e-parent\" data-id=\"a2fdd6a\" data-element_type=\"container\" data-e-type=\"container\">\n\t\t\t\t\t<div class=\"e-con-inner\">\n\t\t\t\t<div class=\"elementor-element elementor-element-24eddde elementor-widget elementor-widget-image\" data-id=\"24eddde\" data-element_type=\"widget\" data-e-type=\"widget\" data-widget_type=\"image.default\">\n\t\t\t\t<div class=\"elementor-widget-container\">\n\t\t\t\t\t\t\t\t\t\t\t\t\t\t\t<img decoding=\"async\" src=\"https:\/\/imariquique.cl\/inicio\/wp-content\/uploads\/2025\/04\/bannerweb-2.jpg\" title=\"bannerweb 2\" alt=\"bannerweb 2\" loading=\"lazy\" \/>\t\t\t\t\t\t\t\t\t\t\t\t\t\t\t<\/div>\n\t\t\t\t<\/div>\n\t\t\t\t\t<\/div>\n\t\t\t\t<\/div>\n\t\t<div class=\"elementor-element elementor-element-ebbf5f7 e-flex e-con-boxed e-con e-parent\" data-id=\"ebbf5f7\" data-element_type=\"container\" data-e-type=\"container\">\n\t\t\t\t\t<div class=\"e-con-inner\">\n\t\t<div class=\"elementor-element elementor-element-cb7711e e-con-full e-flex e-con e-child\" data-id=\"cb7711e\" data-element_type=\"container\" data-e-type=\"container\">\n\t\t\t\t<div class=\"elementor-element elementor-element-055a1cb elementor-widget elementor-widget-text-editor\" data-id=\"055a1cb\" data-element_type=\"widget\" data-e-type=\"widget\" data-widget_type=\"text-editor.default\">\n\t\t\t\t<div class=\"elementor-widget-container\">\n\t\t\t\t\t\t\t\t\t<p class=\"p1\" style=\"text-align: justify;\"><b>Visita de la Seremi de Educaci\u00f3n de Tarapac\u00e1, Sra. Carolina Vargas Bruna, resalta el compromiso de nuestro Instituto con la educaci\u00f3n integral y el compa\u00f1erismo<\/b><\/p>\n<p class=\"p1\" style=\"text-align: justify;\">En una jornada de gran significado para nuestra comunidad educativa, recibimos la visita de la Seremi de Educaci\u00f3n de la Regi\u00f3n de Tarapac\u00e1, Sra. Carolina Vargas Bruna, quien, por primera vez, recorri\u00f3 nuestras instalaciones para conocer de cerca el trabajo que realizamos d\u00eda a d\u00eda en la formaci\u00f3n de nuestros estudiantes.<\/p>\n<p class=\"p1\" style=\"text-align: justify;\">Durante su visita, la Sra. Vargas Bruna tuvo la oportunidad de compartir un espacio de conversaci\u00f3n con los alumnos, donde pudo escuchar directamente sus inquietudes, opiniones y sugerencias. Esta interacci\u00f3n es fundamental para que las autoridades educacionales tengan una visi\u00f3n precisa sobre las necesidades y expectativas de los estudiantes, quienes son el centro de nuestro quehacer educativo.<\/p>\n<p class=\"p1\" style=\"text-align: justify;\">En su recorrido por el Instituto, la Seremi destac\u00f3 la infraestructura y el equipamiento del establecimiento, se\u00f1alando que se encuentra muy bien implementado<span class=\"Apple-converted-space\">\u00a0 <\/span>preparado para ofrecer a sus estudiantes un entorno adecuado para su aprendizaje, tanto en lo f\u00edsico como en lo acad\u00e9mico. La implementaci\u00f3n de espacios modernos y bien cuidados, junto con un equipo docente comprometido, habla del esfuerzo y la dedicaci\u00f3n que se pone en la educaci\u00f3n.<\/p>\n<p style=\"text-align: justify;\"><\/p>\t\t\t\t\t\t\t\t<\/div>\n\t\t\t\t<\/div>\n\t\t\t\t<\/div>\n\t\t<div class=\"elementor-element elementor-element-f2c87da e-con-full e-flex e-con e-child\" data-id=\"f2c87da\" data-element_type=\"container\" data-e-type=\"container\">\n\t\t\t\t<div class=\"elementor-element elementor-element-8b350c5 elementor-widget elementor-widget-image\" data-id=\"8b350c5\" data-element_type=\"widget\" data-e-type=\"widget\" data-widget_type=\"image.default\">\n\t\t\t\t<div class=\"elementor-widget-container\">\n\t\t\t\t\t\t\t\t\t\t\t\t\t\t\t<img fetchpriority=\"high\" decoding=\"async\" width=\"800\" height=\"1000\" src=\"https:\/\/imariquique.cl\/inicio\/wp-content\/uploads\/2025\/04\/IG2-2-819x1024.jpg\" class=\"attachment-large size-large wp-image-2870\" alt=\"\" srcset=\"https:\/\/imariquique.cl\/inicio\/wp-content\/uploads\/2025\/04\/IG2-2-819x1024.jpg 819w, https:\/\/imariquique.cl\/inicio\/wp-content\/uploads\/2025\/04\/IG2-2-240x300.jpg 240w, https:\/\/imariquique.cl\/inicio\/wp-content\/uploads\/2025\/04\/IG2-2-768x960.jpg 768w, https:\/\/imariquique.cl\/inicio\/wp-content\/uploads\/2025\/04\/IG2-2.jpg 1080w\" sizes=\"(max-width: 800px) 100vw, 800px\" \/>\t\t\t\t\t\t\t\t\t\t\t\t\t\t\t<\/div>\n\t\t\t\t<\/div>\n\t\t\t\t<\/div>\n\t\t\t\t\t<\/div>\n\t\t\t\t<\/div>\n\t\t<div class=\"elementor-element elementor-element-967e56e e-flex e-con-boxed e-con e-parent\" data-id=\"967e56e\" data-element_type=\"container\" data-e-type=\"container\">\n\t\t\t\t\t<div class=\"e-con-inner\">\n\t\t<div class=\"elementor-element elementor-element-e5121e0 e-con-full e-flex e-con e-child\" data-id=\"e5121e0\" data-element_type=\"container\" data-e-type=\"container\">\n\t\t\t\t<div class=\"elementor-element elementor-element-263a681 elementor-widget elementor-widget-image\" data-id=\"263a681\" data-element_type=\"widget\" data-e-type=\"widget\" data-widget_type=\"image.default\">\n\t\t\t\t<div class=\"elementor-widget-container\">\n\t\t\t\t\t\t\t\t\t\t\t\t\t\t\t<img decoding=\"async\" width=\"800\" height=\"1000\" src=\"https:\/\/imariquique.cl\/inicio\/wp-content\/uploads\/2025\/04\/IG1-2-819x1024.png\" class=\"attachment-large size-large wp-image-2871\" alt=\"\" srcset=\"https:\/\/imariquique.cl\/inicio\/wp-content\/uploads\/2025\/04\/IG1-2-819x1024.png 819w, https:\/\/imariquique.cl\/inicio\/wp-content\/uploads\/2025\/04\/IG1-2-240x300.png 240w, https:\/\/imariquique.cl\/inicio\/wp-content\/uploads\/2025\/04\/IG1-2-768x960.png 768w, https:\/\/imariquique.cl\/inicio\/wp-content\/uploads\/2025\/04\/IG1-2.png 1080w\" sizes=\"(max-width: 800px) 100vw, 800px\" \/>\t\t\t\t\t\t\t\t\t\t\t\t\t\t\t<\/div>\n\t\t\t\t<\/div>\n\t\t\t\t<\/div>\n\t\t<div class=\"elementor-element elementor-element-1dd65cd e-con-full e-flex e-con e-child\" data-id=\"1dd65cd\" data-element_type=\"container\" data-e-type=\"container\">\n\t\t\t\t<div class=\"elementor-element elementor-element-f5e612a elementor-widget elementor-widget-text-editor\" data-id=\"f5e612a\" data-element_type=\"widget\" data-e-type=\"widget\" data-widget_type=\"text-editor.default\">\n\t\t\t\t<div class=\"elementor-widget-container\">\n\t\t\t\t\t\t\t\t\t<p class=\"p1\" style=\"text-align: justify;\">Adem\u00e1s, la Sra. Vargas Bruna destac\u00f3 la calidad humana que se refleja en la convivencia escolar, subrayando la importancia de promover un ambiente de respeto y compa\u00f1erismo entre los estudiantes, ya que observ\u00f3 que aqu\u00ed es un colegio que no solo potencia la ense\u00f1anza acad\u00e9mica, sino que tambi\u00e9n promueve los valores fundamentales del respeto mutuo, el trabajo en equipo y el compa\u00f1erismo. Este tipo de entornos son esenciales para el desarrollo integral de los estudiantes, se\u00f1al\u00f3.<\/p>\n<p class=\"p1\" style=\"text-align: justify;\">Esta visita, m\u00e1s all\u00e1 de ser una instancia de reconocimiento, tambi\u00e9n representa una valiosa oportunidad para conocer la opini\u00f3n de las autoridades educativas sobre el estado actual de nuestro Instituto y as\u00ed identificar posibles \u00e1reas de mejora. Las observaciones y sugerencias que la Sra. Vargas Bruna comparti\u00f3 con el equipo directivo ser\u00e1n tomadas en cuenta para seguir perfeccionando todos los aspectos dentro de la comunidad educativa, con el fin de seguir elevando los est\u00e1ndares de calidad en todos los \u00e1mbitos.<\/p>\n<p class=\"p1\" style=\"text-align: justify;\">\u201cEstas visitas nos permiten recibir una retroalimentaci\u00f3n constructiva y objetiva. Poder contar con la mirada experta de la Seremi es fundamental para identificar puntos de mejora, ya sea en la infraestructura, los procesos pedag\u00f3gicos o la convivencia escolar. Estamos comprometidos con seguir ofreciendo una educaci\u00f3n de calidad y este tipo de evaluaciones externas nos permiten avanzar en esa direcci\u00f3n\u201d, asegur\u00f3 la directora del Instituto.<\/p>\t\t\t\t\t\t\t\t<\/div>\n\t\t\t\t<\/div>\n\t\t\t\t<\/div>\n\t\t\t\t\t<\/div>\n\t\t\t\t<\/div>\n\t\t<div class=\"elementor-element elementor-element-17fb521 e-grid e-con-boxed e-con e-parent\" data-id=\"17fb521\" data-element_type=\"container\" data-e-type=\"container\">\n\t\t\t\t\t<div class=\"e-con-inner\">\n\t\t\t\t<div class=\"elementor-element elementor-element-2c35aa9 elementor-widget elementor-widget-image\" data-id=\"2c35aa9\" data-element_type=\"widget\" data-e-type=\"widget\" data-widget_type=\"image.default\">\n\t\t\t\t<div class=\"elementor-widget-container\">\n\t\t\t\t\t\t\t\t\t\t\t\t\t\t\t<img decoding=\"async\" width=\"800\" height=\"450\" src=\"https:\/\/imariquique.cl\/inicio\/wp-content\/uploads\/2025\/04\/imar1-1024x576.png\" class=\"attachment-large size-large wp-image-2872\" alt=\"\" srcset=\"https:\/\/imariquique.cl\/inicio\/wp-content\/uploads\/2025\/04\/imar1-1024x576.png 1024w, https:\/\/imariquique.cl\/inicio\/wp-content\/uploads\/2025\/04\/imar1-300x169.png 300w, https:\/\/imariquique.cl\/inicio\/wp-content\/uploads\/2025\/04\/imar1-768x432.png 768w, https:\/\/imariquique.cl\/inicio\/wp-content\/uploads\/2025\/04\/imar1-1536x864.png 1536w, https:\/\/imariquique.cl\/inicio\/wp-content\/uploads\/2025\/04\/imar1.png 1920w\" sizes=\"(max-width: 800px) 100vw, 800px\" \/>\t\t\t\t\t\t\t\t\t\t\t\t\t\t\t<\/div>\n\t\t\t\t<\/div>\n\t\t\t\t<div class=\"elementor-element elementor-element-a7df18a elementor-widget elementor-widget-image\" data-id=\"a7df18a\" data-element_type=\"widget\" data-e-type=\"widget\" data-widget_type=\"image.default\">\n\t\t\t\t<div class=\"elementor-widget-container\">\n\t\t\t\t\t\t\t\t\t\t\t\t\t\t\t<img loading=\"lazy\" decoding=\"async\" width=\"800\" height=\"450\" src=\"https:\/\/imariquique.cl\/inicio\/wp-content\/uploads\/2025\/04\/W2-2-1024x576.jpg\" class=\"attachment-large size-large wp-image-2873\" alt=\"\" srcset=\"https:\/\/imariquique.cl\/inicio\/wp-content\/uploads\/2025\/04\/W2-2-1024x576.jpg 1024w, https:\/\/imariquique.cl\/inicio\/wp-content\/uploads\/2025\/04\/W2-2-300x169.jpg 300w, https:\/\/imariquique.cl\/inicio\/wp-content\/uploads\/2025\/04\/W2-2-768x432.jpg 768w, https:\/\/imariquique.cl\/inicio\/wp-content\/uploads\/2025\/04\/W2-2-1536x864.jpg 1536w, https:\/\/imariquique.cl\/inicio\/wp-content\/uploads\/2025\/04\/W2-2.jpg 1920w\" sizes=\"(max-width: 800px) 100vw, 800px\" \/>\t\t\t\t\t\t\t\t\t\t\t\t\t\t\t<\/div>\n\t\t\t\t<\/div>\n\t\t\t\t<div class=\"elementor-element elementor-element-67c6383 elementor-widget elementor-widget-image\" data-id=\"67c6383\" data-element_type=\"widget\" data-e-type=\"widget\" data-widget_type=\"image.default\">\n\t\t\t\t<div class=\"elementor-widget-container\">\n\t\t\t\t\t\t\t\t\t\t\t\t\t\t\t<img loading=\"lazy\" decoding=\"async\" width=\"800\" height=\"450\" src=\"https:\/\/imariquique.cl\/inicio\/wp-content\/uploads\/2025\/04\/W1-2-1024x576.jpg\" class=\"attachment-large size-large wp-image-2874\" alt=\"\" srcset=\"https:\/\/imariquique.cl\/inicio\/wp-content\/uploads\/2025\/04\/W1-2-1024x576.jpg 1024w, https:\/\/imariquique.cl\/inicio\/wp-content\/uploads\/2025\/04\/W1-2-300x169.jpg 300w, https:\/\/imariquique.cl\/inicio\/wp-content\/uploads\/2025\/04\/W1-2-768x432.jpg 768w, https:\/\/imariquique.cl\/inicio\/wp-content\/uploads\/2025\/04\/W1-2-1536x864.jpg 1536w, https:\/\/imariquique.cl\/inicio\/wp-content\/uploads\/2025\/04\/W1-2.jpg 1920w\" sizes=\"(max-width: 800px) 100vw, 800px\" \/>\t\t\t\t\t\t\t\t\t\t\t\t\t\t\t<\/div>\n\t\t\t\t<\/div>\n\t\t\t\t\t<\/div>\n\t\t\t\t<\/div>\n\t\t<div class=\"elementor-element elementor-element-bb925c0 e-flex e-con-boxed e-con e-parent\" data-id=\"bb925c0\" data-element_type=\"container\" data-e-type=\"container\">\n\t\t\t\t\t<div class=\"e-con-inner\">\n\t\t\t\t<div class=\"elementor-element elementor-element-e05b485 elementor-widget elementor-widget-text-editor\" data-id=\"e05b485\" data-element_type=\"widget\" data-e-type=\"widget\" data-widget_type=\"text-editor.default\">\n\t\t\t\t<div class=\"elementor-widget-container\">\n\t\t\t\t\t\t\t\t\t<p class=\"p1\" style=\"text-align: justify;\">Por su parte, los estudiantes expresaron su satisfacci\u00f3n por la visita, ya que tuvieron la oportunidad de compartir sus pensamientos directamente con una autoridad que juega un rol clave en la educaci\u00f3n regional. Esta interacci\u00f3n no solo fomenta un v\u00ednculo m\u00e1s cercano con las autoridades, sino que tambi\u00e9n fortalece la confianza y el sentido de pertenencia a la instituci\u00f3n.<\/p>\n<p class=\"p1\" style=\"text-align: justify;\">En resumen, la visita de la Seremi Carolina Vargas Bruna al Instituto ha sido una instancia enriquecedora que permite reafirmar nuestro compromiso con la excelencia educativa, el respeto y el compa\u00f1erismo, a la vez que nos brinda herramientas para continuar mejorando y adapt\u00e1ndonos a las necesidades de nuestros estudiantes. Con el apoyo de las autoridades, seguimos trabajando para ofrecer un entorno de aprendizaje \u00f3ptimo para todos.<\/p>\t\t\t\t\t\t\t\t<\/div>\n\t\t\t\t<\/div>\n\t\t\t\t\t<\/div>\n\t\t\t\t<\/div>\n\t\t<div class=\"elementor-element elementor-element-0731dd3 e-flex e-con-boxed e-con e-parent\" data-id=\"0731dd3\" data-element_type=\"container\" data-e-type=\"container\">\n\t\t\t\t\t<div class=\"e-con-inner\">\n\t\t<div class=\"elementor-element elementor-element-996cc24 e-con-full e-flex e-con e-child\" data-id=\"996cc24\" data-element_type=\"container\" data-e-type=\"container\">\n\t\t\t\t<div class=\"elementor-element elementor-element-4b60d59 elementor-widget elementor-widget-image\" data-id=\"4b60d59\" data-element_type=\"widget\" data-e-type=\"widget\" data-widget_type=\"image.default\">\n\t\t\t\t<div class=\"elementor-widget-container\">\n\t\t\t\t\t\t\t\t\t\t\t\t\t\t\t<img loading=\"lazy\" decoding=\"async\" width=\"800\" height=\"450\" src=\"https:\/\/imariquique.cl\/inicio\/wp-content\/uploads\/2025\/04\/w11-2-1024x576.jpg\" class=\"attachment-large size-large wp-image-2881\" alt=\"\" srcset=\"https:\/\/imariquique.cl\/inicio\/wp-content\/uploads\/2025\/04\/w11-2-1024x576.jpg 1024w, https:\/\/imariquique.cl\/inicio\/wp-content\/uploads\/2025\/04\/w11-2-300x169.jpg 300w, https:\/\/imariquique.cl\/inicio\/wp-content\/uploads\/2025\/04\/w11-2-768x432.jpg 768w, https:\/\/imariquique.cl\/inicio\/wp-content\/uploads\/2025\/04\/w11-2-1536x864.jpg 1536w, https:\/\/imariquique.cl\/inicio\/wp-content\/uploads\/2025\/04\/w11-2.jpg 1920w\" sizes=\"(max-width: 800px) 100vw, 800px\" \/>\t\t\t\t\t\t\t\t\t\t\t\t\t\t\t<\/div>\n\t\t\t\t<\/div>\n\t\t\t\t<\/div>\n\t\t<div class=\"elementor-element elementor-element-620db1f e-con-full e-flex e-con e-child\" data-id=\"620db1f\" data-element_type=\"container\" data-e-type=\"container\">\n\t\t\t\t<div class=\"elementor-element elementor-element-5b54989 elementor-widget elementor-widget-image\" data-id=\"5b54989\" data-element_type=\"widget\" data-e-type=\"widget\" data-widget_type=\"image.default\">\n\t\t\t\t<div class=\"elementor-widget-container\">\n\t\t\t\t\t\t\t\t\t\t\t\t\t\t\t<img loading=\"lazy\" decoding=\"async\" width=\"800\" height=\"450\" src=\"https:\/\/imariquique.cl\/inicio\/wp-content\/uploads\/2025\/04\/imar4-1024x576.png\" class=\"attachment-large size-large wp-image-2882\" alt=\"\" srcset=\"https:\/\/imariquique.cl\/inicio\/wp-content\/uploads\/2025\/04\/imar4-1024x576.png 1024w, https:\/\/imariquique.cl\/inicio\/wp-content\/uploads\/2025\/04\/imar4-300x169.png 300w, https:\/\/imariquique.cl\/inicio\/wp-content\/uploads\/2025\/04\/imar4-768x432.png 768w, https:\/\/imariquique.cl\/inicio\/wp-content\/uploads\/2025\/04\/imar4-1536x864.png 1536w, https:\/\/imariquique.cl\/inicio\/wp-content\/uploads\/2025\/04\/imar4.png 1920w\" sizes=\"(max-width: 800px) 100vw, 800px\" \/>\t\t\t\t\t\t\t\t\t\t\t\t\t\t\t<\/div>\n\t\t\t\t<\/div>\n\t\t\t\t<\/div>\n\t\t<div class=\"elementor-element elementor-element-ee42a62 e-con-full e-flex e-con e-child\" data-id=\"ee42a62\" data-element_type=\"container\" data-e-type=\"container\">\n\t\t\t\t<\/div>\n\t\t<div class=\"elementor-element elementor-element-0d063f0 e-con-full e-flex e-con e-child\" data-id=\"0d063f0\" data-element_type=\"container\" data-e-type=\"container\">\n\t\t\t\t<\/div>\n\t\t\t\t\t<\/div>\n\t\t\t\t<\/div>\n\t\t\t\t<\/div>\n\t\t","protected":false},"excerpt":{"rendered":"<p>Visita de la Seremi de Educaci\u00f3n de Tarapac\u00e1, Sra. Carolina Vargas Bruna, resalta el compromiso de nuestro Instituto con la educaci\u00f3n integral y el compa\u00f1erismo En una jornada de gran significado para nuestra comunidad educativa, recibimos la visita de la Seremi de Educaci\u00f3n de la Regi\u00f3n de Tarapac\u00e1, Sra. Carolina Vargas Bruna, quien, por primera [&hellip;]<\/p>\n","protected":false},"author":3,"featured_media":0,"parent":0,"menu_order":0,"comment_status":"closed","ping_status":"closed","template":"","meta":{"footnotes":""},"class_list":["post-2868","page","type-page","status-publish","hentry"],"_links":{"self":[{"href":"https:\/\/imariquique.cl\/inicio\/wp-json\/wp\/v2\/pages\/2868","targetHints":{"allow":["GET"]}}],"collection":[{"href":"https:\/\/imariquique.cl\/inicio\/wp-json\/wp\/v2\/pages"}],"about":[{"href":"https:\/\/imariquique.cl\/inicio\/wp-json\/wp\/v2\/types\/page"}],"author":[{"embeddable":true,"href":"https:\/\/imariquique.cl\/inicio\/wp-json\/wp\/v2\/users\/3"}],"replies":[{"embeddable":true,"href":"https:\/\/imariquique.cl\/inicio\/wp-json\/wp\/v2\/comments?post=2868"}],"version-history":[{"count":5,"href":"https:\/\/imariquique.cl\/inicio\/wp-json\/wp\/v2\/pages\/2868\/revisions"}],"predecessor-version":[{"id":2886,"href":"https:\/\/imariquique.cl\/inicio\/wp-json\/wp\/v2\/pages\/2868\/revisions\/2886"}],"wp:attachment":[{"href":"https:\/\/imariquique.cl\/inicio\/wp-json\/wp\/v2\/media?parent=2868"}],"curies":[{"name":"wp","href":"https:\/\/api.w.org\/{rel}","templated":true}]}}